{"id":4893,"date":"2021-04-12T23:01:50","date_gmt":"2021-04-12T22:01:50","guid":{"rendered":"https:\/\/darkgray-okapi-906744.hostingersite.com\/?page_id=4893"},"modified":"2021-04-13T19:54:14","modified_gmt":"2021-04-13T18:54:14","slug":"politica-de-privacidade","status":"publish","type":"page","link":"https:\/\/mundodacachaca.pt\/de\/politica-de-privacidade\/","title":{"rendered":"Datenschutz-Bestimmungen"},"content":{"rendered":"<div data-elementor-type=\"wp-page\" data-elementor-id=\"4893\" class=\"elementor elementor-4893\" data-elementor-post-type=\"page\">\n\t\t\t\t\t\t<section class=\"elementor-section elementor-top-section elementor-element elementor-element-6baa093 elementor-section-boxed elementor-section-height-default elementor-section-height-default\" data-id=\"6baa093\" data-element_type=\"section\" data-e-type=\"section\">\n\t\t\t\t\t\t<div class=\"elementor-container elementor-column-gap-default\">\n\t\t\t\t\t<div class=\"elementor-column elementor-col-100 elementor-top-column elementor-element elementor-element-6ec5ce5\" data-id=\"6ec5ce5\" data-element_type=\"column\" data-e-type=\"column\">\n\t\t\t<div class=\"elementor-column-wrap--6ec5ce5 elementor-widget-wrap elementor-element-populated\">\n\t\t\t\t\t\t<div class=\"elementor-element elementor-element-a22edf1 elementor-widget elementor-widget-heading\" data-id=\"a22edf1\" data-element_type=\"widget\" data-e-type=\"widget\" data-widget_type=\"heading.default\">\n\t\t\t\t<div class=\"elementor-widget-container\">\n\t\t\t\t\t<h2 class=\"elementor-heading-title elementor-size-default\">Datenschutz-Bestimmungen<\/h2>\t\t\t\t<\/div>\n\t\t\t\t<\/div>\n\t\t\t\t<div class=\"elementor-element elementor-element-23f44ac elementor-widget elementor-widget-text-editor\" data-id=\"23f44ac\" data-element_type=\"widget\" data-e-type=\"widget\" data-widget_type=\"text-editor.default\">\n\t\t\t\t<div class=\"elementor-widget-container\">\n\t\t\t\t\t\t\t\t\t<p class=\"p3\"><b>Datenschutzhinweis<\/b><\/p><p class=\"p4\">Die Webseite <strong>Welt von Cacha\u00e7a<\/strong> sammelt nicht automatisch personenbezogene Daten von nicht registrierten Benutzern, sodass Besucher anonym surfen k\u00f6nnen.<\/p><p class=\"p5\">Bitte lesen Sie dies <em><span style=\"text-decoration: underline;\">Datenschutz-Bestimmungen<\/span><\/em> mit Aufmerksamkeit, denn wenn Sie auf unsere Website zugreifen, setzt die Bereitstellung Ihrer personenbezogenen Daten die Kenntnis und Akzeptanz der hierin enthaltenen Bedingungen voraus. es ist <span style=\"text-decoration: underline;\"><em>Datenschutz-Bestimmungen<\/em><\/span> gilt ausschlie\u00dflich f\u00fcr die Erhebung und Verarbeitung personenbezogener Daten durch <strong>Welt von Cacha\u00e7a<\/strong>. Alle Links zu Websites au\u00dferhalb der <strong>Welt von Cacha\u00e7a<\/strong> fallen nicht unter diese Datenschutzerkl\u00e4rung.<\/p><p class=\"p5\">Geschenk <em><span style=\"text-decoration: underline;\">Datenschutz-Bestimmungen<\/span><\/em> regelt die m\u00f6gliche Erhebung und Verarbeitung, einschlie\u00dflich der Einwilligung, in Bezug auf personenbezogene Daten, die von Benutzern \u00fcberall auf der Website gesammelt oder bereitgestellt werden <strong>Welt von Cacha\u00e7a<\/strong>, sowie die Aus\u00fcbung ihrer Rechte in Bezug auf diese Daten gem\u00e4\u00df der Datenschutz-Grundverordnung (Verordnung 2016\/679 des Europ\u00e4ischen Parlaments und des Rates vom 27. April 2016).<\/p><p class=\"p6\"><b>pers\u00f6nliche Daten<\/b><\/p><p class=\"p5\">Alle Informationen jeglicher Art und unabh\u00e4ngig von ihrer Unterst\u00fctzung, einschlie\u00dflich Ton und Bild, die sich auf eine identifizierte oder identifizierbare nat\u00fcrliche Person beziehen.<\/p><p class=\"p5\">Als identifizierbar gilt eine Person, die direkt oder indirekt identifiziert werden kann, n\u00e4mlich durch Bezugnahme auf eine Identifikationsnummer oder auf ein oder mehrere spezifische Elemente ihrer physischen, physiologischen, psychischen, wirtschaftlichen, kulturellen oder sozialen Identit\u00e4t.<\/p><p class=\"p5\">Wir erheben grunds\u00e4tzlich keine sensiblen Daten. Soweit aufgrund einer gesetzlichen Verpflichtung oder freiwillig und auf Initiative des Nutzers sensible Daten zur Verf\u00fcgung gestellt werden, gehen wir von Ihrer ausdr\u00fccklichen, kostenlosen und eindeutigen Einwilligung aus, diese Daten zu den Zwecken zu verarbeiten, f\u00fcr die sie bereitgestellt wurden.<\/p><p class=\"p6\"><b>Verantwortlicher f\u00fcr die Datenverarbeitung<\/b><\/p><p class=\"p5\">Verantwortlicher f\u00fcr die Erhebung und Verarbeitung personenbezogener Daten ist die <strong>Welt von Cacha\u00e7a<\/strong>, wer den Dienst erbringt und wer im Zusammenhang dar\u00fcber entscheidet, welche Daten erhoben, wie die Daten verarbeitet und zu welchen Zwecken sie verwendet werden.<\/p><p class=\"p6\"><b>Art der erhobenen personenbezogenen Daten<\/b><\/p><p class=\"p5\">DAS <strong>Welt von Cacha\u00e7a<\/strong>, im Rahmen seiner T\u00e4tigkeit, erhebt und verarbeitet die personenbezogenen Daten, die f\u00fcr die Bearbeitung von Bestellungen und die Kommunikation mit Kunden, die Bearbeitung von Informationsanfragen und etwaigen Beschwerden, die statistische Analyse sowie deren Verwendung f\u00fcr Direktmarketingzwecke erforderlich sind. , in diesem Umfang mit Daten umgehen wie: Name, Adressen, Land, Telefonnummer, Steuernummer, E-Mail-Adresse, Geburtsdatum und pers\u00f6nliche Interessen an alkoholischen Getr\u00e4nken.<\/p><p class=\"p5\">Die erhobenen personenbezogenen Daten werden computergest\u00fctzt und unter strikter Einhaltung der Rechtsvorschriften zum Schutz personenbezogener Daten verarbeitet, in einer speziellen Datenbank gespeichert, die zu diesem Zweck erstellt wurde und deren Sicherheit und Vertraulichkeit gem\u00e4\u00df den informationstechnologischen und technischen Ma\u00dfnahmen und organisatorischen akzeptierten gew\u00e4hrleistet ist , um vor Verlust, Ver\u00e4nderung, Zerst\u00f6rung, Missbrauch im Allgemeinen zu sch\u00fctzen oder die erhobenen Daten f\u00fcr einen anderen Zweck als den der betroffenen Person verwendet werden zu verwenden.<\/p><p class=\"p5\">Wenn Sie den Newsletter abonnieren m\u00f6chten oder um weitere Informationen gebeten werden, wird Ihnen ein Formular zur Erhebung personenbezogener Daten angezeigt.<\/p><p class=\"p5\">Wenn Sie eines der zur Verf\u00fcgung stehenden Formulare zu den oben beschriebenen Zwecken ausf\u00fcllen, gehen wir davon aus, dass Sie der Aktivierung und anschlie\u00dfenden Verwendung bewusst, ausdr\u00fccklich und eindeutig zugestimmt haben.<\/p><p class=\"p6\"><b>Zweck der Verarbeitung personenbezogener Daten<\/b><\/p><p class=\"p5\">Der Zweck der Verarbeitung personenbezogener Daten besteht darin, Bestellungen zu verwalten und zu bearbeiten, mit Kunden zu kommunizieren, Informationsanfragen und etwaige Beschwerden zu bearbeiten.<\/p><p class=\"p5\">In regelm\u00e4\u00dfigen Abst\u00e4nden wird die <strong>Welt von Cacha\u00e7a<\/strong> kann die bereitgestellten Kontaktinformationen verwenden, um Informationen bereitzustellen, die sie f\u00fcr relevant h\u00e4lt, und die betroffene Person ist immer berechtigt, diese Art von Informationen nicht zu erhalten.<\/p><p class=\"p5\">Im Rahmen der Erhebung der Daten erhalten Sie ggf. n\u00e4here Informationen \u00fcber die Verwendung Ihrer Daten durch uns.<\/p><p class=\"p5\">Die Daten werden auch ausschlie\u00dflich f\u00fcr die Marketingaktivit\u00e4ten der <strong>Welt von Cacha\u00e7a<\/strong>, zum Zweck der Zusammenstellung von aggregierten Statistiken, Metriken und allgemeinen Trendelementen zur Verbesserung und Optimierung von Werbekampagnen und f\u00fcr andere Marketing-, Werbe- und Analysezwecke.<\/p><p class=\"p6\"><b>Haltbarkeit<\/b><\/p><p class=\"p5\">Die Dauer der Datenspeicherung und -speicherung richtet sich nach dem Zweck, f\u00fcr den die Daten verarbeitet werden, und in \u00dcbereinstimmung mit den geltenden gesetzlichen Verpflichtungen und Anforderungen, die eine Aufbewahrung der Daten f\u00fcr eine Mindestdauer erforderlich machen.<\/p><p class=\"p5\">Daher werden die Daten, sofern keine besondere gesetzliche Verpflichtung besteht, gespeichert und nur so lange aufbewahrt, wie es f\u00fcr die Zwecke erforderlich ist, die ihre Erhebung oder Weiterverarbeitung motiviert haben, und werden danach gel\u00f6scht.<\/p><p class=\"p7\">Wir erinnern Sie ausdr\u00fccklich daran, dass Sie jederzeit die L\u00f6schung aller Ihrer personenbezogenen Daten aus unseren Datenbanken verlangen k\u00f6nnen.<span class=\"Apple-converted-space\">\u00a0<\/span><\/p><p class=\"p6\"><b>Zugriff, Aktualisierung, Berichtigung, Widerspruch, Einschr\u00e4nkung, Entfernung und \u00dcbertragbarkeit personenbezogener Daten<\/b><\/p><p class=\"p5\">Jeder Antrag auf Zugang, Aktualisierung, Berichtigung, Widerspruch, Einschr\u00e4nkung, Entfernung, \u00dcbertragbarkeit oder Nichteinreichung personenbezogener Daten in automatisierte Einzelentscheidungen, die Sie wahrscheinlich identifizieren, k\u00f6nnen durch direkten Kontakt mit dem <strong>Welt von Cacha\u00e7a<\/strong>.<\/p><p class=\"p6\"><b>Widerspruch gegen den Erhalt von Kontakten zu Marketingzwecken<\/b><\/p><p class=\"p5\">DAS <strong>Welt von Cacha\u00e7a<\/strong> kann Verbreitungsma\u00dfnahmen bei seinen Kunden f\u00f6rdern, es sei denn, die betroffene Person hat dem bei der Erhebung der Daten widersprochen.<\/p><p class=\"p5\">Wenn Sie diese Mitteilung nicht erhalten m\u00f6chten, k\u00f6nnen Sie jederzeit der Verwendung Ihrer Daten zu Marketingzwecken und zur Zusendung von Informationsmitteilungen widersprechen und hierzu eine schriftliche Anfrage an Mundo da Cacha\u00e7a senden.<\/p><p class=\"p6\"><b>Weitergabe von Daten an andere Stellen (Dritte und Subunternehmer)<\/b><\/p><p class=\"p5\">In der Regel ist die <strong>Welt von Cacha\u00e7a<\/strong> gibt die personenbezogenen Daten der Nutzer nicht an Dritte weiter, mit denen kein Vertragsverh\u00e4ltnis eingegangen ist, das eine vertrauliche Behandlung dieser Daten gem\u00e4\u00df der Datenschutzerkl\u00e4rung von vorsieht <strong>Welt von Cacha\u00e7a<\/strong>.<\/p><p class=\"p5\">DAS <strong>Welt von Cacha\u00e7a<\/strong> d\u00fcrfen Ihre personenbezogenen Daten an Dritte weitergeben, sofern Sie hierzu eine unmissverst\u00e4ndliche Einwilligung der betroffenen Personen eingeholt haben oder wenn: a) die \u00dcbermittlung im Rahmen der Erf\u00fcllung einer gesetzlichen Verpflichtung erfolgt, einer Beschlussfassung des nationalen Datenschutzkommission oder einer gerichtlichen Anordnung oder b) die Kommunikation erfolgt zum Schutz der lebenswichtigen Interessen der betroffenen Personen oder zu anderen gesetzlich vorgesehenen legitimen Zwecken.<\/p><p class=\"p5\">DAS <strong>Welt von Cacha\u00e7a<\/strong> trifft die geeigneten Ma\u00dfnahmen, um sicherzustellen, dass die Stellen, die Zugang zu den Daten haben, seri\u00f6s sind und die h\u00f6chsten Garantien auf dieser Ebene bieten, die in einem zwischen den <strong>Welt von Cacha\u00e7a<\/strong> und die Drittpartei(en).<\/p><p class=\"p5\">Somit kann jedes Unternehmen, das von der <strong>Welt von Cacha\u00e7a<\/strong> verarbeitet die erhobenen und verarbeiteten personenbezogenen Daten im Namen und Auftrag der <strong>Welt von Cacha\u00e7a<\/strong> in der Verpflichtung, die erforderlichen technischen und organisatorischen Ma\u00dfnahmen zu treffen, um personenbezogene Daten gegen zuf\u00e4llige oder rechtswidrige Zerst\u00f6rung, zuf\u00e4lligen Verlust, Ver\u00e4nderung, Verbreitung oder unbefugten Zugriff sowie gegen jede andere Form der rechtswidrigen Verarbeitung zu sch\u00fctzen.<\/p><p class=\"p5\">In jedem Fall ist die <strong>Welt von Cacha\u00e7a<\/strong> bleibt f\u00fcr die erhobenen personenbezogenen Daten verantwortlich.<\/p><p class=\"p6\"><b>\u00c4nderungen der Datenschutzrichtlinie<\/b><\/p><p class=\"p5\">DAS<span class=\"Apple-converted-space\">\u00a0 <\/span><strong>Welt von Cacha\u00e7a<\/strong> beh\u00e4lt sich das Recht vor, jederzeit und ohne vorherige Ank\u00fcndigung und mit sofortiger Wirkung, jedoch unbeschadet der den betroffenen Personen einger\u00e4umten gesetzlichen Rechte, dies ganz oder teilweise zu \u00e4ndern, hinzuzuf\u00fcgen oder zu widerrufen <span style=\"text-decoration: underline;\">Datenschutz-Bestimmungen<\/span>.<\/p><p class=\"p5\">Alle \u00c4nderungen werden sofort auf dieser Website bekannt gegeben, daher empfehlen wir Ihnen, diese Seite regelm\u00e4\u00dfig zu besuchen, um auf die neueste Version aktualisiert zu werden.<\/p><p class=\"p5\">Wenn Sie Fragen oder Bedenken zur Vorgehensweise haben <strong>Welt von Cacha\u00e7a<\/strong> mit der Verarbeitung Ihrer personenbezogenen Daten fortf\u00e4hrt, senden Sie uns bitte Ihre Kl\u00e4rungsanfrage per E-Mail<span class=\"Apple-converted-space\">\u00a0 <\/span>oder an die Adresse von <strong>Welt von Cacha\u00e7a<\/strong>.<\/p><p class=\"p5\">Gem\u00e4\u00df den geltenden rechtlichen Bestimmungen ist jegliches Kopieren, Reproduzieren, Verbreiten, Modifizieren, Ver\u00f6ffentlichen oder jede kommerzielle oder nicht-kommerzielle Nutzung von Inhalten dieser Website ohne vorherige schriftliche Genehmigung von <strong>Welt von Cacha\u00e7a<\/strong>, unter Androhung der Einleitung der zust\u00e4ndigen rechtlichen Schritte.<\/p>\t\t\t\t\t\t\t\t<\/div>\n\t\t\t\t<\/div>\n\t\t\t\t\t<\/div>\n\t\t<\/div>\n\t\t\t\t\t<\/div>\n\t\t<\/section>\n\t\t\t\t<\/div>","protected":false},"excerpt":{"rendered":"<p>Pol\u00edtica de Privacidade Nota de Privacidade e Prote\u00e7\u00e3o de Dados O site Mundo da Cacha\u00e7a n\u00e3o recolhe automaticamente qualquer tipo de informa\u00e7\u00e3o pessoal dos utilizadores que n\u00e3o se encontrem registados, permitindo assim que os visitantes naveguem anonimamente. Leia, por favor, esta Pol\u00edtica de Privacidade com aten\u00e7\u00e3o pois, se est\u00e1 a aceder ao nosso website, a [&hellip;]<\/p>","protected":false},"author":1,"featured_media":0,"parent":0,"menu_order":0,"comment_status":"closed","ping_status":"closed","template":"elementor_header_footer","meta":{"_acf_changed":false,"_monsterinsights_skip_tracking":false,"_monsterinsights_sitenote_active":false,"_monsterinsights_sitenote_note":"","_monsterinsights_sitenote_category":0,"_joinchat":[],"footnotes":""},"class_list":["post-4893","page","type-page","status-publish","hentry"],"aioseo_notices":[],"acf":[],"_links":{"self":[{"href":"https:\/\/mundodacachaca.pt\/de\/wp-json\/wp\/v2\/pages\/4893","targetHints":{"allow":["GET"]}}],"collection":[{"href":"https:\/\/mundodacachaca.pt\/de\/wp-json\/wp\/v2\/pages"}],"about":[{"href":"https:\/\/mundodacachaca.pt\/de\/wp-json\/wp\/v2\/types\/page"}],"author":[{"embeddable":true,"href":"https:\/\/mundodacachaca.pt\/de\/wp-json\/wp\/v2\/users\/1"}],"replies":[{"embeddable":true,"href":"https:\/\/mundodacachaca.pt\/de\/wp-json\/wp\/v2\/comments?post=4893"}],"version-history":[{"count":1,"href":"https:\/\/mundodacachaca.pt\/de\/wp-json\/wp\/v2\/pages\/4893\/revisions"}],"predecessor-version":[{"id":7894,"href":"https:\/\/mundodacachaca.pt\/de\/wp-json\/wp\/v2\/pages\/4893\/revisions\/7894"}],"wp:attachment":[{"href":"https:\/\/mundodacachaca.pt\/de\/wp-json\/wp\/v2\/media?parent=4893"}],"curies":[{"name":"wp","href":"https:\/\/api.w.org\/{rel}","templated":true}]}}