{"id":4966,"date":"2021-04-12T23:19:18","date_gmt":"2021-04-12T22:19:18","guid":{"rendered":"https:\/\/darkgray-okapi-906744.hostingersite.com\/?page_id=4966"},"modified":"2021-04-12T23:22:39","modified_gmt":"2021-04-12T22:22:39","slug":"faq","status":"publish","type":"page","link":"https:\/\/mundodacachaca.pt\/de\/faq\/","title":{"rendered":"Faq&#8217;s"},"content":{"rendered":"<div data-elementor-type=\"wp-page\" data-elementor-id=\"4966\" class=\"elementor elementor-4966\" data-elementor-post-type=\"page\">\n\t\t\t\t\t\t<section class=\"elementor-section elementor-top-section elementor-element elementor-element-81b7e3f elementor-section-boxed elementor-section-height-default elementor-section-height-default\" data-id=\"81b7e3f\" data-element_type=\"section\" data-e-type=\"section\">\n\t\t\t\t\t\t<div class=\"elementor-container elementor-column-gap-default\">\n\t\t\t\t\t<div class=\"elementor-column elementor-col-100 elementor-top-column elementor-element elementor-element-81de20d\" data-id=\"81de20d\" data-element_type=\"column\" data-e-type=\"column\">\n\t\t\t<div class=\"elementor-column-wrap--81de20d elementor-widget-wrap elementor-element-populated\">\n\t\t\t\t\t\t<div class=\"elementor-element elementor-element-8eaf431 elementor-widget elementor-widget-heading\" data-id=\"8eaf431\" data-element_type=\"widget\" data-e-type=\"widget\" data-widget_type=\"heading.default\">\n\t\t\t\t<div class=\"elementor-widget-container\">\n\t\t\t\t\t<h2 class=\"elementor-heading-title elementor-size-default\">FAQ&#039;S<\/h2>\t\t\t\t<\/div>\n\t\t\t\t<\/div>\n\t\t\t\t<div class=\"elementor-element elementor-element-685ba6c elementor-widget elementor-widget-text-editor\" data-id=\"685ba6c\" data-element_type=\"widget\" data-e-type=\"widget\" data-widget_type=\"text-editor.default\">\n\t\t\t\t<div class=\"elementor-widget-container\">\n\t\t\t\t\t\t\t\t\t<div class=\"section-header\"><h1 class=\"section-header--title\"><strong style=\"color: inherit; font-family: inherit; font-size: var(--h4-font-size); background-color: var(--body-bg-color);\">ZAHLUNGSARTEN:<\/strong><\/h1><\/div><div class=\"rte\"><ul><li><strong>Geldautomat<\/strong>: Nach Abschluss der Bestellung erhalten Sie per E-Mail die Zahlungsdaten zu Ihrer Bestellung. Die Zahlungsbest\u00e4tigung erfolgt automatisch, sodass Sie uns keinen Nachweis senden m\u00fcssen.<\/li><li><strong>MB Weg<\/strong>: Diese Zahlungsmethode ist nur f\u00fcr diejenigen m\u00f6glich, die ein Konto und eine Mobiltelefonnummer haben, die mit der MB Way-Plattform verbunden sind.<\/li><li><strong>Kreditkarte<\/strong>: Wir akzeptieren Zahlungen mit Visa, American Express oder MasterCard. Zu Ihrer Sicherheit werden alle Transaktionen verschl\u00fcsselt. Die Zahlung wird erfasst, sobald unser Team die Bestellung best\u00e4tigt.<\/li><li><strong>PayPal<\/strong>: Diese Zahlungsmethode ist eine Option nur f\u00fcr diejenigen, die ein PayPal-Konto haben.\u00a0<\/li><\/ul><h4><strong>PERS\u00d6NLICHE DATEN<\/strong><\/h4><p>Die von Ihnen zur Verf\u00fcgung gestellten personenbezogenen Daten \u2013 Name, Anschrift oder Telefonnummer \u2013 werden nur f\u00fcr den von Ihnen angegebenen Zweck verwendet. Wenn wir Sie aus anderen Gr\u00fcnden, beispielsweise zu Marketingzwecken, um personenbezogene Daten bitten, erhalten Sie eine Erlaubnis dazu und haben die M\u00f6glichkeit, nein zu sagen.<\/p><h4><strong>VERSANDOPTIONEN<\/strong><\/h4><p>Unsere Sendungen erfolgen per UPS. Die Auslieferung der Bestellungen erfolgt per Hand zwischen 9 und 18 Uhr. In au\u00dfergew\u00f6hnlichen Zeiten, z. B. durch COVID-19, k\u00f6nnen sich die Lieferzeiten (in der Regel 1-2 Werktage nach Versand) verl\u00e4ngern.<\/p><h4><strong>VERSANDKOSTEN<\/strong><\/h4><p>Die Versandkosten werden am Ende jeder Bestellung berechnet, basierend auf dem Gewicht der Bestellung und dem Bestimmungsort, mit einem Mindestwert von 5,00 \u20ac.<\/p><h3><strong>BESTELLBEST\u00c4TIGUNG UND VERKAUFSBEDINGUNGEN<\/strong><\/h3><p>Die Annahme aller Bestellungen und deren Bedingungen bedarf unserer erneuten Best\u00e4tigung durch einen unserer Mitarbeiter. Alle Bestellungen, die sich aus Fehlern auf der Website ergeben, einschlie\u00dflich Preisaktualisierungsfehlern, Systemfehlern oder Tippfehlern, werden als null und nichtig betrachtet.<\/p><\/div>\t\t\t\t\t\t\t\t<\/div>\n\t\t\t\t<\/div>\n\t\t\t\t\t<\/div>\n\t\t<\/div>\n\t\t\t\t\t<\/div>\n\t\t<\/section>\n\t\t\t\t<\/div>","protected":false},"excerpt":{"rendered":"<p>FAQ&#8217;S M\u00c9TODOS DE PAGAMENTO: Multibanco:&nbsp;Ap\u00f3s finalizar a encomenda receber\u00e1, via e-mail,&nbsp;os dados de pagamento relativos \u00e0 sua encomenda. A confirma\u00e7\u00e3o do pagamento \u00e9 autom\u00e1tica pelo que n\u00e3o necessitar\u00e1 de nos enviar comprovativo. MB Way:&nbsp;Esta forma de pagamento \u00e9&nbsp;op\u00e7\u00e3o apenas para quem tem conta e n\u00famero de telem\u00f3vel associado na plataforma MB Way. Cart\u00e3o de Cr\u00e9dito:&nbsp;Aceitamos [&hellip;]<\/p>","protected":false},"author":1,"featured_media":0,"parent":0,"menu_order":0,"comment_status":"closed","ping_status":"closed","template":"","meta":{"_acf_changed":false,"_monsterinsights_skip_tracking":false,"_monsterinsights_sitenote_active":false,"_monsterinsights_sitenote_note":"","_monsterinsights_sitenote_category":0,"_joinchat":[],"footnotes":""},"class_list":["post-4966","page","type-page","status-publish","hentry"],"aioseo_notices":[],"acf":[],"_links":{"self":[{"href":"https:\/\/mundodacachaca.pt\/de\/wp-json\/wp\/v2\/pages\/4966","targetHints":{"allow":["GET"]}}],"collection":[{"href":"https:\/\/mundodacachaca.pt\/de\/wp-json\/wp\/v2\/pages"}],"about":[{"href":"https:\/\/mundodacachaca.pt\/de\/wp-json\/wp\/v2\/types\/page"}],"author":[{"embeddable":true,"href":"https:\/\/mundodacachaca.pt\/de\/wp-json\/wp\/v2\/users\/1"}],"replies":[{"embeddable":true,"href":"https:\/\/mundodacachaca.pt\/de\/wp-json\/wp\/v2\/comments?post=4966"}],"version-history":[{"count":0,"href":"https:\/\/mundodacachaca.pt\/de\/wp-json\/wp\/v2\/pages\/4966\/revisions"}],"wp:attachment":[{"href":"https:\/\/mundodacachaca.pt\/de\/wp-json\/wp\/v2\/media?parent=4966"}],"curies":[{"name":"wp","href":"https:\/\/api.w.org\/{rel}","templated":true}]}}