{"id":626,"date":"2020-12-16T21:13:52","date_gmt":"2020-12-16T21:13:52","guid":{"rendered":"https:\/\/darkgray-okapi-906744.hostingersite.com\/?page_id=626"},"modified":"2021-04-12T22:37:30","modified_gmt":"2021-04-12T21:37:30","slug":"politica-de-cookies","status":"publish","type":"page","link":"https:\/\/mundodacachaca.pt\/de\/politica-de-cookies\/","title":{"rendered":"Cookie-Richtlinie"},"content":{"rendered":"<div data-elementor-type=\"wp-page\" data-elementor-id=\"626\" class=\"elementor elementor-626\" data-elementor-post-type=\"page\">\n\t\t\t\t\t\t<section class=\"elementor-section elementor-top-section elementor-element elementor-element-6baa093 elementor-section-boxed elementor-section-height-default elementor-section-height-default\" data-id=\"6baa093\" data-element_type=\"section\" data-e-type=\"section\">\n\t\t\t\t\t\t<div class=\"elementor-container elementor-column-gap-default\">\n\t\t\t\t\t<div class=\"elementor-column elementor-col-100 elementor-top-column elementor-element elementor-element-6ec5ce5\" data-id=\"6ec5ce5\" data-element_type=\"column\" data-e-type=\"column\">\n\t\t\t<div class=\"elementor-column-wrap--6ec5ce5 elementor-widget-wrap elementor-element-populated\">\n\t\t\t\t\t\t<div class=\"elementor-element elementor-element-a22edf1 elementor-widget elementor-widget-heading\" data-id=\"a22edf1\" data-element_type=\"widget\" data-e-type=\"widget\" data-widget_type=\"heading.default\">\n\t\t\t\t<div class=\"elementor-widget-container\">\n\t\t\t\t\t<h2 class=\"elementor-heading-title elementor-size-default\">Cookie-Richtlinie<\/h2>\t\t\t\t<\/div>\n\t\t\t\t<\/div>\n\t\t\t\t<div class=\"elementor-element elementor-element-23f44ac elementor-widget elementor-widget-text-editor\" data-id=\"23f44ac\" data-element_type=\"widget\" data-e-type=\"widget\" data-widget_type=\"text-editor.default\">\n\t\t\t\t<div class=\"elementor-widget-container\">\n\t\t\t\t\t\t\t\t\t<p><strong>\u201e<\/strong><strong>Kekse<\/strong><strong>&quot;&quot;<\/strong><strong>\u00a0Es ist\u00a0<\/strong><strong>ein Begriff, der sich bezieht<\/strong><strong>\u00a0zu einer Standardfunktion in Ihrem Internetbrowser (z. B. Explorer, Crome,\u00a0<\/strong><strong>Feuerfuchs,\u00a0<\/strong><strong>Safari etc.), die die Navigation jedes Benutzers individualisiert.<\/strong><strong><br \/><\/strong><\/p><p>Aus diesem Grund ist auf Ihrem Computer eine anonyme und zuf\u00e4llige Identifikationsnummer registriert. &quot;Cookies&quot; identifizieren nur die Ger\u00e4te, die f\u00fcr den Zugriff auf unsere Websites und Anwendungen verwendet werden. Cookies k\u00f6nnen keine Daten von Ihrer Festplatte lesen. Wir verkn\u00fcpfen Cookie-Informationen nicht mit personenbezogenen Daten der Benutzer.<br \/><strong><br \/>Wir verwenden &quot;Cookies&quot;, um Ihre Browsing-Muster auf unserer Website zu speichern.<\/strong><strong><br \/><\/strong><\/p><p>In diesen F\u00e4llen ist es unser Ziel, Ihre Erfahrungen mit \u201e<strong>WELT VON CACHA\u00c7A<\/strong>Ist n\u00fctzlicher, agiler und personalisierter.<\/p><p>Wenn Sie die Verwendung von &quot;Cookies&quot; in Ihrem Browser deaktivieren m\u00f6chten, f\u00fchren Sie die folgenden Schritte entsprechend Ihrem Browser aus. Wir informieren Sie, dass dies die Beweglichkeit und \/ oder Geschwindigkeit Ihres Surfens beeintr\u00e4chtigen kann, was m\u00f6glicherweise zu einer nicht optimierten Erfahrung f\u00fchrt.<\/p><p>So deaktivieren Sie Cookies in g\u00e4ngigen Browsern<\/p><p><strong>IN IHREM COMPUTER:<\/strong><\/p><p><strong>Internet Explorer<\/strong><\/p><ul><li>Tippen oder klicken Sie auf das Symbol \u201eInternet Explorer\u201c auf dem Desktop oder in der Taskleiste.<\/li><li>Tippen oder klicken Sie auf die Schaltfl\u00e4che &quot;Extras&quot; und dann auf &quot;Internetoptionen&quot;.<\/li><li>Tippen oder klicken Sie auf die Registerkarte &quot;Datenschutz&quot; und dann auf &quot;Einstellungen&quot;. W\u00e4hlen Sie die Option zum Blockieren aller Cookies und klicken Sie auf &quot;OK&quot;.<\/li><\/ul><p><strong><br \/>Google Chrome<\/strong><\/p><ul><li>Klicken Sie auf das Google Chrome-Men\u00fcsymbol.<\/li><li>Einstellungen ausw\u00e4hlen&quot;;<\/li><li>Klicken Sie unten auf der Seite auf &quot;Erweiterte Einstellungen anzeigen&quot;.<\/li><li>Klicken Sie im Abschnitt &quot;Datenschutz&quot; auf Inhaltseinstellungen.<\/li><li>Um Cookies zu deaktivieren, w\u00e4hlen Sie &quot;Einstellungen f\u00fcr Website-Daten blockieren&quot;.<\/li><\/ul><p><strong><br \/>Feuerfuchs<\/strong><\/p><ul><li>Klicken Sie oben im Firefox-Fenster auf die Schaltfl\u00e4che Firefox, w\u00e4hlen Sie Optionen aus und klicken Sie im n\u00e4chsten Fenster auf den Eintrag &quot;Datenschutz&quot;<\/li><li>In der Option &quot;Firefox sollte:&quot; w\u00e4hlen Sie &quot;Meine Einstellungen verwenden&quot;;<\/li><li>Aktivieren Sie &quot;Websites k\u00f6nnen Cookies setzen&quot;, um Cookies zu aktivieren, oder deaktivieren Sie sie, um sie zu deaktivieren.<\/li><\/ul><p><strong><br \/>IN BROWSERS VON IHREM MOBILGER\u00c4T:<\/strong><\/p><ul><li>Auf Apple-Ger\u00e4ten wie iPhone und iPad<\/li><li>Tippen Sie zum \u00c4ndern der Sicherheitseinstellungen auf Einstellungen&gt; Safari.<\/li><li>Um festzulegen, ob Safari Cookies blockiert, tippen Sie auf Cookies blockieren und w\u00e4hlen Sie &quot;Nie&quot;, &quot;Drittanbieter und Werbetreibende&quot; oder &quot;Immer&quot;.<\/li><\/ul><p><strong><br \/>Auf Android-Ger\u00e4t<\/strong><\/p><ul><li>\u00d6ffnen Sie den Standardbrowser Ihres Android-Ger\u00e4ts.<\/li><li>Klicken Sie nach dem \u00d6ffnen des Browsers auf die Schaltfl\u00e4che Men\u00fc Ihres Telefons.<\/li><li>W\u00e4hlen Sie &quot;Weitere Optionen&quot;.<\/li><li>W\u00e4hlen Sie die Option &quot;Einstellungen&quot; im Men\u00fc &quot;Weitere Optionen&quot;.<\/li><li>Scrollen Sie in der Liste nach unten, bis Sie die Option &quot;Cookies akzeptieren&quot; finden. Klicken Sie auf diese Option, um zu &quot;Cookies nicht akzeptieren&quot; zu wechseln.<\/li><\/ul>\t\t\t\t\t\t\t\t<\/div>\n\t\t\t\t<\/div>\n\t\t\t\t\t<\/div>\n\t\t<\/div>\n\t\t\t\t\t<\/div>\n\t\t<\/section>\n\t\t\t\t<\/div>","protected":false},"excerpt":{"rendered":"<p>Pol\u00edtica de Cookies \u201cCookies\u201d&nbsp;\u00e9&nbsp;um termo que se refere&nbsp;a um recurso padr\u00e3o encontrado em seu navegador de Internet (Ex.: Explorer, Crome,&nbsp;Firefox,&nbsp;Safari etc.), que individualiza a navega\u00e7\u00e3o de cada usu\u00e1rio. Por conta disso, um n\u00famero de identifica\u00e7\u00e3o an\u00f4nimo e aleat\u00f3rio fica registrado em seu computador. Os &#8216;cookies&#8217; identificam apenas o equipamento usado para acessar os nossos sites [&hellip;]<\/p>","protected":false},"author":1,"featured_media":0,"parent":0,"menu_order":0,"comment_status":"closed","ping_status":"closed","template":"elementor_header_footer","meta":{"_acf_changed":false,"_monsterinsights_skip_tracking":false,"_monsterinsights_sitenote_active":false,"_monsterinsights_sitenote_note":"","_monsterinsights_sitenote_category":0,"_joinchat":[],"footnotes":""},"class_list":["post-626","page","type-page","status-publish","hentry"],"aioseo_notices":[],"acf":[],"_links":{"self":[{"href":"https:\/\/mundodacachaca.pt\/de\/wp-json\/wp\/v2\/pages\/626","targetHints":{"allow":["GET"]}}],"collection":[{"href":"https:\/\/mundodacachaca.pt\/de\/wp-json\/wp\/v2\/pages"}],"about":[{"href":"https:\/\/mundodacachaca.pt\/de\/wp-json\/wp\/v2\/types\/page"}],"author":[{"embeddable":true,"href":"https:\/\/mundodacachaca.pt\/de\/wp-json\/wp\/v2\/users\/1"}],"replies":[{"embeddable":true,"href":"https:\/\/mundodacachaca.pt\/de\/wp-json\/wp\/v2\/comments?post=626"}],"version-history":[{"count":1,"href":"https:\/\/mundodacachaca.pt\/de\/wp-json\/wp\/v2\/pages\/626\/revisions"}],"predecessor-version":[{"id":7893,"href":"https:\/\/mundodacachaca.pt\/de\/wp-json\/wp\/v2\/pages\/626\/revisions\/7893"}],"wp:attachment":[{"href":"https:\/\/mundodacachaca.pt\/de\/wp-json\/wp\/v2\/media?parent=626"}],"curies":[{"name":"wp","href":"https:\/\/api.w.org\/{rel}","templated":true}]}}