{"id":161,"date":"2020-12-14T22:10:16","date_gmt":"2020-12-14T22:10:16","guid":{"rendered":"https:\/\/darkgray-okapi-906744.hostingersite.com\/?post_type=product&#038;p=161"},"modified":"2026-02-24T10:22:21","modified_gmt":"2026-02-24T10:22:21","slug":"cachaca-de-alambique-canabella-ouro-700ml","status":"publish","type":"product","link":"https:\/\/mundodacachaca.pt\/de\/produkt\/cachaca-de-alambique-canabella-ouro-700ml\/","title":{"rendered":"Canabella Ouro Still Cacha\u00e7a 700ml"},"content":{"rendered":"","protected":false},"excerpt":{"rendered":"<p><strong><em>Aktion g\u00fcltig vom 03.12.24 bis 27.12.24 oder solange der Vorrat reicht.<\/em>\u00a0<\/strong><\/p>\n<p>Produziert in einem der modernsten Stills in Brasilien, dem <strong>Canabella Gold<\/strong> ist eine Mischung aus cacha\u00e7a, die bis zu drei Jahre in F\u00e4ssern von Jequitib\u00e1, Amburana und Castanheira gelagert werden und einen Alkoholgehalt von 40% VOL haben. Seine hervorragende Qualit\u00e4t wurde bereits beim Br\u00fcsseler Weltwettbewerb 2018 mit der Goldmedaille unter Beweis gestellt.<\/p>","protected":false},"featured_media":35,"comment_status":"open","ping_status":"closed","template":"","meta":{"_acf_changed":false,"_monsterinsights_skip_tracking":false,"_monsterinsights_sitenote_active":false,"_monsterinsights_sitenote_note":"","_monsterinsights_sitenote_category":0,"_joinchat":[]},"product_cat":[237,217,218,307],"product_tag":[233,20,62,21],"class_list":{"0":"post-161","1":"product","2":"type-product","3":"status-publish","4":"has-post-thumbnail","6":"product_cat-700ml","7":"product_cat-cachaca","8":"product_cat-envelhecida","9":"product_cat-promocoes","10":"product_tag-700ml","11":"product_tag-cachaca","12":"product_tag-canabella","13":"product_tag-envelhecida","14":"pa_categoria-envelhecida","15":"pa_graduacao_alcoolica-45","16":"pa_madeira-blend_jequitiba_amburana_castanheira","17":"pa_origem-_paraibuna","18":"pa_tempo_envelhecimento-3anos","19":"pa_volume-700ml","21":"first","22":"instock","23":"sale","24":"taxable","25":"shipping-taxable","26":"purchasable","27":"product-type-simple","swatches":"rey-swatches","show_selected":""},"aioseo_notices":[],"acf":[],"_links":{"self":[{"href":"https:\/\/mundodacachaca.pt\/de\/wp-json\/wp\/v2\/product\/161","targetHints":{"allow":["GET"]}}],"collection":[{"href":"https:\/\/mundodacachaca.pt\/de\/wp-json\/wp\/v2\/product"}],"about":[{"href":"https:\/\/mundodacachaca.pt\/de\/wp-json\/wp\/v2\/types\/product"}],"replies":[{"embeddable":true,"href":"https:\/\/mundodacachaca.pt\/de\/wp-json\/wp\/v2\/comments?post=161"}],"version-history":[{"count":2,"href":"https:\/\/mundodacachaca.pt\/de\/wp-json\/wp\/v2\/product\/161\/revisions"}],"predecessor-version":[{"id":7852,"href":"https:\/\/mundodacachaca.pt\/de\/wp-json\/wp\/v2\/product\/161\/revisions\/7852"}],"wp:featuredmedia":[{"embeddable":true,"href":"https:\/\/mundodacachaca.pt\/de\/wp-json\/wp\/v2\/media\/35"}],"wp:attachment":[{"href":"https:\/\/mundodacachaca.pt\/de\/wp-json\/wp\/v2\/media?parent=161"}],"wp:term":[{"taxonomy":"product_cat","embeddable":true,"href":"https:\/\/mundodacachaca.pt\/de\/wp-json\/wp\/v2\/product_cat?post=161"},{"taxonomy":"product_tag","embeddable":true,"href":"https:\/\/mundodacachaca.pt\/de\/wp-json\/wp\/v2\/product_tag?post=161"}],"curies":[{"name":"wp","href":"https:\/\/api.w.org\/{rel}","templated":true}]}}