{"id":164,"date":"2020-12-14T22:17:45","date_gmt":"2020-12-14T22:17:45","guid":{"rendered":"https:\/\/darkgray-okapi-906744.hostingersite.com\/?post_type=product&#038;p=164"},"modified":"2026-02-24T10:21:00","modified_gmt":"2026-02-24T10:21:00","slug":"cachaca-de-alambique-joao-mendes-prata-700ml","status":"publish","type":"product","link":"https:\/\/mundodacachaca.pt\/de\/produkt\/cachaca-de-alambique-joao-mendes-prata-700ml\/","title":{"rendered":"Cacha\u00e7a von Jo\u00e3o Mendes Prata Still 700ml"},"content":{"rendered":"","protected":false},"excerpt":{"rendered":"<p>Der Geschmack von <strong>Joao Mendes Prata<\/strong> Es kommt aus dem sorgf\u00e4ltigen Prozess der Herstellung eines reinen Cachaca mit absolut einzigartigen sensorischen Nuancen. Sein milder Geschmack harmoniert perfekt mit mehreren Fr\u00fcchten, da er in wasserdichten F\u00e4ssern gelagert wird und nur den Geschmack von Zuckerrohr beibeh\u00e4lt.<\/p>","protected":false},"featured_media":39,"comment_status":"open","ping_status":"closed","template":"","meta":{"_acf_changed":false,"_monsterinsights_skip_tracking":false,"_monsterinsights_sitenote_active":false,"_monsterinsights_sitenote_note":"","_monsterinsights_sitenote_category":0,"_joinchat":[]},"product_cat":[237,220,217,307],"product_tag":[233,23,20,63],"class_list":{"0":"post-164","1":"product","2":"type-product","3":"status-publish","4":"has-post-thumbnail","6":"product_cat-700ml","7":"product_cat-brancas","8":"product_cat-cachaca","9":"product_cat-promocoes","10":"product_tag-700ml","11":"product_tag-branca_prata","12":"product_tag-cachaca","13":"product_tag-joaomendes","14":"pa_categoria-branca_prata","15":"pa_graduacao_alcoolica-44","16":"pa_origem-_perdoes","17":"pa_volume-700ml","19":"first","20":"instock","21":"sale","22":"taxable","23":"shipping-taxable","24":"purchasable","25":"product-type-simple","swatches":"rey-swatches","show_selected":""},"aioseo_notices":[],"acf":[],"_links":{"self":[{"href":"https:\/\/mundodacachaca.pt\/de\/wp-json\/wp\/v2\/product\/164","targetHints":{"allow":["GET"]}}],"collection":[{"href":"https:\/\/mundodacachaca.pt\/de\/wp-json\/wp\/v2\/product"}],"about":[{"href":"https:\/\/mundodacachaca.pt\/de\/wp-json\/wp\/v2\/types\/product"}],"replies":[{"embeddable":true,"href":"https:\/\/mundodacachaca.pt\/de\/wp-json\/wp\/v2\/comments?post=164"}],"version-history":[{"count":1,"href":"https:\/\/mundodacachaca.pt\/de\/wp-json\/wp\/v2\/product\/164\/revisions"}],"predecessor-version":[{"id":7703,"href":"https:\/\/mundodacachaca.pt\/de\/wp-json\/wp\/v2\/product\/164\/revisions\/7703"}],"wp:featuredmedia":[{"embeddable":true,"href":"https:\/\/mundodacachaca.pt\/de\/wp-json\/wp\/v2\/media\/39"}],"wp:attachment":[{"href":"https:\/\/mundodacachaca.pt\/de\/wp-json\/wp\/v2\/media?parent=164"}],"wp:term":[{"taxonomy":"product_cat","embeddable":true,"href":"https:\/\/mundodacachaca.pt\/de\/wp-json\/wp\/v2\/product_cat?post=164"},{"taxonomy":"product_tag","embeddable":true,"href":"https:\/\/mundodacachaca.pt\/de\/wp-json\/wp\/v2\/product_tag?post=164"}],"curies":[{"name":"wp","href":"https:\/\/api.w.org\/{rel}","templated":true}]}}