{"id":167,"date":"2020-12-14T22:27:33","date_gmt":"2020-12-14T22:27:33","guid":{"rendered":"https:\/\/darkgray-okapi-906744.hostingersite.com\/?post_type=product&#038;p=167"},"modified":"2026-02-24T10:19:46","modified_gmt":"2026-02-24T10:19:46","slug":"cachaca-de-alambique-melicana-tradicional-castanheira-700ml","status":"publish","type":"product","link":"https:\/\/mundodacachaca.pt\/de\/produkt\/cachaca-de-alambique-melicana-tradicional-castanheira-700ml\/","title":{"rendered":"Traditioneller stiller Cacha\u00e7a aus Melicana Castanheira, 700 ml"},"content":{"rendered":"","protected":false},"excerpt":{"rendered":"<p>Traditionelle Cacha\u00e7a entspricht dem Destillationsprozess der Fermentation des reinsten und edelsten Zuckerrohrs. Eine ideale Cacha\u00e7a, um verschiedene Getr\u00e4nke zu kreieren und Ihre G\u00e4ste mit einer hochwertigen Cacha\u00e7a zu \u00fcberraschen.<\/p>","protected":false},"featured_media":42,"comment_status":"open","ping_status":"closed","template":"","meta":{"_acf_changed":false,"_monsterinsights_skip_tracking":false,"_monsterinsights_sitenote_active":false,"_monsterinsights_sitenote_note":"","_monsterinsights_sitenote_category":0,"_joinchat":[]},"product_cat":[237,217,218,307],"product_tag":[233,20,21,64],"class_list":{"0":"post-167","1":"product","2":"type-product","3":"status-publish","4":"has-post-thumbnail","6":"product_cat-700ml","7":"product_cat-cachaca","8":"product_cat-envelhecida","9":"product_cat-promocoes","10":"product_tag-700ml","11":"product_tag-cachaca","12":"product_tag-envelhecida","13":"product_tag-melicana","14":"pa_categoria-envelhecida","15":"pa_graduacao_alcoolica-45","16":"pa_madeira-castanheira","17":"pa_origem-_bomdespacho","18":"pa_tempo_envelhecimento-2anos","19":"pa_volume-700ml","21":"first","22":"instock","23":"sale","24":"taxable","25":"shipping-taxable","26":"purchasable","27":"product-type-simple","swatches":"rey-swatches","show_selected":""},"aioseo_notices":[],"acf":[],"_links":{"self":[{"href":"https:\/\/mundodacachaca.pt\/de\/wp-json\/wp\/v2\/product\/167","targetHints":{"allow":["GET"]}}],"collection":[{"href":"https:\/\/mundodacachaca.pt\/de\/wp-json\/wp\/v2\/product"}],"about":[{"href":"https:\/\/mundodacachaca.pt\/de\/wp-json\/wp\/v2\/types\/product"}],"replies":[{"embeddable":true,"href":"https:\/\/mundodacachaca.pt\/de\/wp-json\/wp\/v2\/comments?post=167"}],"version-history":[{"count":1,"href":"https:\/\/mundodacachaca.pt\/de\/wp-json\/wp\/v2\/product\/167\/revisions"}],"predecessor-version":[{"id":7693,"href":"https:\/\/mundodacachaca.pt\/de\/wp-json\/wp\/v2\/product\/167\/revisions\/7693"}],"wp:featuredmedia":[{"embeddable":true,"href":"https:\/\/mundodacachaca.pt\/de\/wp-json\/wp\/v2\/media\/42"}],"wp:attachment":[{"href":"https:\/\/mundodacachaca.pt\/de\/wp-json\/wp\/v2\/media?parent=167"}],"wp:term":[{"taxonomy":"product_cat","embeddable":true,"href":"https:\/\/mundodacachaca.pt\/de\/wp-json\/wp\/v2\/product_cat?post=167"},{"taxonomy":"product_tag","embeddable":true,"href":"https:\/\/mundodacachaca.pt\/de\/wp-json\/wp\/v2\/product_tag?post=167"}],"curies":[{"name":"wp","href":"https:\/\/api.w.org\/{rel}","templated":true}]}}