{"id":172,"date":"2020-12-14T23:16:38","date_gmt":"2020-12-14T23:16:38","guid":{"rendered":"https:\/\/darkgray-okapi-906744.hostingersite.com\/?post_type=product&#038;p=172"},"modified":"2024-12-03T16:14:33","modified_gmt":"2024-12-03T16:14:33","slug":"cachaca-de-alambique-sapucaia-florida-amendoim-700ml","status":"publish","type":"product","link":"https:\/\/mundodacachaca.pt\/de\/produkt\/cachaca-de-alambique-sapucaia-florida-amendoim-700ml\/","title":{"rendered":"Destillierter Sapucaia-Erdnuss-Cacha\u00e7a 700 ml"},"content":{"rendered":"","protected":false},"excerpt":{"rendered":"<p>Die Cacha\u00e7a <strong>Sapucaia Florida (Amendoim)<\/strong> es bleibt 02 Jahre in Erdnussf\u00e4ssern, was ihm eine diskrete gelbe Farbe verleiht, da dieses Holz in der Fl\u00fcssigkeit nur eine geringe Pigmentierungskapazit\u00e4t aufweist. Cacha\u00e7a gewinnt an Weichheit und ist ideal f\u00fcr \u201eCaipirinhas\u201c, feine Cocktails und auch hervorragend zum Genie\u00dfen von purem Cacha\u00e7a geeignet, da es die charakteristischen Aromen von Zuckerrohr beibeh\u00e4lt. Erdnuss ist ein brasilianisches Holz (Pterogyne nitens), das vom Nordosten bis nach Santa Catarina vorkommt.<\/p>","protected":false},"featured_media":46,"comment_status":"closed","ping_status":"closed","template":"","meta":{"_acf_changed":false,"_monsterinsights_skip_tracking":false,"_monsterinsights_sitenote_active":false,"_monsterinsights_sitenote_note":"","_monsterinsights_sitenote_category":0,"_joinchat":[]},"product_cat":[237,217,218],"product_tag":[233,71,20,21,69],"class_list":{"0":"post-172","1":"product","2":"type-product","3":"status-publish","4":"has-post-thumbnail","6":"product_cat-700ml","7":"product_cat-cachaca","8":"product_cat-envelhecida","9":"product_tag-700ml","10":"product_tag-amendoim","11":"product_tag-cachaca","12":"product_tag-envelhecida","13":"product_tag-sapucaia","14":"pa_categoria-envelhecida","15":"pa_graduacao_alcoolica-40_5","16":"pa_madeira-amendoim","17":"pa_origem-_pirassununga","18":"pa_tempo_envelhecimento-2anos","19":"pa_volume-700ml","21":"first","22":"instock","23":"taxable","24":"shipping-taxable","25":"purchasable","26":"product-type-simple","swatches":"rey-swatches","show_selected":""},"aioseo_notices":[],"acf":[],"_links":{"self":[{"href":"https:\/\/mundodacachaca.pt\/de\/wp-json\/wp\/v2\/product\/172","targetHints":{"allow":["GET"]}}],"collection":[{"href":"https:\/\/mundodacachaca.pt\/de\/wp-json\/wp\/v2\/product"}],"about":[{"href":"https:\/\/mundodacachaca.pt\/de\/wp-json\/wp\/v2\/types\/product"}],"replies":[{"embeddable":true,"href":"https:\/\/mundodacachaca.pt\/de\/wp-json\/wp\/v2\/comments?post=172"}],"version-history":[{"count":2,"href":"https:\/\/mundodacachaca.pt\/de\/wp-json\/wp\/v2\/product\/172\/revisions"}],"predecessor-version":[{"id":7856,"href":"https:\/\/mundodacachaca.pt\/de\/wp-json\/wp\/v2\/product\/172\/revisions\/7856"}],"wp:featuredmedia":[{"embeddable":true,"href":"https:\/\/mundodacachaca.pt\/de\/wp-json\/wp\/v2\/media\/46"}],"wp:attachment":[{"href":"https:\/\/mundodacachaca.pt\/de\/wp-json\/wp\/v2\/media?parent=172"}],"wp:term":[{"taxonomy":"product_cat","embeddable":true,"href":"https:\/\/mundodacachaca.pt\/de\/wp-json\/wp\/v2\/product_cat?post=172"},{"taxonomy":"product_tag","embeddable":true,"href":"https:\/\/mundodacachaca.pt\/de\/wp-json\/wp\/v2\/product_tag?post=172"}],"curies":[{"name":"wp","href":"https:\/\/api.w.org\/{rel}","templated":true}]}}