{"id":5777,"date":"2021-08-14T11:06:41","date_gmt":"2021-08-14T10:06:41","guid":{"rendered":"https:\/\/darkgray-okapi-906744.hostingersite.com\/?post_type=product&#038;p=5777"},"modified":"2025-10-21T12:53:50","modified_gmt":"2025-10-21T11:53:50","slug":"cachaca-organica-jambuzera-1-litro","status":"publish","type":"product","link":"https:\/\/mundodacachaca.pt\/de\/produkt\/cachaca-organica-jambuzera-1-litro\/","title":{"rendered":"Bio Jambuzera \u2013 Cacha\u00e7a mit Jambu 1 Liter"},"content":{"rendered":"","protected":false},"excerpt":{"rendered":"<p>Jambuzera ist ein Cacha\u00e7a mit Jambu, der mit Liebe, Innovation und Kreativit\u00e4t hergestellt wird, wobei die Umwelt und die am Prozess beteiligten Gemeinschaften sorgf\u00e4ltig respektiert werden. Produkt zertifiziert aus Bio-Brasilien, nat\u00fcrlich 100%, ohne Zuckerzusatz, ohne Farbstoffe, ohne Extrakte oder industrialisierte Zutaten. Einzigartige Pers\u00f6nlichkeit und Geschmack, mit einem Hauch des Amazonas-Regenwaldes, Jambuzera ist in der Lage, eine Reise zu den brasilianischen Wurzeln und Kultur zu schaffen!<\/p>\n<p>Erleben Sie die Erfahrung!<\/p>","protected":false},"featured_media":6792,"comment_status":"closed","ping_status":"closed","template":"","meta":{"_acf_changed":false,"_monsterinsights_skip_tracking":false,"_monsterinsights_sitenote_active":false,"_monsterinsights_sitenote_note":"","_monsterinsights_sitenote_category":0,"_joinchat":[]},"product_cat":[259,219,217],"product_tag":[258,22,230,67,227,80],"class_list":{"0":"post-5777","1":"product","2":"type-product","3":"status-publish","4":"has-post-thumbnail","6":"product_cat-1-litro","7":"product_cat-bebida-mista","8":"product_cat-cachaca","9":"product_tag-1-litro","10":"product_tag-bebida-mista","11":"product_tag-cachaca-mista","12":"product_tag-jambu","13":"product_tag-jambuzera","14":"product_tag-organica","15":"pa_categoria-bebida-mista","16":"pa_graduacao_alcoolica-44","17":"pa_origem-_ivoti","18":"pa_volume-1-litro","20":"first","21":"instock","22":"taxable","23":"shipping-taxable","24":"purchasable","25":"product-type-simple","swatches":"rey-swatches","show_selected":""},"aioseo_notices":[],"acf":[],"_links":{"self":[{"href":"https:\/\/mundodacachaca.pt\/de\/wp-json\/wp\/v2\/product\/5777","targetHints":{"allow":["GET"]}}],"collection":[{"href":"https:\/\/mundodacachaca.pt\/de\/wp-json\/wp\/v2\/product"}],"about":[{"href":"https:\/\/mundodacachaca.pt\/de\/wp-json\/wp\/v2\/types\/product"}],"replies":[{"embeddable":true,"href":"https:\/\/mundodacachaca.pt\/de\/wp-json\/wp\/v2\/comments?post=5777"}],"version-history":[{"count":1,"href":"https:\/\/mundodacachaca.pt\/de\/wp-json\/wp\/v2\/product\/5777\/revisions"}],"predecessor-version":[{"id":7915,"href":"https:\/\/mundodacachaca.pt\/de\/wp-json\/wp\/v2\/product\/5777\/revisions\/7915"}],"wp:featuredmedia":[{"embeddable":true,"href":"https:\/\/mundodacachaca.pt\/de\/wp-json\/wp\/v2\/media\/6792"}],"wp:attachment":[{"href":"https:\/\/mundodacachaca.pt\/de\/wp-json\/wp\/v2\/media?parent=5777"}],"wp:term":[{"taxonomy":"product_cat","embeddable":true,"href":"https:\/\/mundodacachaca.pt\/de\/wp-json\/wp\/v2\/product_cat?post=5777"},{"taxonomy":"product_tag","embeddable":true,"href":"https:\/\/mundodacachaca.pt\/de\/wp-json\/wp\/v2\/product_tag?post=5777"}],"curies":[{"name":"wp","href":"https:\/\/api.w.org\/{rel}","templated":true}]}}