{"id":7211,"date":"2023-05-29T11:43:00","date_gmt":"2023-05-29T10:43:00","guid":{"rendered":"https:\/\/darkgray-okapi-906744.hostingersite.com\/?post_type=product&#038;p=7211"},"modified":"2024-02-19T15:11:01","modified_gmt":"2024-02-19T15:11:01","slug":"cachaca-de-alambique-bockorny-amburana-70cl","status":"publish","type":"product","link":"https:\/\/mundodacachaca.pt\/de\/produkt\/cachaca-de-alambique-bockorny-amburana-70cl\/","title":{"rendered":"Bockorny Amburana Destillierter Cacha\u00e7a 70cl"},"content":{"rendered":"<p>A caracter\u00edstica atrelada ao seu sabor \u00e9 um gosto levemente adocicado, que se d\u00e1 devido ao fundo floral caracter\u00edstico dessa madeira, com um toque de aroma de baunilha. A amburana baixa a acidez do destilado e diminui a sensa\u00e7\u00e3o alco\u00f3lica, tornando-a t\u00e3o suave quanto um cetim. Quanto a cor, confere a ele um tom amarelado bem claro, mas ainda sim muito vistoso.<\/p>","protected":false},"excerpt":{"rendered":"<p>A caracter\u00edstica atrelada ao seu sabor \u00e9 um gosto levemente adocicado, que se d\u00e1 devido ao fundo floral caracter\u00edstico dessa madeira, com um toque de aroma de baunilha. A amburana baixa a acidez do destilado e diminui a sensa\u00e7\u00e3o alco\u00f3lica, tornando-a t\u00e3o suave quanto um cetim. Quanto a cor, confere a ele um tom amarelado bem claro, mas ainda sim muito vistoso.<\/p>","protected":false},"featured_media":7212,"comment_status":"open","ping_status":"closed","template":"","meta":{"_acf_changed":false,"_monsterinsights_skip_tracking":false,"_monsterinsights_sitenote_active":false,"_monsterinsights_sitenote_note":"","_monsterinsights_sitenote_category":0,"_joinchat":[]},"product_cat":[237,217,218,234],"product_tag":[75,330,329,331,328],"class_list":{"0":"post-7211","1":"product","2":"type-product","3":"status-publish","4":"has-post-thumbnail","6":"product_cat-700ml","7":"product_cat-cachaca","8":"product_cat-envelhecida","9":"product_cat-volume","10":"product_tag-amburana","11":"product_tag-bockorny","12":"product_tag-ivoti","13":"product_tag-premium","14":"product_tag-rio-grande-do-sul","15":"pa_categoria-envelhecida","16":"pa_graduacao_alcoolica-44","17":"pa_madeira-amburana","18":"pa_origem-_ivoti","19":"pa_volume-700ml","21":"first","22":"instock","23":"taxable","24":"shipping-taxable","25":"purchasable","26":"product-type-simple","swatches":"rey-swatches","show_selected":""},"aioseo_notices":[],"acf":[],"_links":{"self":[{"href":"https:\/\/mundodacachaca.pt\/de\/wp-json\/wp\/v2\/product\/7211","targetHints":{"allow":["GET"]}}],"collection":[{"href":"https:\/\/mundodacachaca.pt\/de\/wp-json\/wp\/v2\/product"}],"about":[{"href":"https:\/\/mundodacachaca.pt\/de\/wp-json\/wp\/v2\/types\/product"}],"replies":[{"embeddable":true,"href":"https:\/\/mundodacachaca.pt\/de\/wp-json\/wp\/v2\/comments?post=7211"}],"version-history":[{"count":1,"href":"https:\/\/mundodacachaca.pt\/de\/wp-json\/wp\/v2\/product\/7211\/revisions"}],"predecessor-version":[{"id":7728,"href":"https:\/\/mundodacachaca.pt\/de\/wp-json\/wp\/v2\/product\/7211\/revisions\/7728"}],"wp:featuredmedia":[{"embeddable":true,"href":"https:\/\/mundodacachaca.pt\/de\/wp-json\/wp\/v2\/media\/7212"}],"wp:attachment":[{"href":"https:\/\/mundodacachaca.pt\/de\/wp-json\/wp\/v2\/media?parent=7211"}],"wp:term":[{"taxonomy":"product_cat","embeddable":true,"href":"https:\/\/mundodacachaca.pt\/de\/wp-json\/wp\/v2\/product_cat?post=7211"},{"taxonomy":"product_tag","embeddable":true,"href":"https:\/\/mundodacachaca.pt\/de\/wp-json\/wp\/v2\/product_tag?post=7211"}],"curies":[{"name":"wp","href":"https:\/\/api.w.org\/{rel}","templated":true}]}}