{"id":7223,"date":"2023-05-29T12:04:14","date_gmt":"2023-05-29T11:04:14","guid":{"rendered":"https:\/\/darkgray-okapi-906744.hostingersite.com\/?post_type=product&#038;p=7223"},"modified":"2024-02-19T15:12:09","modified_gmt":"2024-02-19T15:12:09","slug":"cachaca-de-alambique-tie-jequitiba-70cl","status":"publish","type":"product","link":"https:\/\/mundodacachaca.pt\/de\/produkt\/cachaca-de-alambique-tie-jequitiba-70cl\/","title":{"rendered":"Ti\u00ea Jequitib\u00e1 Destillierter Cacha\u00e7a 70cl"},"content":{"rendered":"<p>A Cacha\u00e7a Tie Jequitib\u00e1\u00a0 armazenada em dornas de jequitib\u00e1, apresenta tom palha esverdeado e fornece ao apreciador, durante a degusta\u00e7\u00e3o, aromas e sabores frescos e frutados.<\/p>","protected":false},"excerpt":{"rendered":"<p>A Cacha\u00e7a Tie Jequitib\u00e1\u00a0 armazenada em dornas de jequitib\u00e1, apresenta tom palha esverdeado e fornece ao apreciador, durante a degusta\u00e7\u00e3o, aromas e sabores frescos e frutados.<\/p>","protected":false},"featured_media":7224,"comment_status":"open","ping_status":"closed","template":"","meta":{"_acf_changed":false,"_monsterinsights_skip_tracking":false,"_monsterinsights_sitenote_active":false,"_monsterinsights_sitenote_note":"","_monsterinsights_sitenote_category":0,"_joinchat":[]},"product_cat":[237,217,218,234],"product_tag":[336,21,301,335],"class_list":{"0":"post-7223","1":"product","2":"type-product","3":"status-publish","4":"has-post-thumbnail","6":"product_cat-700ml","7":"product_cat-cachaca","8":"product_cat-envelhecida","9":"product_cat-volume","10":"product_tag-aiuruoca","11":"product_tag-envelhecida","12":"product_tag-jequitiba","13":"product_tag-tie","14":"pa_categoria-envelhecida","15":"pa_graduacao_alcoolica-45","16":"pa_madeira-jequitiba","17":"pa_origem-aiuruoca-minas-gerais","18":"pa_volume-700ml","20":"first","21":"instock","22":"taxable","23":"shipping-taxable","24":"purchasable","25":"product-type-simple","swatches":"rey-swatches","show_selected":""},"aioseo_notices":[],"acf":[],"_links":{"self":[{"href":"https:\/\/mundodacachaca.pt\/de\/wp-json\/wp\/v2\/product\/7223","targetHints":{"allow":["GET"]}}],"collection":[{"href":"https:\/\/mundodacachaca.pt\/de\/wp-json\/wp\/v2\/product"}],"about":[{"href":"https:\/\/mundodacachaca.pt\/de\/wp-json\/wp\/v2\/types\/product"}],"replies":[{"embeddable":true,"href":"https:\/\/mundodacachaca.pt\/de\/wp-json\/wp\/v2\/comments?post=7223"}],"version-history":[{"count":1,"href":"https:\/\/mundodacachaca.pt\/de\/wp-json\/wp\/v2\/product\/7223\/revisions"}],"predecessor-version":[{"id":7731,"href":"https:\/\/mundodacachaca.pt\/de\/wp-json\/wp\/v2\/product\/7223\/revisions\/7731"}],"wp:featuredmedia":[{"embeddable":true,"href":"https:\/\/mundodacachaca.pt\/de\/wp-json\/wp\/v2\/media\/7224"}],"wp:attachment":[{"href":"https:\/\/mundodacachaca.pt\/de\/wp-json\/wp\/v2\/media?parent=7223"}],"wp:term":[{"taxonomy":"product_cat","embeddable":true,"href":"https:\/\/mundodacachaca.pt\/de\/wp-json\/wp\/v2\/product_cat?post=7223"},{"taxonomy":"product_tag","embeddable":true,"href":"https:\/\/mundodacachaca.pt\/de\/wp-json\/wp\/v2\/product_tag?post=7223"}],"curies":[{"name":"wp","href":"https:\/\/api.w.org\/{rel}","templated":true}]}}