{"id":7500,"date":"2023-12-20T14:06:16","date_gmt":"2023-12-20T14:06:16","guid":{"rendered":"https:\/\/darkgray-okapi-906744.hostingersite.com\/?post_type=product&#038;p=7500"},"modified":"2023-12-20T15:02:17","modified_gmt":"2023-12-20T15:02:17","slug":"cachaca-de-alambique-aluarez-premium-700ml","status":"publish","type":"product","link":"https:\/\/mundodacachaca.pt\/de\/produkt\/cachaca-de-alambique-aluarez-premium-700ml\/","title":{"rendered":"Aluarez Premium Still Cacha\u00e7a 700ml"},"content":{"rendered":"","protected":false},"excerpt":{"rendered":"<p>Cacha\u00e7a de alambique Aluarez Premium, um blend \u00fanico, suave e adocicado, com envelhecimento em barris de madeiras brasileiras b\u00e1lsamo e amburana. Uma bebida produzida no Rio Grande do Sul, Brasil.<\/p>","protected":false},"featured_media":7502,"comment_status":"closed","ping_status":"closed","template":"","meta":{"_acf_changed":false,"_monsterinsights_skip_tracking":false,"_monsterinsights_sitenote_active":false,"_monsterinsights_sitenote_note":"","_monsterinsights_sitenote_category":0,"_joinchat":[]},"product_cat":[237,217,218,352],"product_tag":[75,333,305,355,356,328],"class_list":{"0":"post-7500","1":"product","2":"type-product","3":"status-publish","4":"has-post-thumbnail","6":"product_cat-700ml","7":"product_cat-cachaca","8":"product_cat-envelhecida","9":"product_cat-premium","10":"product_tag-amburana","11":"product_tag-balsamo","12":"product_tag-blend","13":"product_tag-cachaca-premium","14":"product_tag-envelheida","15":"product_tag-rio-grande-do-sul","16":"pa_categoria-premium","17":"pa_graduacao_alcoolica-319","18":"pa_madeira-blend-7-madeiras","19":"pa_origem-areia-pernambuco","20":"pa_tempo_envelhecimento-1-a-10-anos","21":"pa_volume-700ml","23":"first","24":"instock","25":"taxable","26":"shipping-taxable","27":"purchasable","28":"product-type-simple","swatches":"rey-swatches","show_selected":""},"aioseo_notices":[],"acf":[],"_links":{"self":[{"href":"https:\/\/mundodacachaca.pt\/de\/wp-json\/wp\/v2\/product\/7500","targetHints":{"allow":["GET"]}}],"collection":[{"href":"https:\/\/mundodacachaca.pt\/de\/wp-json\/wp\/v2\/product"}],"about":[{"href":"https:\/\/mundodacachaca.pt\/de\/wp-json\/wp\/v2\/types\/product"}],"replies":[{"embeddable":true,"href":"https:\/\/mundodacachaca.pt\/de\/wp-json\/wp\/v2\/comments?post=7500"}],"version-history":[{"count":0,"href":"https:\/\/mundodacachaca.pt\/de\/wp-json\/wp\/v2\/product\/7500\/revisions"}],"wp:featuredmedia":[{"embeddable":true,"href":"https:\/\/mundodacachaca.pt\/de\/wp-json\/wp\/v2\/media\/7502"}],"wp:attachment":[{"href":"https:\/\/mundodacachaca.pt\/de\/wp-json\/wp\/v2\/media?parent=7500"}],"wp:term":[{"taxonomy":"product_cat","embeddable":true,"href":"https:\/\/mundodacachaca.pt\/de\/wp-json\/wp\/v2\/product_cat?post=7500"},{"taxonomy":"product_tag","embeddable":true,"href":"https:\/\/mundodacachaca.pt\/de\/wp-json\/wp\/v2\/product_tag?post=7500"}],"curies":[{"name":"wp","href":"https:\/\/api.w.org\/{rel}","templated":true}]}}