{"id":4966,"date":"2021-04-12T23:19:18","date_gmt":"2021-04-12T22:19:18","guid":{"rendered":"https:\/\/darkgray-okapi-906744.hostingersite.com\/?page_id=4966"},"modified":"2021-04-12T23:22:39","modified_gmt":"2021-04-12T22:22:39","slug":"faq","status":"publish","type":"page","link":"https:\/\/mundodacachaca.pt\/en\/faq\/","title":{"rendered":"Faq&#8217;s"},"content":{"rendered":"<div data-elementor-type=\"wp-page\" data-elementor-id=\"4966\" class=\"elementor elementor-4966\" data-elementor-post-type=\"page\">\n\t\t\t\t\t\t<section class=\"elementor-section elementor-top-section elementor-element elementor-element-81b7e3f elementor-section-boxed elementor-section-height-default elementor-section-height-default\" data-id=\"81b7e3f\" data-element_type=\"section\" data-e-type=\"section\">\n\t\t\t\t\t\t<div class=\"elementor-container elementor-column-gap-default\">\n\t\t\t\t\t<div class=\"elementor-column elementor-col-100 elementor-top-column elementor-element elementor-element-81de20d\" data-id=\"81de20d\" data-element_type=\"column\" data-e-type=\"column\">\n\t\t\t<div class=\"elementor-column-wrap--81de20d elementor-widget-wrap elementor-element-populated\">\n\t\t\t\t\t\t<div class=\"elementor-element elementor-element-8eaf431 elementor-widget elementor-widget-heading\" data-id=\"8eaf431\" data-element_type=\"widget\" data-e-type=\"widget\" data-widget_type=\"heading.default\">\n\t\t\t\t<div class=\"elementor-widget-container\">\n\t\t\t\t\t<h2 class=\"elementor-heading-title elementor-size-default\">FAQ&#039;S<\/h2>\t\t\t\t<\/div>\n\t\t\t\t<\/div>\n\t\t\t\t<div class=\"elementor-element elementor-element-685ba6c elementor-widget elementor-widget-text-editor\" data-id=\"685ba6c\" data-element_type=\"widget\" data-e-type=\"widget\" data-widget_type=\"text-editor.default\">\n\t\t\t\t<div class=\"elementor-widget-container\">\n\t\t\t\t\t\t\t\t\t<div class=\"section-header\"><h1 class=\"section-header--title\"><strong style=\"color: inherit; font-family: inherit; font-size: var(--h4-font-size); background-color: var(--body-bg-color);\">PAYMENT METHODS:<\/strong><\/h1><\/div><div class=\"rte\"><ul><li><strong>ATM<\/strong>: After finalizing the order, you will receive, via e-mail, the payment details related to your order. Payment confirmation is automatic so you will not need to send us proof.<\/li><li><strong>MB Way<\/strong>: This form of payment is an option only for those who have an account and associated mobile phone number on the MB Way platform.<\/li><li><strong>Credit card<\/strong>: We accept payments with Visa, American Express or MasterCard. For your security, all transactions are encrypted. The payment will be captured as soon as our team confirms the order.<\/li><li><strong>PayPal<\/strong>: This payment method is only an option for those who have a PayPal account.\u00a0<\/li><\/ul><h4><strong>PERSONAL DATA<\/strong><\/h4><p>The personal data you provide to us - name, address or telephone contact - are only used for the specific reason why you provided them. If we ask you for personal information for any other reason, such as for marketing purposes, you will receive a request for authorization to do so and will have the opportunity to say no.<\/p><h4><strong>SHIPPING OPTIONS<\/strong><\/h4><p>Our shipments are made through UPS. Orders are delivered by hand between 9 am and 6 pm. In exceptional periods, such as the one caused by COVID-19, delivery times (usually 1 to 2 business days after dispatch) can be extended.<\/p><h4><strong>SHIPPING COSTS<\/strong><\/h4><p>Shipping costs are calculated at the end of each order based on the weight of the order and the destination, with a minimum value of \u20ac 5.00.<\/p><h3><strong>ORDER CONFIRMATION AND SALES CONDITIONS<\/strong><\/h3><p>Acceptance of all orders and their terms is subject to our re-confirmation by one of our employees. All orders resulting from errors on the website, including price update errors, system errors or any typographical errors, will be considered null and invalid.<\/p><\/div>\t\t\t\t\t\t\t\t<\/div>\n\t\t\t\t<\/div>\n\t\t\t\t\t<\/div>\n\t\t<\/div>\n\t\t\t\t\t<\/div>\n\t\t<\/section>\n\t\t\t\t<\/div>","protected":false},"excerpt":{"rendered":"<p>FAQ&#8217;S M\u00c9TODOS DE PAGAMENTO: Multibanco:&nbsp;Ap\u00f3s finalizar a encomenda receber\u00e1, via e-mail,&nbsp;os dados de pagamento relativos \u00e0 sua encomenda. A confirma\u00e7\u00e3o do pagamento \u00e9 autom\u00e1tica pelo que n\u00e3o necessitar\u00e1 de nos enviar comprovativo. MB Way:&nbsp;Esta forma de pagamento \u00e9&nbsp;op\u00e7\u00e3o apenas para quem tem conta e n\u00famero de telem\u00f3vel associado na plataforma MB Way. Cart\u00e3o de Cr\u00e9dito:&nbsp;Aceitamos [&hellip;]<\/p>","protected":false},"author":1,"featured_media":0,"parent":0,"menu_order":0,"comment_status":"closed","ping_status":"closed","template":"","meta":{"_acf_changed":false,"_monsterinsights_skip_tracking":false,"_monsterinsights_sitenote_active":false,"_monsterinsights_sitenote_note":"","_monsterinsights_sitenote_category":0,"_joinchat":[],"footnotes":""},"class_list":["post-4966","page","type-page","status-publish","hentry"],"aioseo_notices":[],"acf":[],"_links":{"self":[{"href":"https:\/\/mundodacachaca.pt\/en\/wp-json\/wp\/v2\/pages\/4966","targetHints":{"allow":["GET"]}}],"collection":[{"href":"https:\/\/mundodacachaca.pt\/en\/wp-json\/wp\/v2\/pages"}],"about":[{"href":"https:\/\/mundodacachaca.pt\/en\/wp-json\/wp\/v2\/types\/page"}],"author":[{"embeddable":true,"href":"https:\/\/mundodacachaca.pt\/en\/wp-json\/wp\/v2\/users\/1"}],"replies":[{"embeddable":true,"href":"https:\/\/mundodacachaca.pt\/en\/wp-json\/wp\/v2\/comments?post=4966"}],"version-history":[{"count":0,"href":"https:\/\/mundodacachaca.pt\/en\/wp-json\/wp\/v2\/pages\/4966\/revisions"}],"wp:attachment":[{"href":"https:\/\/mundodacachaca.pt\/en\/wp-json\/wp\/v2\/media?parent=4966"}],"curies":[{"name":"wp","href":"https:\/\/api.w.org\/{rel}","templated":true}]}}