{"id":626,"date":"2020-12-16T21:13:52","date_gmt":"2020-12-16T21:13:52","guid":{"rendered":"https:\/\/darkgray-okapi-906744.hostingersite.com\/?page_id=626"},"modified":"2021-04-12T22:37:30","modified_gmt":"2021-04-12T21:37:30","slug":"politica-de-cookies","status":"publish","type":"page","link":"https:\/\/mundodacachaca.pt\/en\/politica-de-cookies\/","title":{"rendered":"Cookies Policy"},"content":{"rendered":"<div data-elementor-type=\"wp-page\" data-elementor-id=\"626\" class=\"elementor elementor-626\" data-elementor-post-type=\"page\">\n\t\t\t\t\t\t<section class=\"elementor-section elementor-top-section elementor-element elementor-element-6baa093 elementor-section-boxed elementor-section-height-default elementor-section-height-default\" data-id=\"6baa093\" data-element_type=\"section\" data-e-type=\"section\">\n\t\t\t\t\t\t<div class=\"elementor-container elementor-column-gap-default\">\n\t\t\t\t\t<div class=\"elementor-column elementor-col-100 elementor-top-column elementor-element elementor-element-6ec5ce5\" data-id=\"6ec5ce5\" data-element_type=\"column\" data-e-type=\"column\">\n\t\t\t<div class=\"elementor-column-wrap--6ec5ce5 elementor-widget-wrap elementor-element-populated\">\n\t\t\t\t\t\t<div class=\"elementor-element elementor-element-a22edf1 elementor-widget elementor-widget-heading\" data-id=\"a22edf1\" data-element_type=\"widget\" data-e-type=\"widget\" data-widget_type=\"heading.default\">\n\t\t\t\t<div class=\"elementor-widget-container\">\n\t\t\t\t\t<h2 class=\"elementor-heading-title elementor-size-default\">Cookies Policy<\/h2>\t\t\t\t<\/div>\n\t\t\t\t<\/div>\n\t\t\t\t<div class=\"elementor-element elementor-element-23f44ac elementor-widget elementor-widget-text-editor\" data-id=\"23f44ac\" data-element_type=\"widget\" data-e-type=\"widget\" data-widget_type=\"text-editor.default\">\n\t\t\t\t<div class=\"elementor-widget-container\">\n\t\t\t\t\t\t\t\t\t<p><strong>\u201c<\/strong><strong>Cookies<\/strong><strong>&quot;<\/strong><strong>\u00a0is\u00a0<\/strong><strong>a term that refers<\/strong><strong>\u00a0to a standard feature found in your Internet browser (eg Explorer, Crome,\u00a0<\/strong><strong>Firefox,\u00a0<\/strong><strong>Safari etc.), which individualizes each user&#039;s navigation.<\/strong><strong><br \/><\/strong><\/p><p>Because of this, an anonymous and random identification number is registered on your computer. &#039;Cookies&#039; identify only the equipment used to access our websites and applications. Cookies cannot read data from your hard drive. We do not link cookie information with users&#039; personally identifiable information.<br \/><strong><br \/>We use &#039;cookies&#039; to remember your browsing patterns on our website.<\/strong><strong><br \/><\/strong><\/p><p>Our goal in these cases is to make your experience with \u201c<strong>WORLD OF CACHA\u00c7A<\/strong>\u201dIs more useful, more agile and personalized.<\/p><p>If you want to disable the use of &quot;Cookies&quot; in your browser, please follow the steps below according to your browser. We inform you that this can affect the agility and \/ or speed of your browsing, possibly resulting in a non-optimized experience.<\/p><p>How to disable cookies on major browsers<\/p><p><strong>IN YOUR COMPUTER:<\/strong><\/p><p><strong>Internet Explorer<\/strong><\/p><ul><li>Tap or click on the \u201cInternet Explorer\u201d icon on the desktop or the taskbar;<\/li><li>Tap or click the \u201cTools\u201d button and then \u201cInternet Options\u201d;<\/li><li>Tap or click on the &quot;Privacy&quot; tab and then &quot;Settings&quot;. Select the option to block all cookies and click &quot;OK&quot;.<\/li><\/ul><p><strong><br \/>Google Chrome<\/strong><\/p><ul><li>Click the Google Chrome menu icon;<\/li><li>Select &quot;Settings&quot;;<\/li><li>At the bottom of the page, click on \u201cShow advanced settings\u201d;<\/li><li>In the \u201cPrivacy\u201d section, click on Content settings;<\/li><li>To disable cookies, select &quot;Block settings for any website data&quot;.<\/li><\/ul><p><strong><br \/>Firefox<\/strong><\/p><ul><li>At the top of the Firefox window, click the Firefox button, select Options, and in the next window, click on the \u201cPrivacy\u201d item<\/li><li>In the option &quot;Firefox should:&quot; select &quot;Use my settings&quot;;<\/li><li>Check &quot;Sites can set cookies&quot; to enable Cookies or uncheck to disable them.<\/li><\/ul><p><strong><br \/>IN BROWSERS FROM YOUR MOBILE DEVICE:<\/strong><\/p><ul><li>On Apple devices like iPhone and iPad<\/li><li>To modify the security settings, tap Settings&gt; Safari;<\/li><li>To set whether Safari blocks cookies, tap Block Cookies and choose &quot;Never&quot;, &quot;Third-party and advertisers&quot; or &quot;Always&quot;.<\/li><\/ul><p><strong><br \/>On Android device<\/strong><\/p><ul><li>Open your Android device&#039;s default browser;<\/li><li>Once the browser opens, click the Menu button on your phone;<\/li><li>Select &quot;More options&quot;;<\/li><li>Select the &quot;Settings&quot; option in the &quot;More options&quot; menu;<\/li><li>Scroll down the list until you find the option &quot;Accept cookies&quot;. Click this option to change to &quot;Do not accept cookies&quot;.<\/li><\/ul>\t\t\t\t\t\t\t\t<\/div>\n\t\t\t\t<\/div>\n\t\t\t\t\t<\/div>\n\t\t<\/div>\n\t\t\t\t\t<\/div>\n\t\t<\/section>\n\t\t\t\t<\/div>","protected":false},"excerpt":{"rendered":"<p>Pol\u00edtica de Cookies \u201cCookies\u201d&nbsp;\u00e9&nbsp;um termo que se refere&nbsp;a um recurso padr\u00e3o encontrado em seu navegador de Internet (Ex.: Explorer, Crome,&nbsp;Firefox,&nbsp;Safari etc.), que individualiza a navega\u00e7\u00e3o de cada usu\u00e1rio. Por conta disso, um n\u00famero de identifica\u00e7\u00e3o an\u00f4nimo e aleat\u00f3rio fica registrado em seu computador. Os &#8216;cookies&#8217; identificam apenas o equipamento usado para acessar os nossos sites [&hellip;]<\/p>","protected":false},"author":1,"featured_media":0,"parent":0,"menu_order":0,"comment_status":"closed","ping_status":"closed","template":"elementor_header_footer","meta":{"_acf_changed":false,"_monsterinsights_skip_tracking":false,"_monsterinsights_sitenote_active":false,"_monsterinsights_sitenote_note":"","_monsterinsights_sitenote_category":0,"_joinchat":[],"footnotes":""},"class_list":["post-626","page","type-page","status-publish","hentry"],"aioseo_notices":[],"acf":[],"_links":{"self":[{"href":"https:\/\/mundodacachaca.pt\/en\/wp-json\/wp\/v2\/pages\/626","targetHints":{"allow":["GET"]}}],"collection":[{"href":"https:\/\/mundodacachaca.pt\/en\/wp-json\/wp\/v2\/pages"}],"about":[{"href":"https:\/\/mundodacachaca.pt\/en\/wp-json\/wp\/v2\/types\/page"}],"author":[{"embeddable":true,"href":"https:\/\/mundodacachaca.pt\/en\/wp-json\/wp\/v2\/users\/1"}],"replies":[{"embeddable":true,"href":"https:\/\/mundodacachaca.pt\/en\/wp-json\/wp\/v2\/comments?post=626"}],"version-history":[{"count":1,"href":"https:\/\/mundodacachaca.pt\/en\/wp-json\/wp\/v2\/pages\/626\/revisions"}],"predecessor-version":[{"id":7893,"href":"https:\/\/mundodacachaca.pt\/en\/wp-json\/wp\/v2\/pages\/626\/revisions\/7893"}],"wp:attachment":[{"href":"https:\/\/mundodacachaca.pt\/en\/wp-json\/wp\/v2\/media?parent=626"}],"curies":[{"name":"wp","href":"https:\/\/api.w.org\/{rel}","templated":true}]}}