{"id":168,"date":"2020-12-14T23:05:44","date_gmt":"2020-12-14T23:05:44","guid":{"rendered":"https:\/\/darkgray-okapi-906744.hostingersite.com\/?post_type=product&#038;p=168"},"modified":"2025-10-21T12:52:03","modified_gmt":"2025-10-21T11:52:03","slug":"cachaca-com-jambu-meu-garoto-700ml","status":"publish","type":"product","link":"https:\/\/mundodacachaca.pt\/en\/product\/cachaca-com-jambu-meu-garoto-700ml\/","title":{"rendered":"Cacha\u00e7a with Jambu My Boy 700ml"},"content":{"rendered":"","protected":false},"excerpt":{"rendered":"<p>Bebida composta de cacha\u00e7a e flor de Jambu. A folha de Jambu sempre foi utilizada pelos \u00edndios da Amazonia na sua culin\u00e1ria e pelo poder medicinal. A cacha\u00e7a <strong>Meu Garoto - Jambu<\/strong> te oferece a experiencia \u00fanica da sensa\u00e7\u00e3o de ter a boca tremendo e anestesiada. Isso mesmo! Sua boca fica com sensa\u00e7\u00e3o de estar tremendo e anestesiada! Para obter melhores resultados, quando for beber, deixe o liquido na boca e conte at\u00e9 7 antes de engolir. A sensa\u00e7\u00e3o \u00e9 \u00fanica!<\/p>","protected":false},"featured_media":37,"comment_status":"open","ping_status":"closed","template":"","meta":{"_acf_changed":false,"_monsterinsights_skip_tracking":false,"_monsterinsights_sitenote_active":false,"_monsterinsights_sitenote_note":"","_monsterinsights_sitenote_category":0,"_joinchat":[]},"product_cat":[237,219,217],"product_tag":[233,22,20,21,67,66],"class_list":{"0":"post-168","1":"product","2":"type-product","3":"status-publish","4":"has-post-thumbnail","6":"product_cat-700ml","7":"product_cat-bebida-mista","8":"product_cat-cachaca","9":"product_tag-700ml","10":"product_tag-bebida-mista","11":"product_tag-cachaca","12":"product_tag-envelhecida","13":"product_tag-jambu","14":"product_tag-meugaroto","15":"pa_categoria-bebida-mista","16":"pa_graduacao_alcoolica-44","17":"pa_origem-_belem","18":"pa_volume-700ml","20":"first","21":"instock","22":"taxable","23":"shipping-taxable","24":"purchasable","25":"product-type-simple","swatches":"rey-swatches","show_selected":""},"aioseo_notices":[],"acf":[],"_links":{"self":[{"href":"https:\/\/mundodacachaca.pt\/en\/wp-json\/wp\/v2\/product\/168","targetHints":{"allow":["GET"]}}],"collection":[{"href":"https:\/\/mundodacachaca.pt\/en\/wp-json\/wp\/v2\/product"}],"about":[{"href":"https:\/\/mundodacachaca.pt\/en\/wp-json\/wp\/v2\/types\/product"}],"replies":[{"embeddable":true,"href":"https:\/\/mundodacachaca.pt\/en\/wp-json\/wp\/v2\/comments?post=168"}],"version-history":[{"count":2,"href":"https:\/\/mundodacachaca.pt\/en\/wp-json\/wp\/v2\/product\/168\/revisions"}],"predecessor-version":[{"id":7895,"href":"https:\/\/mundodacachaca.pt\/en\/wp-json\/wp\/v2\/product\/168\/revisions\/7895"}],"wp:featuredmedia":[{"embeddable":true,"href":"https:\/\/mundodacachaca.pt\/en\/wp-json\/wp\/v2\/media\/37"}],"wp:attachment":[{"href":"https:\/\/mundodacachaca.pt\/en\/wp-json\/wp\/v2\/media?parent=168"}],"wp:term":[{"taxonomy":"product_cat","embeddable":true,"href":"https:\/\/mundodacachaca.pt\/en\/wp-json\/wp\/v2\/product_cat?post=168"},{"taxonomy":"product_tag","embeddable":true,"href":"https:\/\/mundodacachaca.pt\/en\/wp-json\/wp\/v2\/product_tag?post=168"}],"curies":[{"name":"wp","href":"https:\/\/api.w.org\/{rel}","templated":true}]}}