{"id":7192,"date":"2023-05-29T10:56:03","date_gmt":"2023-05-29T09:56:03","guid":{"rendered":"https:\/\/darkgray-okapi-906744.hostingersite.com\/?post_type=product&#038;p=7192"},"modified":"2026-02-24T10:14:46","modified_gmt":"2026-02-24T10:14:46","slug":"cachaca-de-alambique-arborea-prata-70cl","status":"publish","type":"product","link":"https:\/\/mundodacachaca.pt\/en\/product\/cachaca-de-alambique-arborea-prata-70cl\/","title":{"rendered":"Arborea Silver Still Cacha\u00e7a 70cl"},"content":{"rendered":"<p>A Arb\u00f3rea Prata \u00e9 l\u00edmpida e elegante, entrega aromas frescos e florais equilibrados \u00e0 textura delicada.<\/p>","protected":false},"excerpt":{"rendered":"<p>A Arb\u00f3rea Prata \u00e9 l\u00edmpida e elegante, entrega aromas frescos e florais equilibrados \u00e0 textura delicada.<\/p>","protected":false},"featured_media":7193,"comment_status":"closed","ping_status":"closed","template":"","meta":{"_acf_changed":false,"_monsterinsights_skip_tracking":false,"_monsterinsights_sitenote_active":false,"_monsterinsights_sitenote_note":"","_monsterinsights_sitenote_category":0,"_joinchat":[]},"product_cat":[237,220,217,307],"product_tag":[322,242,264],"class_list":{"0":"post-7192","1":"product","2":"type-product","3":"status-publish","4":"has-post-thumbnail","6":"product_cat-700ml","7":"product_cat-brancas","8":"product_cat-cachaca","9":"product_cat-promocoes","10":"product_tag-arborea","11":"product_tag-minas-gerais","12":"product_tag-prata","13":"pa_categoria-branca_prata","14":"pa_graduacao_alcoolica-319","15":"pa_origem-pirapetinga-minas-gerais","16":"pa_volume-700ml","18":"first","19":"instock","20":"sale","21":"taxable","22":"shipping-taxable","23":"purchasable","24":"product-type-simple","swatches":"rey-swatches","show_selected":""},"aioseo_notices":[],"acf":[],"_links":{"self":[{"href":"https:\/\/mundodacachaca.pt\/en\/wp-json\/wp\/v2\/product\/7192","targetHints":{"allow":["GET"]}}],"collection":[{"href":"https:\/\/mundodacachaca.pt\/en\/wp-json\/wp\/v2\/product"}],"about":[{"href":"https:\/\/mundodacachaca.pt\/en\/wp-json\/wp\/v2\/types\/product"}],"replies":[{"embeddable":true,"href":"https:\/\/mundodacachaca.pt\/en\/wp-json\/wp\/v2\/comments?post=7192"}],"version-history":[{"count":1,"href":"https:\/\/mundodacachaca.pt\/en\/wp-json\/wp\/v2\/product\/7192\/revisions"}],"predecessor-version":[{"id":7723,"href":"https:\/\/mundodacachaca.pt\/en\/wp-json\/wp\/v2\/product\/7192\/revisions\/7723"}],"wp:featuredmedia":[{"embeddable":true,"href":"https:\/\/mundodacachaca.pt\/en\/wp-json\/wp\/v2\/media\/7193"}],"wp:attachment":[{"href":"https:\/\/mundodacachaca.pt\/en\/wp-json\/wp\/v2\/media?parent=7192"}],"wp:term":[{"taxonomy":"product_cat","embeddable":true,"href":"https:\/\/mundodacachaca.pt\/en\/wp-json\/wp\/v2\/product_cat?post=7192"},{"taxonomy":"product_tag","embeddable":true,"href":"https:\/\/mundodacachaca.pt\/en\/wp-json\/wp\/v2\/product_tag?post=7192"}],"curies":[{"name":"wp","href":"https:\/\/api.w.org\/{rel}","templated":true}]}}