{"id":7205,"date":"2023-05-29T11:26:59","date_gmt":"2023-05-29T10:26:59","guid":{"rendered":"https:\/\/darkgray-okapi-906744.hostingersite.com\/?post_type=product&#038;p=7205"},"modified":"2026-02-24T10:14:25","modified_gmt":"2026-02-24T10:14:25","slug":"cachaca-de-alambique-batista-prata-70cl","status":"publish","type":"product","link":"https:\/\/mundodacachaca.pt\/en\/product\/cachaca-de-alambique-batista-prata-70cl\/","title":{"rendered":"Batista Prata Still Cacha\u00e7a 70cl"},"content":{"rendered":"<p>Sem passagem por madeiras, \u00e9 surpreendentemente arom\u00e1tica! Descansa em ton\u00e9is de a\u00e7o inox por no m\u00ednimo 1 ano.<\/p>\n<p>Experimente pura e utilize em drinks.<\/p>\n<p>Surpreenda-se!<\/p>","protected":false},"excerpt":{"rendered":"<p>Sem passagem por madeiras, \u00e9 surpreendentemente arom\u00e1tica! Descansa em ton\u00e9is de a\u00e7o inox por no m\u00ednimo 1 ano.<\/p>\n<p>Experimente pura e utilize em drinks.<\/p>\n<p>Surpreenda-se!<\/p>","protected":false},"featured_media":7206,"comment_status":"open","ping_status":"closed","template":"","meta":{"_acf_changed":false,"_monsterinsights_skip_tracking":false,"_monsterinsights_sitenote_active":false,"_monsterinsights_sitenote_note":"","_monsterinsights_sitenote_category":0,"_joinchat":[]},"product_cat":[237,220,217,307,234],"product_tag":[325,242,264,326],"class_list":{"0":"post-7205","1":"product","2":"type-product","3":"status-publish","4":"has-post-thumbnail","6":"product_cat-700ml","7":"product_cat-brancas","8":"product_cat-cachaca","9":"product_cat-promocoes","10":"product_cat-volume","11":"product_tag-batista","12":"product_tag-minas-gerais","13":"product_tag-prata","14":"product_tag-sacramento","15":"pa_categoria-branca_prata","16":"pa_graduacao_alcoolica-45","17":"pa_origem-sacramento-minas-gerais","18":"pa_volume-700ml","20":"first","21":"instock","22":"sale","23":"taxable","24":"shipping-taxable","25":"purchasable","26":"product-type-simple","swatches":"rey-swatches","show_selected":""},"aioseo_notices":[],"acf":[],"_links":{"self":[{"href":"https:\/\/mundodacachaca.pt\/en\/wp-json\/wp\/v2\/product\/7205","targetHints":{"allow":["GET"]}}],"collection":[{"href":"https:\/\/mundodacachaca.pt\/en\/wp-json\/wp\/v2\/product"}],"about":[{"href":"https:\/\/mundodacachaca.pt\/en\/wp-json\/wp\/v2\/types\/product"}],"replies":[{"embeddable":true,"href":"https:\/\/mundodacachaca.pt\/en\/wp-json\/wp\/v2\/comments?post=7205"}],"version-history":[{"count":1,"href":"https:\/\/mundodacachaca.pt\/en\/wp-json\/wp\/v2\/product\/7205\/revisions"}],"predecessor-version":[{"id":7725,"href":"https:\/\/mundodacachaca.pt\/en\/wp-json\/wp\/v2\/product\/7205\/revisions\/7725"}],"wp:featuredmedia":[{"embeddable":true,"href":"https:\/\/mundodacachaca.pt\/en\/wp-json\/wp\/v2\/media\/7206"}],"wp:attachment":[{"href":"https:\/\/mundodacachaca.pt\/en\/wp-json\/wp\/v2\/media?parent=7205"}],"wp:term":[{"taxonomy":"product_cat","embeddable":true,"href":"https:\/\/mundodacachaca.pt\/en\/wp-json\/wp\/v2\/product_cat?post=7205"},{"taxonomy":"product_tag","embeddable":true,"href":"https:\/\/mundodacachaca.pt\/en\/wp-json\/wp\/v2\/product_tag?post=7205"}],"curies":[{"name":"wp","href":"https:\/\/api.w.org\/{rel}","templated":true}]}}