{"id":7214,"date":"2023-05-29T11:48:05","date_gmt":"2023-05-29T10:48:05","guid":{"rendered":"https:\/\/darkgray-okapi-906744.hostingersite.com\/?post_type=product&#038;p=7214"},"modified":"2024-02-19T15:10:53","modified_gmt":"2024-02-19T15:10:53","slug":"cachaca-bockorny-balsamo-70cl","status":"publish","type":"product","link":"https:\/\/mundodacachaca.pt\/en\/product\/cachaca-bockorny-balsamo-70cl\/","title":{"rendered":"Bockorny Balsamo Still Cacha\u00e7a 70cl"},"content":{"rendered":"<p>A cacha\u00e7a envelhecida em B\u00e1lsamo possui uma cor amarelo-esverdeado, isto ocorre pelo seu aroma ser bastante caracter\u00edstico, remetendo a odores mais frutados que lembram ameixa seca e especiarias. Quanto ao sabor, o B\u00e1lsamo deixa o destilado com um aspecto mais seco e com tra\u00e7os de am\u00eandoa durante a degusta\u00e7\u00e3o.<\/p>","protected":false},"excerpt":{"rendered":"<p>A cacha\u00e7a envelhecida em B\u00e1lsamo possui uma cor amarelo-esverdeado, isto ocorre pelo seu aroma ser bastante caracter\u00edstico, remetendo a odores mais frutados que lembram ameixa seca e especiarias. Quanto ao sabor, o B\u00e1lsamo deixa o destilado com um aspecto mais seco e com tra\u00e7os de am\u00eandoa durante a degusta\u00e7\u00e3o.<\/p>","protected":false},"featured_media":7215,"comment_status":"open","ping_status":"closed","template":"","meta":{"_acf_changed":false,"_monsterinsights_skip_tracking":false,"_monsterinsights_sitenote_active":false,"_monsterinsights_sitenote_note":"","_monsterinsights_sitenote_category":0,"_joinchat":[]},"product_cat":[237,217,218,234],"product_tag":[333,330,329,328],"class_list":{"0":"post-7214","1":"product","2":"type-product","3":"status-publish","4":"has-post-thumbnail","6":"product_cat-700ml","7":"product_cat-cachaca","8":"product_cat-envelhecida","9":"product_cat-volume","10":"product_tag-balsamo","11":"product_tag-bockorny","12":"product_tag-ivoti","13":"product_tag-rio-grande-do-sul","14":"pa_categoria-envelhecida","15":"pa_graduacao_alcoolica-44","16":"pa_madeira-balsamo","17":"pa_origem-_ivoti","18":"pa_volume-700ml","20":"first","21":"instock","22":"taxable","23":"shipping-taxable","24":"purchasable","25":"product-type-simple","swatches":"rey-swatches","show_selected":""},"aioseo_notices":[],"acf":[],"_links":{"self":[{"href":"https:\/\/mundodacachaca.pt\/en\/wp-json\/wp\/v2\/product\/7214","targetHints":{"allow":["GET"]}}],"collection":[{"href":"https:\/\/mundodacachaca.pt\/en\/wp-json\/wp\/v2\/product"}],"about":[{"href":"https:\/\/mundodacachaca.pt\/en\/wp-json\/wp\/v2\/types\/product"}],"replies":[{"embeddable":true,"href":"https:\/\/mundodacachaca.pt\/en\/wp-json\/wp\/v2\/comments?post=7214"}],"version-history":[{"count":1,"href":"https:\/\/mundodacachaca.pt\/en\/wp-json\/wp\/v2\/product\/7214\/revisions"}],"predecessor-version":[{"id":7727,"href":"https:\/\/mundodacachaca.pt\/en\/wp-json\/wp\/v2\/product\/7214\/revisions\/7727"}],"wp:featuredmedia":[{"embeddable":true,"href":"https:\/\/mundodacachaca.pt\/en\/wp-json\/wp\/v2\/media\/7215"}],"wp:attachment":[{"href":"https:\/\/mundodacachaca.pt\/en\/wp-json\/wp\/v2\/media?parent=7214"}],"wp:term":[{"taxonomy":"product_cat","embeddable":true,"href":"https:\/\/mundodacachaca.pt\/en\/wp-json\/wp\/v2\/product_cat?post=7214"},{"taxonomy":"product_tag","embeddable":true,"href":"https:\/\/mundodacachaca.pt\/en\/wp-json\/wp\/v2\/product_tag?post=7214"}],"curies":[{"name":"wp","href":"https:\/\/api.w.org\/{rel}","templated":true}]}}