{"id":4893,"date":"2021-04-12T23:01:50","date_gmt":"2021-04-12T22:01:50","guid":{"rendered":"https:\/\/darkgray-okapi-906744.hostingersite.com\/?page_id=4893"},"modified":"2021-04-13T19:54:14","modified_gmt":"2021-04-13T18:54:14","slug":"politica-de-privacidade","status":"publish","type":"page","link":"https:\/\/mundodacachaca.pt\/es\/politica-de-privacidade\/","title":{"rendered":"Pol\u00edtica de privacidad"},"content":{"rendered":"<div data-elementor-type=\"wp-page\" data-elementor-id=\"4893\" class=\"elementor elementor-4893\" data-elementor-post-type=\"page\">\n\t\t\t\t\t\t<section class=\"elementor-section elementor-top-section elementor-element elementor-element-6baa093 elementor-section-boxed elementor-section-height-default elementor-section-height-default\" data-id=\"6baa093\" data-element_type=\"section\" data-e-type=\"section\">\n\t\t\t\t\t\t<div class=\"elementor-container elementor-column-gap-default\">\n\t\t\t\t\t<div class=\"elementor-column elementor-col-100 elementor-top-column elementor-element elementor-element-6ec5ce5\" data-id=\"6ec5ce5\" data-element_type=\"column\" data-e-type=\"column\">\n\t\t\t<div class=\"elementor-column-wrap--6ec5ce5 elementor-widget-wrap elementor-element-populated\">\n\t\t\t\t\t\t<div class=\"elementor-element elementor-element-a22edf1 elementor-widget elementor-widget-heading\" data-id=\"a22edf1\" data-element_type=\"widget\" data-e-type=\"widget\" data-widget_type=\"heading.default\">\n\t\t\t\t<div class=\"elementor-widget-container\">\n\t\t\t\t\t<h2 class=\"elementor-heading-title elementor-size-default\">Pol\u00edtica de privacidad<\/h2>\t\t\t\t<\/div>\n\t\t\t\t<\/div>\n\t\t\t\t<div class=\"elementor-element elementor-element-23f44ac elementor-widget elementor-widget-text-editor\" data-id=\"23f44ac\" data-element_type=\"widget\" data-e-type=\"widget\" data-widget_type=\"text-editor.default\">\n\t\t\t\t<div class=\"elementor-widget-container\">\n\t\t\t\t\t\t\t\t\t<p class=\"p3\"><b>Aviso de privacidad y protecci\u00f3n de datos<\/b><\/p><p class=\"p4\">El sitio <strong>Mundo de la Cacha\u00e7a<\/strong> no recopila autom\u00e1ticamente ning\u00fan tipo de informaci\u00f3n personal de los usuarios que no est\u00e1n registrados, lo que permite a los visitantes navegar de forma an\u00f3nima.<\/p><p class=\"p5\">Por favor lee esto <em><span style=\"text-decoration: underline;\">Pol\u00edtica de privacidad<\/span><\/em> Con atenci\u00f3n, por tanto, si est\u00e1 accediendo a nuestro sitio web, el suministro de sus datos personales implica el conocimiento y aceptaci\u00f3n de las condiciones aqu\u00ed contenidas. Es <span style=\"text-decoration: underline;\"><em>Pol\u00edtica de privacidad<\/em><\/span> se aplica exclusivamente a la recopilaci\u00f3n y tratamiento de datos personales realizados por el <strong>Mundo de la Cacha\u00e7a<\/strong>. Cualquier enlace a sitios web externos al <strong>Mundo de la Cacha\u00e7a<\/strong> no est\u00e1n cubiertos por esta declaraci\u00f3n de privacidad.<\/p><p class=\"p5\">El presente <em><span style=\"text-decoration: underline;\">Pol\u00edtica de privacidad<\/span><\/em> regula la posible recopilaci\u00f3n y tratamiento, es decir, el consentimiento, en relaci\u00f3n con los datos personales recopilados o proporcionados por los usuarios en cualquier lugar del sitio <strong>Mundo de la Cacha\u00e7a<\/strong>, as\u00ed como el ejercicio de sus derechos en relaci\u00f3n con estos datos, en los t\u00e9rminos del Reglamento General de Protecci\u00f3n de Datos (Reglamento 2016\/679 del Parlamento Europeo y del Consejo, de 27 de abril de 2016).<\/p><p class=\"p6\"><b>Datos personales<\/b><\/p><p class=\"p5\">Cualquier informaci\u00f3n, de cualquier naturaleza e independientemente de su soporte, incluido el sonido y la imagen, relacionada con una persona f\u00edsica identificada o identificable.<\/p><p class=\"p5\">Una persona identificable es aquella que puede ser identificada directa o indirectamente, es decir, por referencia a un n\u00famero de identificaci\u00f3n oa uno o m\u00e1s elementos espec\u00edficos de su identidad f\u00edsica, fisiol\u00f3gica, psicol\u00f3gica, econ\u00f3mica, cultural o social.<\/p><p class=\"p5\">Por regla general, no recopilamos datos sensibles. Siempre que en cumplimiento de una obligaci\u00f3n legal o de forma voluntaria y por iniciativa del usuario se pongan a disposici\u00f3n datos sensibles, asumimos su consentimiento expl\u00edcito, libre e inequ\u00edvoco para tratar esa informaci\u00f3n en relaci\u00f3n con las finalidades para las que fue facilitada.<\/p><p class=\"p6\"><b>Responsable del procesamiento de datos<\/b><\/p><p class=\"p5\">La entidad responsable de la recogida y tratamiento de datos personales es la <strong>Mundo de la Cacha\u00e7a<\/strong>, qui\u00e9n le brinda el servicio y qui\u00e9n, en el contexto, decide qu\u00e9 datos se recopilan, los medios de procesamiento de los datos y para qu\u00e9 se utilizan.<\/p><p class=\"p6\"><b>Tipo de datos personales recopilados<\/b><\/p><p class=\"p5\">LA <strong>Mundo de la Cacha\u00e7a<\/strong>, en el \u00e1mbito de su actividad, procede a la recogida y tratamiento de los datos personales necesarios para la tramitaci\u00f3n de pedidos y comunicaci\u00f3n con los Clientes, la tramitaci\u00f3n de solicitudes de informaci\u00f3n y eventuales reclamaciones, an\u00e1lisis estad\u00edstico, as\u00ed como el uso respectivo para la fines de marketing directo, tratando datos tales como: nombre, direcciones, pa\u00eds, n\u00famero de tel\u00e9fono, n\u00famero de contribuyente, direcci\u00f3n de correo electr\u00f3nico, fecha de nacimiento e intereses personales en bebidas alcoh\u00f3licas.<\/p><p class=\"p5\">Los datos personales recabados son tratados por ordenador y en estricto cumplimiento de la legislaci\u00f3n en materia de protecci\u00f3n de datos personales, siendo almacenados en bases de datos espec\u00edficas, creadas para tal fin y garantizando su seguridad y confidencialidad de acuerdo con las medidas de tecnolog\u00edas de la informaci\u00f3n, t\u00e9cnicas y organizaciones aceptadas. , con el fin de proteger contra p\u00e9rdida, alteraci\u00f3n, destrucci\u00f3n, uso indebido en general o que los datos recopilados se utilicen para cualquier fin distinto de aqu\u00e9l para el que se otorg\u00f3 el consentimiento del interesado.<\/p><p class=\"p5\">Si desea suscribirse al bolet\u00edn informativo o se le solicita m\u00e1s informaci\u00f3n, se le presentar\u00e1 un formulario de recopilaci\u00f3n de datos personales.<\/p><p class=\"p5\">Si cumplimenta alguno de los formularios disponibles para las finalidades descritas anteriormente, consideramos que su consentimiento consciente, expreso e inequ\u00edvoco ser\u00e1 activado y posteriormente utilizado.<\/p><p class=\"p6\"><b>Finalidad del tratamiento de datos personales<\/b><\/p><p class=\"p5\">El prop\u00f3sito del procesamiento de datos personales es administrar y procesar pedidos, comunicarse con los Clientes, procesar solicitudes de informaci\u00f3n y cualquier queja.<\/p><p class=\"p5\">Peri\u00f3dicamente, el <strong>Mundo de la Cacha\u00e7a<\/strong> Puede utilizar la informaci\u00f3n de contacto proporcionada para proporcionar informaci\u00f3n que considere relevante, y el Interesado siempre puede dejar de recibir este tipo de informaci\u00f3n.<\/p><p class=\"p5\">Cuando se recopilan datos, se puede proporcionar informaci\u00f3n m\u00e1s detallada sobre el uso que haremos de sus datos.<\/p><p class=\"p5\">Los datos tambi\u00e9n se recopilan para uso exclusivo de las actividades de marketing de la empresa. <strong>Mundo de la Cacha\u00e7a<\/strong>, con el fin de recopilar estad\u00edsticas agregadas, m\u00e9tricas y elementos sobre tendencias generalizadas para la mejora y optimizaci\u00f3n de campa\u00f1as publicitarias y para otros fines de marketing, promoci\u00f3n y an\u00e1lisis.<\/p><p class=\"p6\"><b>Tiempo de retenci\u00f3n<\/b><\/p><p class=\"p5\">El per\u00edodo de tiempo durante el cual se almacenan y conservan los datos var\u00eda seg\u00fan la finalidad para la que se procesa la informaci\u00f3n y seg\u00fan las obligaciones y requisitos legales que sean de aplicaci\u00f3n, y que obliguen a conservar los datos por un per\u00edodo de tiempo m\u00ednimo. .<\/p><p class=\"p5\">As\u00ed, y siempre que no exista una obligaci\u00f3n legal espec\u00edfica, los datos ser\u00e1n almacenados y conservados \u00fanicamente durante el per\u00edodo m\u00ednimo necesario para las finalidades que motivaron su recogida o su posterior tratamiento, transcurrido el cual ser\u00e1n eliminados.<\/p><p class=\"p7\">Te recordamos expresamente que en cualquier momento puedes solicitar la eliminaci\u00f3n de todos tus datos personales de nuestras bases de datos.<span class=\"Apple-converted-space\">\u00a0<\/span><\/p><p class=\"p6\"><b>Acceso, actualizaci\u00f3n, rectificaci\u00f3n, oposici\u00f3n, limitaci\u00f3n, supresi\u00f3n y portabilidad de datos personales<\/b><\/p><p class=\"p5\">Cualquier solicitud de acceso, actualizaci\u00f3n, rectificaci\u00f3n, oposici\u00f3n, limitaci\u00f3n, supresi\u00f3n, portabilidad o no sujeci\u00f3n a decisiones individuales automatizadas de datos personales que puedan identificarle, podr\u00e1 ser requerida mediante contacto directo con el <strong>Mundo de la Cacha\u00e7a<\/strong>.<\/p><p class=\"p6\"><b>Oposici\u00f3n a recibir contactos con fines de marketing<\/b><\/p><p class=\"p5\">LA <strong>Mundo de la Cacha\u00e7a<\/strong> puede promover acciones de divulgaci\u00f3n con sus clientes, a menos que el Interesado se haya opuesto al recopilar los datos.<\/p><p class=\"p5\">Si no desea recibir esta comunicaci\u00f3n, puede oponerse, en cualquier momento, al uso de sus datos con fines de marketing y env\u00edo de comunicaciones informativas, debiendo enviar una solicitud por escrito a Mundo da Cacha\u00e7a.<\/p><p class=\"p6\"><b>Comunicaci\u00f3n de datos a otras entidades (terceros y subcontratistas)<\/b><\/p><p class=\"p5\">Como regla, el <strong>Mundo de la Cacha\u00e7a<\/strong> no comparte los datos personales de los usuarios con terceros con los que no haya establecido una relaci\u00f3n contractual que prevea el tratamiento confidencial de estos datos de acuerdo con la declaraci\u00f3n de privacidad de <strong>Mundo de la Cacha\u00e7a<\/strong>.<\/p><p class=\"p5\">LA <strong>Mundo de la Cacha\u00e7a<\/strong> podr\u00e1 comunicar sus datos personales a terceros siempre que, para ello, haya obtenido de forma inequ\u00edvoca el consentimiento de los Titulares de los Datos o incluso cuando: a) la transmisi\u00f3n se realice en el \u00e1mbito del cumplimiento de una obligaci\u00f3n legal, de un decisi\u00f3n de la Comisi\u00f3n Nacional de Protecci\u00f3n de Datos o una orden judicial o b) la comunicaci\u00f3n se lleva a cabo para proteger los intereses vitales del Interesado o cualquier otro prop\u00f3sito leg\u00edtimo previsto por la ley.<\/p><p class=\"p5\">LA <strong>Mundo de la Cacha\u00e7a<\/strong> toma las medidas oportunas, con el fin de asegurar que las entidades que tienen acceso a los datos, sean reputadas y ofrezcan las m\u00e1ximas garant\u00edas a este nivel, que quedar\u00e1n debidamente consagradas y salvaguardadas en un contrato a suscribir entre los <strong>Mundo de la Cacha\u00e7a<\/strong> y el (los) tercero (s).<\/p><p class=\"p5\">Por tanto, cualquier entidad subcontratada por <strong>Mundo de la Cacha\u00e7a<\/strong> tratar los datos personales recabados y tratados, en nombre y por cuenta del <strong>Mundo de la Cacha\u00e7a<\/strong> la obligaci\u00f3n de adoptar las medidas t\u00e9cnicas y organizativas necesarias para proteger los datos personales contra la destrucci\u00f3n, p\u00e9rdida accidental o il\u00edcita, accidental, alteraci\u00f3n, difusi\u00f3n o acceso no autorizado y contra cualquier otra forma de tratamiento il\u00edcito.<\/p><p class=\"p5\">En cualquier caso, el <strong>Mundo de la Cacha\u00e7a<\/strong> sigue siendo responsable de los datos personales recopilados.<\/p><p class=\"p6\"><b>Cambios a la pol\u00edtica de privacidad<\/b><\/p><p class=\"p5\">LA<span class=\"Apple-converted-space\">\u00a0 <\/span><strong>Mundo de la Cacha\u00e7a<\/strong> se reserva el derecho en cualquier momento y sin previo aviso y con efecto inmediato, pero sin perjuicio de los derechos legales conferidos a los Interesados, de modificar, a\u00f1adir o revocar, parcial o totalmente, este <span style=\"text-decoration: underline;\">Pol\u00edtica de privacidad<\/span>.<\/p><p class=\"p5\">Cualquier cambio se publicar\u00e1 inmediatamente en esta misma p\u00e1gina web, por lo que recomendamos visitas peri\u00f3dicas a esta p\u00e1gina para mantenerse al d\u00eda con la \u00faltima versi\u00f3n.<\/p><p class=\"p5\">Si tiene alguna pregunta o inquietud sobre c\u00f3mo <strong>Mundo de la Cacha\u00e7a<\/strong> procede al procesamiento de sus datos personales, env\u00edenos su solicitud de aclaraci\u00f3n por correo electr\u00f3nico<span class=\"Apple-converted-space\">\u00a0 <\/span>oa la direcci\u00f3n de <strong>Mundo de la Cacha\u00e7a<\/strong>.<\/p><p class=\"p5\">Bajo los t\u00e9rminos legales vigentes, queda expresamente prohibida cualquier copia, reproducci\u00f3n, difusi\u00f3n, modificaci\u00f3n, publicaci\u00f3n o cualquier uso comercial o no comercial de cualquier contenido que se encuentre en este sitio, sin la previa autorizaci\u00f3n por escrito de <strong>Mundo de la Cacha\u00e7a<\/strong>, bajo pena de acci\u00f3n judicial competente.<\/p>\t\t\t\t\t\t\t\t<\/div>\n\t\t\t\t<\/div>\n\t\t\t\t\t<\/div>\n\t\t<\/div>\n\t\t\t\t\t<\/div>\n\t\t<\/section>\n\t\t\t\t<\/div>","protected":false},"excerpt":{"rendered":"<p>Pol\u00edtica de Privacidade Nota de Privacidade e Prote\u00e7\u00e3o de Dados O site Mundo da Cacha\u00e7a n\u00e3o recolhe automaticamente qualquer tipo de informa\u00e7\u00e3o pessoal dos utilizadores que n\u00e3o se encontrem registados, permitindo assim que os visitantes naveguem anonimamente. Leia, por favor, esta Pol\u00edtica de Privacidade com aten\u00e7\u00e3o pois, se est\u00e1 a aceder ao nosso website, a [&hellip;]<\/p>","protected":false},"author":1,"featured_media":0,"parent":0,"menu_order":0,"comment_status":"closed","ping_status":"closed","template":"elementor_header_footer","meta":{"_acf_changed":false,"_monsterinsights_skip_tracking":false,"_monsterinsights_sitenote_active":false,"_monsterinsights_sitenote_note":"","_monsterinsights_sitenote_category":0,"_joinchat":[],"footnotes":""},"class_list":["post-4893","page","type-page","status-publish","hentry"],"aioseo_notices":[],"acf":[],"_links":{"self":[{"href":"https:\/\/mundodacachaca.pt\/es\/wp-json\/wp\/v2\/pages\/4893","targetHints":{"allow":["GET"]}}],"collection":[{"href":"https:\/\/mundodacachaca.pt\/es\/wp-json\/wp\/v2\/pages"}],"about":[{"href":"https:\/\/mundodacachaca.pt\/es\/wp-json\/wp\/v2\/types\/page"}],"author":[{"embeddable":true,"href":"https:\/\/mundodacachaca.pt\/es\/wp-json\/wp\/v2\/users\/1"}],"replies":[{"embeddable":true,"href":"https:\/\/mundodacachaca.pt\/es\/wp-json\/wp\/v2\/comments?post=4893"}],"version-history":[{"count":1,"href":"https:\/\/mundodacachaca.pt\/es\/wp-json\/wp\/v2\/pages\/4893\/revisions"}],"predecessor-version":[{"id":7894,"href":"https:\/\/mundodacachaca.pt\/es\/wp-json\/wp\/v2\/pages\/4893\/revisions\/7894"}],"wp:attachment":[{"href":"https:\/\/mundodacachaca.pt\/es\/wp-json\/wp\/v2\/media?parent=4893"}],"curies":[{"name":"wp","href":"https:\/\/api.w.org\/{rel}","templated":true}]}}