{"id":626,"date":"2020-12-16T21:13:52","date_gmt":"2020-12-16T21:13:52","guid":{"rendered":"https:\/\/darkgray-okapi-906744.hostingersite.com\/?page_id=626"},"modified":"2021-04-12T22:37:30","modified_gmt":"2021-04-12T21:37:30","slug":"politica-de-cookies","status":"publish","type":"page","link":"https:\/\/mundodacachaca.pt\/es\/politica-de-cookies\/","title":{"rendered":"Pol\u00edtica de cookies"},"content":{"rendered":"<div data-elementor-type=\"wp-page\" data-elementor-id=\"626\" class=\"elementor elementor-626\" data-elementor-post-type=\"page\">\n\t\t\t\t\t\t<section class=\"elementor-section elementor-top-section elementor-element elementor-element-6baa093 elementor-section-boxed elementor-section-height-default elementor-section-height-default\" data-id=\"6baa093\" data-element_type=\"section\" data-e-type=\"section\">\n\t\t\t\t\t\t<div class=\"elementor-container elementor-column-gap-default\">\n\t\t\t\t\t<div class=\"elementor-column elementor-col-100 elementor-top-column elementor-element elementor-element-6ec5ce5\" data-id=\"6ec5ce5\" data-element_type=\"column\" data-e-type=\"column\">\n\t\t\t<div class=\"elementor-column-wrap--6ec5ce5 elementor-widget-wrap elementor-element-populated\">\n\t\t\t\t\t\t<div class=\"elementor-element elementor-element-a22edf1 elementor-widget elementor-widget-heading\" data-id=\"a22edf1\" data-element_type=\"widget\" data-e-type=\"widget\" data-widget_type=\"heading.default\">\n\t\t\t\t<div class=\"elementor-widget-container\">\n\t\t\t\t\t<h2 class=\"elementor-heading-title elementor-size-default\">Pol\u00edtica de cookies<\/h2>\t\t\t\t<\/div>\n\t\t\t\t<\/div>\n\t\t\t\t<div class=\"elementor-element elementor-element-23f44ac elementor-widget elementor-widget-text-editor\" data-id=\"23f44ac\" data-element_type=\"widget\" data-e-type=\"widget\" data-widget_type=\"text-editor.default\">\n\t\t\t\t<div class=\"elementor-widget-container\">\n\t\t\t\t\t\t\t\t\t<p><strong>&quot;<\/strong><strong>Galletas<\/strong><strong>&quot;<\/strong><strong>\u00a0Es\u00a0<\/strong><strong>un t\u00e9rmino que se refiere<\/strong><strong>\u00a0a una funci\u00f3n est\u00e1ndar que se encuentra en su navegador de Internet (por ejemplo, Explorer, Crome,\u00a0<\/strong><strong>Firefox,\u00a0<\/strong><strong>Safari, etc.), que individualiza la navegaci\u00f3n de cada usuario.<\/strong><strong><br \/><\/strong><\/p><p>Debido a esto, se registra un n\u00famero de identificaci\u00f3n an\u00f3nimo y aleatorio en su computadora. Las &#039;cookies&#039; identifican solo el equipo utilizado para acceder a nuestros sitios web y aplicaciones. Las cookies no pueden leer datos de su disco duro. No vinculamos la informaci\u00f3n de las cookies con la informaci\u00f3n de identificaci\u00f3n personal de los usuarios.<br \/><strong><br \/>Usamos &#039;cookies&#039; para recordar sus patrones de navegaci\u00f3n en nuestro sitio web.<\/strong><strong><br \/><\/strong><\/p><p>Nuestro objetivo en estos casos es hacer que su experiencia con &quot;<strong>MUNDO DE CACHA\u00c7A<\/strong>\u201dEs m\u00e1s \u00fatil, m\u00e1s \u00e1gil y personalizado.<\/p><p>Si desea desactivar el uso de &quot;Cookies&quot; en su navegador, siga los pasos a continuaci\u00f3n seg\u00fan su navegador. Le informamos que esto puede afectar la agilidad y \/ o velocidad de su navegaci\u00f3n, posiblemente resultando en una experiencia no optimizada.<\/p><p>C\u00f3mo deshabilitar las cookies en los principales navegadores<\/p><p><strong>EN SU COMPUTADORA:<\/strong><\/p><p><strong>explorador de Internet<\/strong><\/p><ul><li>Toque o haga clic en el icono &quot;Internet Explorer&quot; en el escritorio o en la barra de tareas;<\/li><li>Toque o haga clic en el bot\u00f3n &quot;Herramientas&quot; y luego en &quot;Opciones de Internet&quot;;<\/li><li>Toque o haga clic en la pesta\u00f1a &quot;Privacidad&quot; y luego en &quot;Configuraci\u00f3n&quot;. Seleccione la opci\u00f3n para bloquear todas las cookies y haga clic en &quot;Aceptar&quot;.<\/li><\/ul><p><strong><br \/>Google Chrome<\/strong><\/p><ul><li>Haga clic en el icono del men\u00fa de Google Chrome;<\/li><li>Seleccione &quot;Configuraci\u00f3n&quot;;<\/li><li>En la parte inferior de la p\u00e1gina, haga clic en &quot;Mostrar configuraci\u00f3n avanzada&quot;;<\/li><li>En la secci\u00f3n &quot;Privacidad&quot;, haga clic en Configuraci\u00f3n de contenido;<\/li><li>Para deshabilitar las cookies, seleccione &quot;Bloquear la configuraci\u00f3n de los datos de cualquier sitio web&quot;.<\/li><\/ul><p><strong><br \/>Firefox<\/strong><\/p><ul><li>En la parte superior de la ventana de Firefox, haga clic en el bot\u00f3n de Firefox, seleccione Opciones y, en la siguiente ventana, haga clic en el elemento &quot;Privacidad&quot;<\/li><li>En la opci\u00f3n &quot;Firefox deber\u00eda:&quot; seleccionar &quot;Usar mi configuraci\u00f3n&quot;;<\/li><li>Marque &quot;Los sitios pueden establecer cookies&quot; para habilitar las cookies o desmarque para deshabilitarlas.<\/li><\/ul><p><strong><br \/>EN NAVEGADORES DESDE SU DISPOSITIVO M\u00d3VIL:<\/strong><\/p><ul><li>En dispositivos Apple como iPhone y iPad<\/li><li>Para modificar la configuraci\u00f3n de seguridad, toque Configuraci\u00f3n&gt; Safari;<\/li><li>Para configurar si Safari bloquea las cookies, toque Bloquear cookies y elija &quot;Nunca&quot;, &quot;Terceros y anunciantes&quot; o &quot;Siempre&quot;.<\/li><\/ul><p><strong><br \/>En dispositivo Android<\/strong><\/p><ul><li>Abra el navegador predeterminado de su dispositivo Android;<\/li><li>Una vez que se abra el navegador, haga clic en el bot\u00f3n Men\u00fa en su tel\u00e9fono;<\/li><li>Seleccione &quot;M\u00e1s opciones&quot;;<\/li><li>Seleccione la opci\u00f3n &quot;Configuraci\u00f3n&quot; en el men\u00fa &quot;M\u00e1s opciones&quot;;<\/li><li>Despl\u00e1cese por la lista hasta encontrar la opci\u00f3n &quot;Aceptar cookies&quot;. Haga clic en esta opci\u00f3n para cambiar a &quot;No aceptar cookies&quot;.<\/li><\/ul>\t\t\t\t\t\t\t\t<\/div>\n\t\t\t\t<\/div>\n\t\t\t\t\t<\/div>\n\t\t<\/div>\n\t\t\t\t\t<\/div>\n\t\t<\/section>\n\t\t\t\t<\/div>","protected":false},"excerpt":{"rendered":"<p>Pol\u00edtica de Cookies \u201cCookies\u201d&nbsp;\u00e9&nbsp;um termo que se refere&nbsp;a um recurso padr\u00e3o encontrado em seu navegador de Internet (Ex.: Explorer, Crome,&nbsp;Firefox,&nbsp;Safari etc.), que individualiza a navega\u00e7\u00e3o de cada usu\u00e1rio. Por conta disso, um n\u00famero de identifica\u00e7\u00e3o an\u00f4nimo e aleat\u00f3rio fica registrado em seu computador. Os &#8216;cookies&#8217; identificam apenas o equipamento usado para acessar os nossos sites [&hellip;]<\/p>","protected":false},"author":1,"featured_media":0,"parent":0,"menu_order":0,"comment_status":"closed","ping_status":"closed","template":"elementor_header_footer","meta":{"_acf_changed":false,"_monsterinsights_skip_tracking":false,"_monsterinsights_sitenote_active":false,"_monsterinsights_sitenote_note":"","_monsterinsights_sitenote_category":0,"_joinchat":[],"footnotes":""},"class_list":["post-626","page","type-page","status-publish","hentry"],"aioseo_notices":[],"acf":[],"_links":{"self":[{"href":"https:\/\/mundodacachaca.pt\/es\/wp-json\/wp\/v2\/pages\/626","targetHints":{"allow":["GET"]}}],"collection":[{"href":"https:\/\/mundodacachaca.pt\/es\/wp-json\/wp\/v2\/pages"}],"about":[{"href":"https:\/\/mundodacachaca.pt\/es\/wp-json\/wp\/v2\/types\/page"}],"author":[{"embeddable":true,"href":"https:\/\/mundodacachaca.pt\/es\/wp-json\/wp\/v2\/users\/1"}],"replies":[{"embeddable":true,"href":"https:\/\/mundodacachaca.pt\/es\/wp-json\/wp\/v2\/comments?post=626"}],"version-history":[{"count":1,"href":"https:\/\/mundodacachaca.pt\/es\/wp-json\/wp\/v2\/pages\/626\/revisions"}],"predecessor-version":[{"id":7893,"href":"https:\/\/mundodacachaca.pt\/es\/wp-json\/wp\/v2\/pages\/626\/revisions\/7893"}],"wp:attachment":[{"href":"https:\/\/mundodacachaca.pt\/es\/wp-json\/wp\/v2\/media?parent=626"}],"curies":[{"name":"wp","href":"https:\/\/api.w.org\/{rel}","templated":true}]}}