{"id":154,"date":"2020-12-14T21:20:19","date_gmt":"2020-12-14T21:20:19","guid":{"rendered":"https:\/\/darkgray-okapi-906744.hostingersite.com\/?post_type=product&#038;p=154"},"modified":"2024-12-04T15:10:23","modified_gmt":"2024-12-04T15:10:23","slug":"a-cachaca-de-alambique-prata-700ml","status":"publish","type":"product","link":"https:\/\/mundodacachaca.pt\/es\/producto\/a-cachaca-de-alambique-prata-700ml\/","title":{"rendered":"Cacha\u00e7a de Plata Alambique 700ml"},"content":{"rendered":"","protected":false},"excerpt":{"rendered":"<p>&#8220;<strong>A Cacha\u00e7a<\/strong>\u201dEs una bebida destilada, artesanal, desarrollada con los mejores procesos de fabricaci\u00f3n y materias primas de primer nivel. Todo para ofrecer un sabor \u00fanico a quienes aprecian la tradicional cacha\u00e7a de destilado brasile\u00f1o.<\/p>\n<p>&nbsp;<\/p>","protected":false},"featured_media":31,"comment_status":"open","ping_status":"closed","template":"","meta":{"_acf_changed":false,"_monsterinsights_skip_tracking":false,"_monsterinsights_sitenote_active":false,"_monsterinsights_sitenote_note":"","_monsterinsights_sitenote_category":0,"_joinchat":[]},"product_cat":[237,220,217],"product_tag":[233,23,20,61],"class_list":{"0":"post-154","1":"product","2":"type-product","3":"status-publish","4":"has-post-thumbnail","6":"product_cat-700ml","7":"product_cat-brancas","8":"product_cat-cachaca","9":"product_tag-700ml","10":"product_tag-branca_prata","11":"product_tag-cachaca","12":"product_tag-mundodacachaca","13":"pa_categoria-branca_prata","14":"pa_graduacao_alcoolica-44","15":"pa_origem-inconfidentes-minas-gerais","16":"pa_volume-700ml","18":"first","19":"instock","20":"taxable","21":"shipping-taxable","22":"purchasable","23":"product-type-simple","swatches":"rey-swatches","show_selected":""},"aioseo_notices":[],"acf":[],"_links":{"self":[{"href":"https:\/\/mundodacachaca.pt\/es\/wp-json\/wp\/v2\/product\/154","targetHints":{"allow":["GET"]}}],"collection":[{"href":"https:\/\/mundodacachaca.pt\/es\/wp-json\/wp\/v2\/product"}],"about":[{"href":"https:\/\/mundodacachaca.pt\/es\/wp-json\/wp\/v2\/types\/product"}],"replies":[{"embeddable":true,"href":"https:\/\/mundodacachaca.pt\/es\/wp-json\/wp\/v2\/comments?post=154"}],"version-history":[{"count":1,"href":"https:\/\/mundodacachaca.pt\/es\/wp-json\/wp\/v2\/product\/154\/revisions"}],"predecessor-version":[{"id":7716,"href":"https:\/\/mundodacachaca.pt\/es\/wp-json\/wp\/v2\/product\/154\/revisions\/7716"}],"wp:featuredmedia":[{"embeddable":true,"href":"https:\/\/mundodacachaca.pt\/es\/wp-json\/wp\/v2\/media\/31"}],"wp:attachment":[{"href":"https:\/\/mundodacachaca.pt\/es\/wp-json\/wp\/v2\/media?parent=154"}],"wp:term":[{"taxonomy":"product_cat","embeddable":true,"href":"https:\/\/mundodacachaca.pt\/es\/wp-json\/wp\/v2\/product_cat?post=154"},{"taxonomy":"product_tag","embeddable":true,"href":"https:\/\/mundodacachaca.pt\/es\/wp-json\/wp\/v2\/product_tag?post=154"}],"curies":[{"name":"wp","href":"https:\/\/api.w.org\/{rel}","templated":true}]}}