{"id":166,"date":"2020-12-14T22:25:23","date_gmt":"2020-12-14T22:25:23","guid":{"rendered":"https:\/\/darkgray-okapi-906744.hostingersite.com\/?post_type=product&#038;p=166"},"modified":"2026-02-24T10:20:17","modified_gmt":"2026-02-24T10:20:17","slug":"cachaca-de-alambique-melicana-melado-700ml","status":"publish","type":"product","link":"https:\/\/mundodacachaca.pt\/es\/producto\/cachaca-de-alambique-melicana-melado-700ml\/","title":{"rendered":"Melicana Melaza Cacha\u00e7a del Alambique 700ml"},"content":{"rendered":"","protected":false},"excerpt":{"rendered":"<p>Aguardiente de melaza de ca\u00f1a de az\u00facar que corresponde al proceso de elaboraci\u00f3n de la rapadura, que antes de la punta, a\u00fan blanda y viscosa, caracteriza a la melaza. Ideal para beber puro o darle un toque especial a la bebida.<\/p>","protected":false},"featured_media":40,"comment_status":"open","ping_status":"closed","template":"","meta":{"_acf_changed":false,"_monsterinsights_skip_tracking":false,"_monsterinsights_sitenote_active":false,"_monsterinsights_sitenote_note":"","_monsterinsights_sitenote_category":0,"_joinchat":[]},"product_cat":[237,217,218,307],"product_tag":[233,20,21,65,64],"class_list":{"0":"post-166","1":"product","2":"type-product","3":"status-publish","4":"has-post-thumbnail","6":"product_cat-700ml","7":"product_cat-cachaca","8":"product_cat-envelhecida","9":"product_cat-promocoes","10":"product_tag-700ml","11":"product_tag-cachaca","12":"product_tag-envelhecida","13":"product_tag-melado","14":"product_tag-melicana","15":"pa_categoria-envelhecida","16":"pa_graduacao_alcoolica-45","17":"pa_madeira-blend_castanheira_ipe","18":"pa_origem-_bomdespacho","19":"pa_tempo_envelhecimento-2anos","20":"pa_volume-700ml","22":"first","23":"instock","24":"sale","25":"taxable","26":"shipping-taxable","27":"purchasable","28":"product-type-simple","swatches":"rey-swatches","show_selected":""},"aioseo_notices":[],"acf":[],"_links":{"self":[{"href":"https:\/\/mundodacachaca.pt\/es\/wp-json\/wp\/v2\/product\/166","targetHints":{"allow":["GET"]}}],"collection":[{"href":"https:\/\/mundodacachaca.pt\/es\/wp-json\/wp\/v2\/product"}],"about":[{"href":"https:\/\/mundodacachaca.pt\/es\/wp-json\/wp\/v2\/types\/product"}],"replies":[{"embeddable":true,"href":"https:\/\/mundodacachaca.pt\/es\/wp-json\/wp\/v2\/comments?post=166"}],"version-history":[{"count":1,"href":"https:\/\/mundodacachaca.pt\/es\/wp-json\/wp\/v2\/product\/166\/revisions"}],"predecessor-version":[{"id":7692,"href":"https:\/\/mundodacachaca.pt\/es\/wp-json\/wp\/v2\/product\/166\/revisions\/7692"}],"wp:featuredmedia":[{"embeddable":true,"href":"https:\/\/mundodacachaca.pt\/es\/wp-json\/wp\/v2\/media\/40"}],"wp:attachment":[{"href":"https:\/\/mundodacachaca.pt\/es\/wp-json\/wp\/v2\/media?parent=166"}],"wp:term":[{"taxonomy":"product_cat","embeddable":true,"href":"https:\/\/mundodacachaca.pt\/es\/wp-json\/wp\/v2\/product_cat?post=166"},{"taxonomy":"product_tag","embeddable":true,"href":"https:\/\/mundodacachaca.pt\/es\/wp-json\/wp\/v2\/product_tag?post=166"}],"curies":[{"name":"wp","href":"https:\/\/api.w.org\/{rel}","templated":true}]}}