{"id":169,"date":"2020-12-14T23:10:14","date_gmt":"2020-12-14T23:10:14","guid":{"rendered":"https:\/\/darkgray-okapi-906744.hostingersite.com\/?post_type=product&#038;p=169"},"modified":"2024-02-19T14:47:26","modified_gmt":"2024-02-19T14:47:26","slug":"cachaca-de-alambique-rio-do-engenho-ouro-700ml","status":"publish","type":"product","link":"https:\/\/mundodacachaca.pt\/es\/producto\/cachaca-de-alambique-rio-do-engenho-ouro-700ml\/","title":{"rendered":"Cacha\u00e7a Rio do Engenho Ouro de Alambique 700ml"},"content":{"rendered":"","protected":false},"excerpt":{"rendered":"<p>Crianza en barricas de madera de Castanheira y Louro-canela por un per\u00edodo m\u00ednimo de dos a\u00f1os, adem\u00e1s de tener un color amarillo dorado intenso, un paladar y un bouquet muy desarrollado.<\/p>\n<p>&nbsp;<\/p>","protected":false},"featured_media":43,"comment_status":"closed","ping_status":"closed","template":"","meta":{"_acf_changed":false,"_monsterinsights_skip_tracking":false,"_monsterinsights_sitenote_active":false,"_monsterinsights_sitenote_note":"","_monsterinsights_sitenote_category":0,"_joinchat":[]},"product_cat":[237,217,218],"product_tag":[233,20,21,68],"class_list":{"0":"post-169","1":"product","2":"type-product","3":"status-publish","4":"has-post-thumbnail","6":"product_cat-700ml","7":"product_cat-cachaca","8":"product_cat-envelhecida","9":"product_tag-700ml","10":"product_tag-cachaca","11":"product_tag-envelhecida","12":"product_tag-riodoengenho","13":"pa_categoria-envelhecida","14":"pa_graduacao_alcoolica-44","15":"pa_madeira-blend_castanheira_lourocanela","16":"pa_origem-_ilheus","17":"pa_tempo_envelhecimento-2anos","18":"pa_volume-700ml","20":"first","21":"instock","22":"taxable","23":"shipping-taxable","24":"purchasable","25":"product-type-simple","swatches":"rey-swatches","show_selected":""},"aioseo_notices":[],"acf":[],"_links":{"self":[{"href":"https:\/\/mundodacachaca.pt\/es\/wp-json\/wp\/v2\/product\/169","targetHints":{"allow":["GET"]}}],"collection":[{"href":"https:\/\/mundodacachaca.pt\/es\/wp-json\/wp\/v2\/product"}],"about":[{"href":"https:\/\/mundodacachaca.pt\/es\/wp-json\/wp\/v2\/types\/product"}],"replies":[{"embeddable":true,"href":"https:\/\/mundodacachaca.pt\/es\/wp-json\/wp\/v2\/comments?post=169"}],"version-history":[{"count":1,"href":"https:\/\/mundodacachaca.pt\/es\/wp-json\/wp\/v2\/product\/169\/revisions"}],"predecessor-version":[{"id":7696,"href":"https:\/\/mundodacachaca.pt\/es\/wp-json\/wp\/v2\/product\/169\/revisions\/7696"}],"wp:featuredmedia":[{"embeddable":true,"href":"https:\/\/mundodacachaca.pt\/es\/wp-json\/wp\/v2\/media\/43"}],"wp:attachment":[{"href":"https:\/\/mundodacachaca.pt\/es\/wp-json\/wp\/v2\/media?parent=169"}],"wp:term":[{"taxonomy":"product_cat","embeddable":true,"href":"https:\/\/mundodacachaca.pt\/es\/wp-json\/wp\/v2\/product_cat?post=169"},{"taxonomy":"product_tag","embeddable":true,"href":"https:\/\/mundodacachaca.pt\/es\/wp-json\/wp\/v2\/product_tag?post=169"}],"curies":[{"name":"wp","href":"https:\/\/api.w.org\/{rel}","templated":true}]}}