{"id":170,"date":"2020-12-14T23:12:40","date_gmt":"2020-12-14T23:12:40","guid":{"rendered":"https:\/\/darkgray-okapi-906744.hostingersite.com\/?post_type=product&#038;p=170"},"modified":"2024-02-19T14:47:42","modified_gmt":"2024-02-19T14:47:42","slug":"cachaca-de-alambique-rio-do-engenho-reserva-700ml","status":"publish","type":"product","link":"https:\/\/mundodacachaca.pt\/es\/producto\/cachaca-de-alambique-rio-do-engenho-reserva-700ml\/","title":{"rendered":"Rio do Engenho Reserva Destiler\u00eda Cacha\u00e7a 700ml"},"content":{"rendered":"","protected":false},"excerpt":{"rendered":"<p>La crianza m\u00ednima de tres a\u00f1os en barricas de madera de B\u00e1lsamo, Amburana, Iti\u00faba y Louro-canela, confiere caracter\u00edsticas \u00fanicas al producto. Sus notas amaderadas, su color amarillo dorado y sus sabores superpuestos crean un aroma llamativo y un sabor inconfundible. Elegida en 2012 como la 5\u00aa mejor cacha\u00e7a a\u00f1ejada de Brasil. Gan\u00f3 Medalla de Plata en el Concurso Mundial de 2014 en Bruselas.<strong>Cacha\u00e7a del a\u00f1o<\/strong>\u201dPor el Concurso Internacional de Bebidas Alcoh\u00f3licas de Nueva York.<\/p>","protected":false},"featured_media":45,"comment_status":"closed","ping_status":"closed","template":"","meta":{"_acf_changed":false,"_monsterinsights_skip_tracking":false,"_monsterinsights_sitenote_active":false,"_monsterinsights_sitenote_note":"","_monsterinsights_sitenote_category":0,"_joinchat":[]},"product_cat":[237,217,218],"product_tag":[20,21,68],"class_list":{"0":"post-170","1":"product","2":"type-product","3":"status-publish","4":"has-post-thumbnail","6":"product_cat-700ml","7":"product_cat-cachaca","8":"product_cat-envelhecida","9":"product_tag-cachaca","10":"product_tag-envelhecida","11":"product_tag-riodoengenho","12":"pa_categoria-envelhecida","13":"pa_graduacao_alcoolica-44","14":"pa_madeira-blend_balsamo_amburana_itiuba_louro","15":"pa_origem-_ilheus","16":"pa_tempo_envelhecimento-3anos","17":"pa_volume-700ml","19":"first","20":"instock","21":"taxable","22":"shipping-taxable","23":"purchasable","24":"product-type-simple","swatches":"rey-swatches","show_selected":""},"aioseo_notices":[],"acf":[],"_links":{"self":[{"href":"https:\/\/mundodacachaca.pt\/es\/wp-json\/wp\/v2\/product\/170","targetHints":{"allow":["GET"]}}],"collection":[{"href":"https:\/\/mundodacachaca.pt\/es\/wp-json\/wp\/v2\/product"}],"about":[{"href":"https:\/\/mundodacachaca.pt\/es\/wp-json\/wp\/v2\/types\/product"}],"replies":[{"embeddable":true,"href":"https:\/\/mundodacachaca.pt\/es\/wp-json\/wp\/v2\/comments?post=170"}],"version-history":[{"count":1,"href":"https:\/\/mundodacachaca.pt\/es\/wp-json\/wp\/v2\/product\/170\/revisions"}],"predecessor-version":[{"id":7697,"href":"https:\/\/mundodacachaca.pt\/es\/wp-json\/wp\/v2\/product\/170\/revisions\/7697"}],"wp:featuredmedia":[{"embeddable":true,"href":"https:\/\/mundodacachaca.pt\/es\/wp-json\/wp\/v2\/media\/45"}],"wp:attachment":[{"href":"https:\/\/mundodacachaca.pt\/es\/wp-json\/wp\/v2\/media?parent=170"}],"wp:term":[{"taxonomy":"product_cat","embeddable":true,"href":"https:\/\/mundodacachaca.pt\/es\/wp-json\/wp\/v2\/product_cat?post=170"},{"taxonomy":"product_tag","embeddable":true,"href":"https:\/\/mundodacachaca.pt\/es\/wp-json\/wp\/v2\/product_tag?post=170"}],"curies":[{"name":"wp","href":"https:\/\/api.w.org\/{rel}","templated":true}]}}