{"id":173,"date":"2020-12-14T23:18:52","date_gmt":"2020-12-14T23:18:52","guid":{"rendered":"https:\/\/darkgray-okapi-906744.hostingersite.com\/?post_type=product&#038;p=173"},"modified":"2024-12-03T16:14:18","modified_gmt":"2024-12-03T16:14:18","slug":"cachaca-de-alambique-sapucaia-florida-carvalho-700ml","status":"publish","type":"product","link":"https:\/\/mundodacachaca.pt\/es\/producto\/cachaca-de-alambique-sapucaia-florida-carvalho-700ml\/","title":{"rendered":"Sapucaia Carvalho Still Cachaza 700ml"},"content":{"rendered":"","protected":false},"excerpt":{"rendered":"<p>La cacha\u00e7a <strong>Sapucaia Florida (Carvalho)<\/strong> tiene una crianza de 2 a\u00f1os en barricas de roble, lo que le da un sutil toque amarillento y un delicado aroma a madera, que se mezcla intencionadamente con las caracter\u00edsticas originales de la cachaza, conservando el sabor a ca\u00f1a de az\u00facar de nuestra cachaza blanca.<\/p>","protected":false},"featured_media":47,"comment_status":"closed","ping_status":"closed","template":"","meta":{"_acf_changed":false,"_monsterinsights_skip_tracking":false,"_monsterinsights_sitenote_active":false,"_monsterinsights_sitenote_note":"","_monsterinsights_sitenote_category":0,"_joinchat":[]},"product_cat":[237,217,218],"product_tag":[233,20,70,21,69],"class_list":{"0":"post-173","1":"product","2":"type-product","3":"status-publish","4":"has-post-thumbnail","6":"product_cat-700ml","7":"product_cat-cachaca","8":"product_cat-envelhecida","9":"product_tag-700ml","10":"product_tag-cachaca","11":"product_tag-carvalho","12":"product_tag-envelhecida","13":"product_tag-sapucaia","14":"pa_categoria-envelhecida","15":"pa_graduacao_alcoolica-40_5","16":"pa_madeira-carvalho","17":"pa_origem-_pirassununga","18":"pa_tempo_envelhecimento-2anos","19":"pa_volume-700ml","21":"first","22":"instock","23":"taxable","24":"shipping-taxable","25":"purchasable","26":"product-type-simple","swatches":"rey-swatches","show_selected":""},"aioseo_notices":[],"acf":[],"_links":{"self":[{"href":"https:\/\/mundodacachaca.pt\/es\/wp-json\/wp\/v2\/product\/173","targetHints":{"allow":["GET"]}}],"collection":[{"href":"https:\/\/mundodacachaca.pt\/es\/wp-json\/wp\/v2\/product"}],"about":[{"href":"https:\/\/mundodacachaca.pt\/es\/wp-json\/wp\/v2\/types\/product"}],"replies":[{"embeddable":true,"href":"https:\/\/mundodacachaca.pt\/es\/wp-json\/wp\/v2\/comments?post=173"}],"version-history":[{"count":2,"href":"https:\/\/mundodacachaca.pt\/es\/wp-json\/wp\/v2\/product\/173\/revisions"}],"predecessor-version":[{"id":7855,"href":"https:\/\/mundodacachaca.pt\/es\/wp-json\/wp\/v2\/product\/173\/revisions\/7855"}],"wp:featuredmedia":[{"embeddable":true,"href":"https:\/\/mundodacachaca.pt\/es\/wp-json\/wp\/v2\/media\/47"}],"wp:attachment":[{"href":"https:\/\/mundodacachaca.pt\/es\/wp-json\/wp\/v2\/media?parent=173"}],"wp:term":[{"taxonomy":"product_cat","embeddable":true,"href":"https:\/\/mundodacachaca.pt\/es\/wp-json\/wp\/v2\/product_cat?post=173"},{"taxonomy":"product_tag","embeddable":true,"href":"https:\/\/mundodacachaca.pt\/es\/wp-json\/wp\/v2\/product_tag?post=173"}],"curies":[{"name":"wp","href":"https:\/\/api.w.org\/{rel}","templated":true}]}}