{"id":6709,"date":"2022-10-18T15:28:45","date_gmt":"2022-10-18T14:28:45","guid":{"rendered":"https:\/\/darkgray-okapi-906744.hostingersite.com\/?post_type=product&#038;p=6709"},"modified":"2024-02-19T14:50:46","modified_gmt":"2024-02-19T14:50:46","slug":"cachaca-de-alambique-joao-mendes-ouro-700ml","status":"publish","type":"product","link":"https:\/\/mundodacachaca.pt\/es\/producto\/cachaca-de-alambique-joao-mendes-ouro-700ml\/","title":{"rendered":"Cacha\u00e7a de Jo\u00e3o Mendes Ouro Alambique 700ml"},"content":{"rendered":"","protected":false},"excerpt":{"rendered":"<p>Cacha\u00e7a Jo\u00e3o Mendes Ouro proviene de la ciudad de Perd\u00f5es\/MG. Tiene una crianza en roble de 4 a\u00f1os.<br \/>\nProducida con cari\u00f1o por la familia Jo\u00e3o Mendes desde hace m\u00e1s de 20 a\u00f1os, sigue los est\u00e1ndares de calidad de una aut\u00e9ntica y verdadera cacha\u00e7a de Minas Gerais. El cuidado comienza con la plantaci\u00f3n y desarrollo de la ca\u00f1a de az\u00facar, etapa en la que es socia la Universidad Federal de Lavras (UFLA), uno de los mayores centros de ciencias agr\u00edcolas del pa\u00eds.<\/p>","protected":false},"featured_media":38,"comment_status":"open","ping_status":"closed","template":"","meta":{"_acf_changed":false,"_monsterinsights_skip_tracking":false,"_monsterinsights_sitenote_active":false,"_monsterinsights_sitenote_note":"","_monsterinsights_sitenote_category":0,"_joinchat":[]},"product_cat":[237,217,218],"product_tag":[272,271,70,21,270],"class_list":{"0":"post-6709","1":"product","2":"type-product","3":"status-publish","4":"has-post-thumbnail","6":"product_cat-700ml","7":"product_cat-cachaca","8":"product_cat-envelhecida","9":"product_tag-alambique","10":"product_tag-cachaca-de-alambique","11":"product_tag-carvalho","12":"product_tag-envelhecida","13":"product_tag-joao-mendes","14":"pa_categoria-envelhecida","15":"pa_graduacao_alcoolica-44","16":"pa_madeira-carvalho","17":"pa_origem-_perdoes","18":"pa_tempo_envelhecimento-4-anos","19":"pa_volume-700ml","21":"first","22":"instock","23":"taxable","24":"shipping-taxable","25":"purchasable","26":"product-type-simple","swatches":"rey-swatches","show_selected":""},"aioseo_notices":[],"acf":[],"_links":{"self":[{"href":"https:\/\/mundodacachaca.pt\/es\/wp-json\/wp\/v2\/product\/6709","targetHints":{"allow":["GET"]}}],"collection":[{"href":"https:\/\/mundodacachaca.pt\/es\/wp-json\/wp\/v2\/product"}],"about":[{"href":"https:\/\/mundodacachaca.pt\/es\/wp-json\/wp\/v2\/types\/product"}],"replies":[{"embeddable":true,"href":"https:\/\/mundodacachaca.pt\/es\/wp-json\/wp\/v2\/comments?post=6709"}],"version-history":[{"count":1,"href":"https:\/\/mundodacachaca.pt\/es\/wp-json\/wp\/v2\/product\/6709\/revisions"}],"predecessor-version":[{"id":7704,"href":"https:\/\/mundodacachaca.pt\/es\/wp-json\/wp\/v2\/product\/6709\/revisions\/7704"}],"wp:featuredmedia":[{"embeddable":true,"href":"https:\/\/mundodacachaca.pt\/es\/wp-json\/wp\/v2\/media\/38"}],"wp:attachment":[{"href":"https:\/\/mundodacachaca.pt\/es\/wp-json\/wp\/v2\/media?parent=6709"}],"wp:term":[{"taxonomy":"product_cat","embeddable":true,"href":"https:\/\/mundodacachaca.pt\/es\/wp-json\/wp\/v2\/product_cat?post=6709"},{"taxonomy":"product_tag","embeddable":true,"href":"https:\/\/mundodacachaca.pt\/es\/wp-json\/wp\/v2\/product_tag?post=6709"}],"curies":[{"name":"wp","href":"https:\/\/api.w.org\/{rel}","templated":true}]}}