{"id":6725,"date":"2022-10-18T17:00:12","date_gmt":"2022-10-18T16:00:12","guid":{"rendered":"https:\/\/darkgray-okapi-906744.hostingersite.com\/?post_type=product&#038;p=6725"},"modified":"2024-02-19T14:57:31","modified_gmt":"2024-02-19T14:57:31","slug":"cachaca-de-alambique-amburana-5-madeiras-700ml","status":"publish","type":"product","link":"https:\/\/mundodacachaca.pt\/es\/producto\/cachaca-de-alambique-amburana-5-madeiras-700ml\/","title":{"rendered":"Amburana 5 Madeiras Still Cacha\u00e7a 700ml"},"content":{"rendered":"","protected":false},"excerpt":{"rendered":"<p>Mezcla de 5 maderas (B\u00e1lsamo, Amburana, Casta\u00f1o, Man\u00ed y Jequitib\u00e1) donde se almacenan durante 6 meses en cada madera.<br \/>\nBien equilibrado, no quema y baja por la garganta con suavidad. \u00a1Una maravilla de Blend!<\/p>","protected":false},"featured_media":6795,"comment_status":"open","ping_status":"closed","template":"","meta":{"_acf_changed":false,"_monsterinsights_skip_tracking":false,"_monsterinsights_sitenote_active":false,"_monsterinsights_sitenote_note":"","_monsterinsights_sitenote_category":0,"_joinchat":[]},"product_cat":[237,217,218,234],"product_tag":[233,305,20,21,306,242],"class_list":{"0":"post-6725","1":"product","2":"type-product","3":"status-publish","4":"has-post-thumbnail","6":"product_cat-700ml","7":"product_cat-cachaca","8":"product_cat-envelhecida","9":"product_cat-volume","10":"product_tag-700ml","11":"product_tag-blend","12":"product_tag-cachaca","13":"product_tag-envelhecida","14":"product_tag-madeiras","15":"product_tag-minas-gerais","16":"pa_categoria-envelhecida","17":"pa_graduacao_alcoolica-240","18":"pa_madeira-blend-de-balsamo-amburana-castanheira-amendoim-e-jequitiba","19":"pa_origem-inconfidentes-minas-gerais","20":"pa_tempo_envelhecimento-6-meses","21":"pa_volume-700ml","23":"first","24":"instock","25":"taxable","26":"shipping-taxable","27":"purchasable","28":"product-type-simple","swatches":"rey-swatches","show_selected":""},"aioseo_notices":[],"acf":[],"_links":{"self":[{"href":"https:\/\/mundodacachaca.pt\/es\/wp-json\/wp\/v2\/product\/6725","targetHints":{"allow":["GET"]}}],"collection":[{"href":"https:\/\/mundodacachaca.pt\/es\/wp-json\/wp\/v2\/product"}],"about":[{"href":"https:\/\/mundodacachaca.pt\/es\/wp-json\/wp\/v2\/types\/product"}],"replies":[{"embeddable":true,"href":"https:\/\/mundodacachaca.pt\/es\/wp-json\/wp\/v2\/comments?post=6725"}],"version-history":[{"count":1,"href":"https:\/\/mundodacachaca.pt\/es\/wp-json\/wp\/v2\/product\/6725\/revisions"}],"predecessor-version":[{"id":7710,"href":"https:\/\/mundodacachaca.pt\/es\/wp-json\/wp\/v2\/product\/6725\/revisions\/7710"}],"wp:featuredmedia":[{"embeddable":true,"href":"https:\/\/mundodacachaca.pt\/es\/wp-json\/wp\/v2\/media\/6795"}],"wp:attachment":[{"href":"https:\/\/mundodacachaca.pt\/es\/wp-json\/wp\/v2\/media?parent=6725"}],"wp:term":[{"taxonomy":"product_cat","embeddable":true,"href":"https:\/\/mundodacachaca.pt\/es\/wp-json\/wp\/v2\/product_cat?post=6725"},{"taxonomy":"product_tag","embeddable":true,"href":"https:\/\/mundodacachaca.pt\/es\/wp-json\/wp\/v2\/product_tag?post=6725"}],"curies":[{"name":"wp","href":"https:\/\/api.w.org\/{rel}","templated":true}]}}