{"id":6748,"date":"2022-10-18T17:52:30","date_gmt":"2022-10-18T16:52:30","guid":{"rendered":"https:\/\/darkgray-okapi-906744.hostingersite.com\/?post_type=product&#038;p=6748"},"modified":"2024-02-19T14:48:30","modified_gmt":"2024-02-19T14:48:30","slug":"cachaca-de-alambique-caboclinha-amburana-700ml","status":"publish","type":"product","link":"https:\/\/mundodacachaca.pt\/es\/producto\/cachaca-de-alambique-caboclinha-amburana-700ml\/","title":{"rendered":"Caboclinha Amburana Cacha\u00e7a Destilada 700ml"},"content":{"rendered":"","protected":false},"excerpt":{"rendered":"<p>Alambique Caboclinha, dise\u00f1ado para la producci\u00f3n de cacha\u00e7a de calidad con producci\u00f3n sustentable 100% y capacidad para 20 mil litros por cosecha. Todas sus materias primas est\u00e1n estrictamente controladas, al igual que los procesos y la higiene en el alambique.<br \/>\nCacha\u00e7a Amburana tiene un color terroso, aroma de especias y madera aserrada. En boca es aterciopelado con un toque dulce.<\/p>","protected":false},"featured_media":6814,"comment_status":"open","ping_status":"closed","template":"","meta":{"_acf_changed":false,"_monsterinsights_skip_tracking":false,"_monsterinsights_sitenote_active":false,"_monsterinsights_sitenote_note":"","_monsterinsights_sitenote_category":0,"_joinchat":[]},"product_cat":[237,217,218,234],"product_tag":[75,265,20,299,21],"class_list":{"0":"post-6748","1":"product","2":"type-product","3":"status-publish","4":"has-post-thumbnail","6":"product_cat-700ml","7":"product_cat-cachaca","8":"product_cat-envelhecida","9":"product_cat-volume","10":"product_tag-amburana","11":"product_tag-caboclinha","12":"product_tag-cachaca","13":"product_tag-caipirinha","14":"product_tag-envelhecida","15":"pa_categoria-envelhecida","16":"pa_graduacao_alcoolica-45","17":"pa_origem-toledo-minas-gerais","18":"pa_volume-700ml","20":"first","21":"instock","22":"taxable","23":"shipping-taxable","24":"purchasable","25":"product-type-simple","swatches":"rey-swatches","show_selected":""},"aioseo_notices":[],"acf":[],"_links":{"self":[{"href":"https:\/\/mundodacachaca.pt\/es\/wp-json\/wp\/v2\/product\/6748","targetHints":{"allow":["GET"]}}],"collection":[{"href":"https:\/\/mundodacachaca.pt\/es\/wp-json\/wp\/v2\/product"}],"about":[{"href":"https:\/\/mundodacachaca.pt\/es\/wp-json\/wp\/v2\/types\/product"}],"replies":[{"embeddable":true,"href":"https:\/\/mundodacachaca.pt\/es\/wp-json\/wp\/v2\/comments?post=6748"}],"version-history":[{"count":1,"href":"https:\/\/mundodacachaca.pt\/es\/wp-json\/wp\/v2\/product\/6748\/revisions"}],"predecessor-version":[{"id":7698,"href":"https:\/\/mundodacachaca.pt\/es\/wp-json\/wp\/v2\/product\/6748\/revisions\/7698"}],"wp:featuredmedia":[{"embeddable":true,"href":"https:\/\/mundodacachaca.pt\/es\/wp-json\/wp\/v2\/media\/6814"}],"wp:attachment":[{"href":"https:\/\/mundodacachaca.pt\/es\/wp-json\/wp\/v2\/media?parent=6748"}],"wp:term":[{"taxonomy":"product_cat","embeddable":true,"href":"https:\/\/mundodacachaca.pt\/es\/wp-json\/wp\/v2\/product_cat?post=6748"},{"taxonomy":"product_tag","embeddable":true,"href":"https:\/\/mundodacachaca.pt\/es\/wp-json\/wp\/v2\/product_tag?post=6748"}],"curies":[{"name":"wp","href":"https:\/\/api.w.org\/{rel}","templated":true}]}}