{"id":6751,"date":"2022-10-18T18:02:51","date_gmt":"2022-10-18T17:02:51","guid":{"rendered":"https:\/\/darkgray-okapi-906744.hostingersite.com\/?post_type=product&#038;p=6751"},"modified":"2024-02-19T14:49:00","modified_gmt":"2024-02-19T14:49:00","slug":"cachaca-de-alambique-caboclinha-jequitiba-700ml","status":"publish","type":"product","link":"https:\/\/mundodacachaca.pt\/es\/producto\/cachaca-de-alambique-caboclinha-jequitiba-700ml\/","title":{"rendered":"Caboclinha Jequitib\u00e1 Cacha\u00e7a del Alambique 700ml"},"content":{"rendered":"","protected":false},"excerpt":{"rendered":"<p>Alambique Caboclinha, dise\u00f1ado para la producci\u00f3n de cacha\u00e7a de calidad con producci\u00f3n sustentable 100% y capacidad para 20 mil litros por cosecha. Todas sus materias primas est\u00e1n estrictamente controladas, al igual que los procesos y la higiene en el alambique.<br \/>\nJequitib\u00e1 le da a la cachaza un color amarillo muy discreto, aromas florales, c\u00edtricos con notas de hinojo. En boca es bastante fresco.<\/p>","protected":false},"featured_media":6815,"comment_status":"open","ping_status":"closed","template":"","meta":{"_acf_changed":false,"_monsterinsights_skip_tracking":false,"_monsterinsights_sitenote_active":false,"_monsterinsights_sitenote_note":"","_monsterinsights_sitenote_category":0,"_joinchat":[]},"product_cat":[237,217,218,234],"product_tag":[20,21,301,242],"class_list":{"0":"post-6751","1":"product","2":"type-product","3":"status-publish","4":"has-post-thumbnail","6":"product_cat-700ml","7":"product_cat-cachaca","8":"product_cat-envelhecida","9":"product_cat-volume","10":"product_tag-cachaca","11":"product_tag-envelhecida","12":"product_tag-jequitiba","13":"product_tag-minas-gerais","14":"pa_categoria-envelhecida","15":"pa_graduacao_alcoolica-45","16":"pa_madeira-jequitiba","17":"pa_origem-toledo-minas-gerais","18":"pa_tempo_envelhecimento-2anos","19":"pa_volume-700ml","21":"first","22":"instock","23":"taxable","24":"shipping-taxable","25":"purchasable","26":"product-type-simple","swatches":"rey-swatches","show_selected":""},"aioseo_notices":[],"acf":[],"_links":{"self":[{"href":"https:\/\/mundodacachaca.pt\/es\/wp-json\/wp\/v2\/product\/6751","targetHints":{"allow":["GET"]}}],"collection":[{"href":"https:\/\/mundodacachaca.pt\/es\/wp-json\/wp\/v2\/product"}],"about":[{"href":"https:\/\/mundodacachaca.pt\/es\/wp-json\/wp\/v2\/types\/product"}],"replies":[{"embeddable":true,"href":"https:\/\/mundodacachaca.pt\/es\/wp-json\/wp\/v2\/comments?post=6751"}],"version-history":[{"count":1,"href":"https:\/\/mundodacachaca.pt\/es\/wp-json\/wp\/v2\/product\/6751\/revisions"}],"predecessor-version":[{"id":7700,"href":"https:\/\/mundodacachaca.pt\/es\/wp-json\/wp\/v2\/product\/6751\/revisions\/7700"}],"wp:featuredmedia":[{"embeddable":true,"href":"https:\/\/mundodacachaca.pt\/es\/wp-json\/wp\/v2\/media\/6815"}],"wp:attachment":[{"href":"https:\/\/mundodacachaca.pt\/es\/wp-json\/wp\/v2\/media?parent=6751"}],"wp:term":[{"taxonomy":"product_cat","embeddable":true,"href":"https:\/\/mundodacachaca.pt\/es\/wp-json\/wp\/v2\/product_cat?post=6751"},{"taxonomy":"product_tag","embeddable":true,"href":"https:\/\/mundodacachaca.pt\/es\/wp-json\/wp\/v2\/product_tag?post=6751"}],"curies":[{"name":"wp","href":"https:\/\/api.w.org\/{rel}","templated":true}]}}