{"id":7226,"date":"2023-05-29T12:08:54","date_gmt":"2023-05-29T11:08:54","guid":{"rendered":"https:\/\/darkgray-okapi-906744.hostingersite.com\/?post_type=product&#038;p=7226"},"modified":"2026-02-24T10:13:38","modified_gmt":"2026-02-24T10:13:38","slug":"cachaca-de-alambique-tie-prata-70cl","status":"publish","type":"product","link":"https:\/\/mundodacachaca.pt\/es\/producto\/cachaca-de-alambique-tie-prata-70cl\/","title":{"rendered":"Cacha\u00e7a sin gas Ti\u00ea Prata 70 cl"},"content":{"rendered":"<p>Produzida em alambique de cobre seguindo as melhores tradi\u00e7\u00f5es mineiras e armazenada em inox, a Ti\u00ea Prata preserva os aromas e sabores adocicados da cana, com uma agrad\u00e1vel pic\u00e2ncia no final. Excelente para ser bebida pura e perfeita na composi\u00e7\u00e3o dos mais variados coquet\u00e9is.<\/p>","protected":false},"excerpt":{"rendered":"<p>Produzida em alambique de cobre seguindo as melhores tradi\u00e7\u00f5es mineiras e armazenada em inox, a Ti\u00ea Prata preserva os aromas e sabores adocicados da cana, com uma agrad\u00e1vel pic\u00e2ncia no final. Excelente para ser bebida pura e perfeita na composi\u00e7\u00e3o dos mais variados coquet\u00e9is.<\/p>","protected":false},"featured_media":7227,"comment_status":"open","ping_status":"closed","template":"","meta":{"_acf_changed":false,"_monsterinsights_skip_tracking":false,"_monsterinsights_sitenote_active":false,"_monsterinsights_sitenote_note":"","_monsterinsights_sitenote_category":0,"_joinchat":[]},"product_cat":[237,220,217,307,234],"product_tag":[336,242,264,335],"class_list":{"0":"post-7226","1":"product","2":"type-product","3":"status-publish","4":"has-post-thumbnail","6":"product_cat-700ml","7":"product_cat-brancas","8":"product_cat-cachaca","9":"product_cat-promocoes","10":"product_cat-volume","11":"product_tag-aiuruoca","12":"product_tag-minas-gerais","13":"product_tag-prata","14":"product_tag-tie","15":"pa_categoria-branca_prata","16":"pa_graduacao_alcoolica-240","17":"pa_origem-aiuruoca-minas-gerais","18":"pa_volume-700ml","20":"first","21":"instock","22":"sale","23":"taxable","24":"shipping-taxable","25":"purchasable","26":"product-type-simple","swatches":"rey-swatches","show_selected":""},"aioseo_notices":[],"acf":[],"_links":{"self":[{"href":"https:\/\/mundodacachaca.pt\/es\/wp-json\/wp\/v2\/product\/7226","targetHints":{"allow":["GET"]}}],"collection":[{"href":"https:\/\/mundodacachaca.pt\/es\/wp-json\/wp\/v2\/product"}],"about":[{"href":"https:\/\/mundodacachaca.pt\/es\/wp-json\/wp\/v2\/types\/product"}],"replies":[{"embeddable":true,"href":"https:\/\/mundodacachaca.pt\/es\/wp-json\/wp\/v2\/comments?post=7226"}],"version-history":[{"count":1,"href":"https:\/\/mundodacachaca.pt\/es\/wp-json\/wp\/v2\/product\/7226\/revisions"}],"predecessor-version":[{"id":7732,"href":"https:\/\/mundodacachaca.pt\/es\/wp-json\/wp\/v2\/product\/7226\/revisions\/7732"}],"wp:featuredmedia":[{"embeddable":true,"href":"https:\/\/mundodacachaca.pt\/es\/wp-json\/wp\/v2\/media\/7227"}],"wp:attachment":[{"href":"https:\/\/mundodacachaca.pt\/es\/wp-json\/wp\/v2\/media?parent=7226"}],"wp:term":[{"taxonomy":"product_cat","embeddable":true,"href":"https:\/\/mundodacachaca.pt\/es\/wp-json\/wp\/v2\/product_cat?post=7226"},{"taxonomy":"product_tag","embeddable":true,"href":"https:\/\/mundodacachaca.pt\/es\/wp-json\/wp\/v2\/product_tag?post=7226"}],"curies":[{"name":"wp","href":"https:\/\/api.w.org\/{rel}","templated":true}]}}