{"id":2820,"date":"2021-04-01T22:09:35","date_gmt":"2021-04-01T21:09:35","guid":{"rendered":"https:\/\/darkgray-okapi-906744.hostingersite.com\/?page_id=2820"},"modified":"2021-09-21T20:40:33","modified_gmt":"2021-09-21T19:40:33","slug":"carrinho","status":"publish","type":"page","link":"https:\/\/mundodacachaca.pt\/pt\/carrinho\/","title":{"rendered":"Carrinho"},"content":{"rendered":"\t\t<div data-elementor-type=\"wp-page\" data-elementor-id=\"2820\" class=\"elementor elementor-2820\" data-elementor-post-type=\"page\">\n\t\t\t\t\t\t<section class=\"rey-lazyBg elementor-section elementor-top-section elementor-element elementor-element-4fd5e06 rey-section-bg--classic elementor-section-boxed elementor-section-height-default elementor-section-height-default\" data-id=\"4fd5e06\" data-element_type=\"section\" data-e-type=\"section\" data-settings=\"{&quot;background_background&quot;:&quot;classic&quot;}\">\n\t\t\t\t\t\t\t<div class=\"elementor-background-overlay\"><\/div>\n\t\t\t\t\t\t\t<div class=\"elementor-container elementor-column-gap-default\">\n\t\t\t\t\t<div class=\"elementor-column elementor-col-100 elementor-top-column elementor-element elementor-element-b592dcd\" data-id=\"b592dcd\" data-element_type=\"column\" data-e-type=\"column\">\n\t\t\t<div class=\"elementor-column-wrap--b592dcd elementor-widget-wrap elementor-element-populated\">\n\t\t\t\t\t\t<div class=\"elementor-element elementor-element-ca0b766 elementor-widget elementor-widget-heading\" data-id=\"ca0b766\" data-element_type=\"widget\" data-e-type=\"widget\" data-widget_type=\"heading.default\">\n\t\t\t\t<div class=\"elementor-widget-container\">\n\t\t\t\t\t<h2 class=\"elementor-heading-title elementor-size-default\">Carrinho<\/h2>\t\t\t\t<\/div>\n\t\t\t\t<\/div>\n\t\t\t\t\t<\/div>\n\t\t<\/div>\n\t\t\t\t\t<\/div>\n\t\t<\/section>\n\t\t\t\t<section class=\"elementor-section elementor-top-section elementor-element elementor-element-eee40b2 elementor-section-boxed elementor-section-height-default elementor-section-height-default\" data-id=\"eee40b2\" data-element_type=\"section\" data-e-type=\"section\">\n\t\t\t\t\t\t<div class=\"elementor-container elementor-column-gap-default\">\n\t\t\t\t\t<div class=\"elementor-column elementor-col-100 elementor-top-column elementor-element elementor-element-070fc44\" data-id=\"070fc44\" data-element_type=\"column\" data-e-type=\"column\">\n\t\t\t<div class=\"elementor-column-wrap--070fc44 elementor-widget-wrap elementor-element-populated\">\n\t\t\t\t\t\t<div class=\"elementor-element elementor-element-d5c58e5 elementor-widget elementor-widget-reycore-wc-cart\" data-id=\"d5c58e5\" data-element_type=\"widget\" data-e-type=\"widget\" data-widget_type=\"reycore-wc-cart.default\">\n\t\t\t\t<div class=\"elementor-widget-container\">\n\t\t\t\t\t\n\t\t<div class=\"woocommerce rey-cartPage --layout-custom --table-style-1 --totals-style-2 --totals-sticky\"> <div class=\"woocommerce-notices-wrapper\"><\/div>\n<div class=\"rey-cartPage rey-emptyCart\">\n\n\t<div class=\"rey-emptyCart-icon\">\n\t\t<svg aria-hidden=\"true\" role=\"img\" id=\"rey-icon-bag-69f1f6ae9de45\" class=\"rey-icon rey-icon-bag \" viewbox=\"0 0 24 24\"><path d=\"M21,3h-4.4C15.8,1.2,14,0,12,0S8.2,1.2,7.4,3H3C2.4,3,2,3.4,2,4v19c0,0.6,0.4,1,1,1h18c0.6,0,1-0.4,1-1V4  C22,3.4,21.6,3,21,3z M12,1c1.5,0,2.8,0.8,3.4,2H8.6C9.2,1.8,10.5,1,12,1z M20,22H4v-4h16V22z M20,17H4V5h3v4h1V5h8v4h1V5h3V17z\"\/><\/svg>\t<\/div>\n\n\t<div class=\"rey-emptyCart-title\">\n\t\t<h2>O carrinho est\u00e1 vazio.<\/h2>\n\t<\/div>\n\n\t<div class=\"rey-emptyCart-content\">\n\n\t\t\t\t\t<p class=\"return-to-shop\">\n\t\t\t\t<a class=\"btn btn-primary wc-backward\" href=\"https:\/\/mundodacachaca.pt\/pt\/shop\/\">\n\t\t\t\t\tVoltar para a loja\t\t\t\t<\/a>\n\t\t\t<\/p>\n\t\t\n\t<\/div>\n<\/div>\n\t\t<\/div>\t\t\t\t<\/div>\n\t\t\t\t<\/div>\n\t\t\t\t\t<\/div>\n\t\t<\/div>\n\t\t\t\t\t<\/div>\n\t\t<\/section>\n\t\t\t\t<\/div>\n\t\t","protected":false},"excerpt":{"rendered":"<p>Carrinho CARRINHO DE COMPRAS CONFIRME SEUS ITEMS ENVIO E CHECKOUT INSIRA SUAS INFORMACOES CONFIRMACAO REVER O PEDIDO Produto Pre\u00e7o Quantidade Subtotal Meu Garoto Jambu 50ml Remover &euro;5.50 Quantidade de Meu Garoto Jambu 50ml &euro;5.50 A Cacha\u00e7a 700ml Remover &euro;13.90 Quantidade de A Cacha\u00e7a 700ml &euro;27.80 Actualizar carrinho Voc\u00ea pode estar interessado em&hellip; Meu Garoto Jambu [&hellip;]<\/p>\n","protected":false},"author":1,"featured_media":0,"parent":0,"menu_order":0,"comment_status":"closed","ping_status":"closed","template":"elementor_theme","meta":{"_acf_changed":false,"_monsterinsights_skip_tracking":false,"_monsterinsights_sitenote_active":false,"_monsterinsights_sitenote_note":"","_monsterinsights_sitenote_category":0,"_joinchat":[],"footnotes":""},"class_list":["post-2820","page","type-page","status-publish","hentry"],"aioseo_notices":[],"acf":[],"_links":{"self":[{"href":"https:\/\/mundodacachaca.pt\/pt\/wp-json\/wp\/v2\/pages\/2820","targetHints":{"allow":["GET"]}}],"collection":[{"href":"https:\/\/mundodacachaca.pt\/pt\/wp-json\/wp\/v2\/pages"}],"about":[{"href":"https:\/\/mundodacachaca.pt\/pt\/wp-json\/wp\/v2\/types\/page"}],"author":[{"embeddable":true,"href":"https:\/\/mundodacachaca.pt\/pt\/wp-json\/wp\/v2\/users\/1"}],"replies":[{"embeddable":true,"href":"https:\/\/mundodacachaca.pt\/pt\/wp-json\/wp\/v2\/comments?post=2820"}],"version-history":[{"count":0,"href":"https:\/\/mundodacachaca.pt\/pt\/wp-json\/wp\/v2\/pages\/2820\/revisions"}],"wp:attachment":[{"href":"https:\/\/mundodacachaca.pt\/pt\/wp-json\/wp\/v2\/media?parent=2820"}],"curies":[{"name":"wp","href":"https:\/\/api.w.org\/{rel}","templated":true}]}}