{"id":4893,"date":"2021-04-12T23:01:50","date_gmt":"2021-04-12T22:01:50","guid":{"rendered":"https:\/\/darkgray-okapi-906744.hostingersite.com\/?page_id=4893"},"modified":"2021-04-13T19:54:14","modified_gmt":"2021-04-13T18:54:14","slug":"politica-de-privacidade","status":"publish","type":"page","link":"https:\/\/mundodacachaca.pt\/pt\/politica-de-privacidade\/","title":{"rendered":"Pol\u00edtica de Privacidade"},"content":{"rendered":"\t\t<div data-elementor-type=\"wp-page\" data-elementor-id=\"4893\" class=\"elementor elementor-4893\" data-elementor-post-type=\"page\">\n\t\t\t\t\t\t<section class=\"elementor-section elementor-top-section elementor-element elementor-element-6baa093 elementor-section-boxed elementor-section-height-default elementor-section-height-default\" data-id=\"6baa093\" data-element_type=\"section\" data-e-type=\"section\">\n\t\t\t\t\t\t<div class=\"elementor-container elementor-column-gap-default\">\n\t\t\t\t\t<div class=\"elementor-column elementor-col-100 elementor-top-column elementor-element elementor-element-6ec5ce5\" data-id=\"6ec5ce5\" data-element_type=\"column\" data-e-type=\"column\">\n\t\t\t<div class=\"elementor-column-wrap--6ec5ce5 elementor-widget-wrap elementor-element-populated\">\n\t\t\t\t\t\t<div class=\"elementor-element elementor-element-a22edf1 elementor-widget elementor-widget-heading\" data-id=\"a22edf1\" data-element_type=\"widget\" data-e-type=\"widget\" data-widget_type=\"heading.default\">\n\t\t\t\t<div class=\"elementor-widget-container\">\n\t\t\t\t\t<h2 class=\"elementor-heading-title elementor-size-default\">Pol\u00edtica de Privacidade<\/h2>\t\t\t\t<\/div>\n\t\t\t\t<\/div>\n\t\t\t\t<div class=\"elementor-element elementor-element-23f44ac elementor-widget elementor-widget-text-editor\" data-id=\"23f44ac\" data-element_type=\"widget\" data-e-type=\"widget\" data-widget_type=\"text-editor.default\">\n\t\t\t\t<div class=\"elementor-widget-container\">\n\t\t\t\t\t\t\t\t\t<p class=\"p3\"><b>Nota de Privacidade e Prote\u00e7\u00e3o de Dados<\/b><\/p><p class=\"p4\">O site <strong>Mundo da Cacha\u00e7a<\/strong> n\u00e3o recolhe automaticamente qualquer tipo de informa\u00e7\u00e3o pessoal dos utilizadores que n\u00e3o se encontrem registados, permitindo assim que os visitantes naveguem anonimamente.<\/p><p class=\"p5\">Leia, por favor, esta <em><span style=\"text-decoration: underline;\">Pol\u00edtica de Privacidade<\/span><\/em> com aten\u00e7\u00e3o pois, se est\u00e1 a aceder ao nosso website, a disponibiliza\u00e7\u00e3o dos seus dados pessoais implica o conhecimento e aceita\u00e7\u00e3o das condi\u00e7\u00f5es aqui constantes. Esta <span style=\"text-decoration: underline;\"><em>Pol\u00edtica de Privacidade<\/em><\/span> aplica-se exclusivamente \u00e0 recolha e tratamento de dados pessoais efetuados pela <strong>Mundo da Cacha\u00e7a<\/strong>. Quaisquer hiperliga\u00e7\u00f5es para websites externos \u00e0 <strong>Mundo da Cacha\u00e7a<\/strong> n\u00e3o est\u00e3o abrangidos pela presente declara\u00e7\u00e3o de privacidade.<\/p><p class=\"p5\">A presente <em><span style=\"text-decoration: underline;\">Pol\u00edtica de Privacidade<\/span><\/em> regula a eventual recolha e tratamento, designadamente o consentimento, relativamente a dados pessoais recolhidos ou fornecidos pelos utilizadores em qualquer parte do site <strong>Mundo da Cacha\u00e7a<\/strong>, assim como o exerc\u00edcio dos seus direitos relativamente a estes dados, nos termos do Regulamento Geral da Protec\u00e7\u00e3o de Dados (Regulamento 2016\/679 do Parlamento Europeu e do Conselho, de 27 de Abril de 2016).<\/p><p class=\"p6\"><b>Dados pessoais<\/b><\/p><p class=\"p5\">Qualquer informa\u00e7\u00e3o, de qualquer natureza e independentemente do respetivo suporte, incluindo som e imagem, relativa a uma pessoa singular identificada ou identific\u00e1vel.<\/p><p class=\"p5\">\u00c9 considerada identific\u00e1vel a pessoa que possa ser identificada direta ou indiretamente, designadamente por refer\u00eancia a um n\u00famero de identifica\u00e7\u00e3o ou a um ou mais elementos espec\u00edficos da sua identidade f\u00edsica, fisiol\u00f3gica, ps\u00edquica, econ\u00f3mica, cultural ou social.<\/p><p class=\"p5\">Por regra n\u00e3o recolhemos dados sens\u00edveis. Sempre que no cumprimento de obriga\u00e7\u00e3o legal ou de forma volunt\u00e1ria e por iniciativa do utilizador forem disponibilizados dados sens\u00edveis, assumimos o seu consentimento expl\u00edcito, livre e inequ\u00edvoco para tratarmos essa informa\u00e7\u00e3o relativamente \u00e0s finalidades para as quais foram fornecidas.<\/p><p class=\"p6\"><b>Respons\u00e1vel pelo tratamento de dados<\/b><\/p><p class=\"p5\">A entidade respons\u00e1vel pela recolha e tratamento dos dados pessoais \u00e9 a <strong>Mundo da Cacha\u00e7a<\/strong>, que lhe presta o servi\u00e7o e que, no contexto, decide quais os dados recolhidos, os meios de tratamento dos dados e para que finalidades s\u00e3o utilizados.<\/p><p class=\"p6\"><b>Tipo de dados pessoais recolhidos<\/b><\/p><p class=\"p5\">A <strong>Mundo da Cacha\u00e7a<\/strong>, no \u00e2mbito da sua actividade, procede \u00e0 recolha e ao tratamento dos dados pessoais necess\u00e1rios ao processamento das encomendas e comunica\u00e7\u00e3o com os Clientes, processamento de pedidos de informa\u00e7\u00e3o e de eventuais reclama\u00e7\u00f5es, an\u00e1lise estat\u00edstica, bem como a respectiva utiliza\u00e7\u00e3o para efeitos de marketing directo, tratando nesse \u00e2mbito dados como: nome, moradas, pa\u00eds, n\u00famero de telefone, n\u00famero de contribuinte, endere\u00e7o de correio electr\u00f3nico, data de nascimento e interesses pessoais sobre bebidas alco\u00f3licas.<\/p><p class=\"p5\">Os dados pessoais recolhidos s\u00e3o tratados informaticamente e no estrito cumprimento da legisla\u00e7\u00e3o de protec\u00e7\u00e3o de dados pessoais, sendo armazenados em base de dados espec\u00edficas, criadas para o efeito e que garantem a sua seguran\u00e7a e confidencialidade de acordo com as medidas de tecnologia da informa\u00e7\u00e3o, t\u00e9cnicas e organizacionais aceites, por forma a proteger da perda, altera\u00e7\u00e3o, destrui\u00e7\u00e3o, uso indevido em geral ou que os dados recolhidos sejam utilizados para outra finalidade que n\u00e3o seja aquela para a qual foi dado o consentimento por parte do titular dos dados.<\/p><p class=\"p5\">Caso deseje fazer a subscri\u00e7\u00e3o de newsletter ou nos sejam solicitadas mais informa\u00e7\u00f5es, ser-lhe-\u00e1 apresentado um formul\u00e1rio de recolha de dados pessoais.<\/p><p class=\"p5\">Caso preencha qualquer um dos formul\u00e1rios dispon\u00edveis para os fins acima descritos, consideramos prestado o seu consentimento consciente, expresso e inequ\u00edvoco para a activa\u00e7\u00e3o e utiliza\u00e7\u00e3o subsequente dos mesmos.<\/p><p class=\"p6\"><b>Finalidade do tratamento dos dados pessoais<\/b><\/p><p class=\"p5\">A finalidade do tratamento dos dados pessoais consiste na gest\u00e3o e processamento de encomendas, comunica\u00e7\u00e3o com os Clientes, processamento de pedidos de informa\u00e7\u00e3o e de eventuais reclama\u00e7\u00f5es.<\/p><p class=\"p5\">Periodicamente, a <strong>Mundo da Cacha\u00e7a<\/strong> poder\u00e1 utilizar as informa\u00e7\u00f5es de contacto disponibilizadas para fornecer informa\u00e7\u00f5es que considera relevantes, sendo sempre permitido ao Titular dos Dados deixar de receber esse tipo de informa\u00e7\u00e3o.<\/p><p class=\"p5\">Por ocasi\u00e3o da recolha dos dados poder-lhe-\u00e3o ser prestadas informa\u00e7\u00f5es mais detalhadas sobre a utiliza\u00e7\u00e3o que daremos aos seus dados.<\/p><p class=\"p5\">Os dados s\u00e3o recolhidos tamb\u00e9m para uso exclusivo das atividades de marketing da <strong>Mundo da Cacha\u00e7a<\/strong>, para fins de compila\u00e7\u00e3o de estat\u00edsticas agregadas, m\u00e9tricas e elementos sobre tend\u00eancias generalizadas para o melhoramento e otimiza\u00e7\u00e3o de campanhas publicit\u00e1rias e para outros fins de marketing, promocionais e de an\u00e1lise.<\/p><p class=\"p6\"><b>Tempo de conserva\u00e7\u00e3o<\/b><\/p><p class=\"p5\">O per\u00edodo de tempo durante o qual os dados s\u00e3o armazenados e conservados varia de acordo com a finalidade para a qual a informa\u00e7\u00e3o \u00e9 tratada e de acordo com as obriga\u00e7\u00f5es e requisitos legais eventualmente aplic\u00e1veis, e que obriguem a conservar os dados por um per\u00edodo de tempo m\u00ednimo.<\/p><p class=\"p5\">Assim, e sempre que n\u00e3o exista uma obriga\u00e7\u00e3o legal especifica, os dados ser\u00e3o armazenados e conservados apenas pelo per\u00edodo m\u00ednimo necess\u00e1rio para as finalidades que motivaram a sua recolha ou o seu posterior tratamento, findo o qual os mesmos ser\u00e3o eliminados.<\/p><p class=\"p7\">Lembramos expressamente que em qualquer momento poder\u00e1 solicitar a elimina\u00e7\u00e3o de todos os seus dados pessoais das nossas bases de dados.<span class=\"Apple-converted-space\">\u00a0<\/span><\/p><p class=\"p6\"><b>Acesso, atualiza\u00e7\u00e3o, retifica\u00e7\u00e3o, oposi\u00e7\u00e3o, limita\u00e7\u00e3o, remo\u00e7\u00e3o e portabilidade dos dados pessoais<\/b><\/p><p class=\"p5\">Qualquer pedido de acesso, atualiza\u00e7\u00e3o, retifica\u00e7\u00e3o, oposi\u00e7\u00e3o, limita\u00e7\u00e3o, remo\u00e7\u00e3o, portabilidade ou n\u00e3o sujei\u00e7\u00e3o a decis\u00f5es individuais automatizadas dos dados pessoais suscept\u00edveis de o identificar, pode ser requerido por contacto direto com a <strong>Mundo da Cacha\u00e7a<\/strong>.<\/p><p class=\"p6\"><b>Oposi\u00e7\u00e3o \u00e0 recep\u00e7\u00e3o de contactos para fins de marketing<\/b><\/p><p class=\"p5\">A <strong>Mundo da Cacha\u00e7a<\/strong> pode promover a\u00e7\u00f5es de divulga\u00e7\u00e3o junto dos seus clientes, salvo se o Titular dos Dados a tal se tiver oposto aquando da recolha dos dados.<\/p><p class=\"p5\">Caso n\u00e3o pretenda rececionar esta comunica\u00e7\u00e3o pode opor-se, a qualquer momento, \u00e0 utiliza\u00e7\u00e3o dos seus dados para fins de marketing e envio de comunica\u00e7\u00f5es informativas, devendo para tal, enviar pedido escrito dirigido \u00e0 Mundo da Cacha\u00e7a.<\/p><p class=\"p6\"><b>Comunica\u00e7\u00e3o de dados a outra entidades (terceiros e subcontratados)<\/b><\/p><p class=\"p5\">Em regra, a <strong>Mundo da Cacha\u00e7a<\/strong> n\u00e3o partilha os dados pessoais dos utilizadores com terceiros com quem n\u00e3o tenha estabelecida uma rela\u00e7\u00e3o contratual que prev\u00ea o tratamento confidencial destes dados de acordo com a declara\u00e7\u00e3o de privacidade da <strong>Mundo da Cacha\u00e7a<\/strong>.<\/p><p class=\"p5\">A <strong>Mundo da Cacha\u00e7a<\/strong> poder\u00e1 comunicar os seus dados pessoais a terceiros desde que, para o efeito, tenha obtido de forma inequ\u00edvoca o consentimento dos Titulares dos Dados ou ainda quando: a) a transmiss\u00e3o seja efetuada no \u00e2mbito do cumprimento de uma obriga\u00e7\u00e3o legal, de uma delibera\u00e7\u00e3o da Comiss\u00e3o Nacional de Protec\u00e7\u00e3o de Dados ou de uma ordem judicial ou b) a comunica\u00e7\u00e3o seja levada a cabo para proteger interesses vitais dos Titulares dos Dados ou qualquer outra finalidade leg\u00edtima prevista na lei.<\/p><p class=\"p5\">A <strong>Mundo da Cacha\u00e7a<\/strong> toma as medidas adequadas, de forma a assegurar que as entidades que tenham acesso aos dados, s\u00e3o reputadas e oferecem as mais elevadas garantias a este n\u00edvel, o que ficar\u00e1 devidamente consagrado e acautelado em contrato a assinar entre a <strong>Mundo da Cacha\u00e7a<\/strong> e a(s) terceira(s) entidade(s).<\/p><p class=\"p5\">Assim, qualquer entidade subcontratada pela <strong>Mundo da Cacha\u00e7a<\/strong> tratar\u00e1 os dados pessoais recolhidos e tratados, em nome e por conta da <strong>Mundo da Cacha\u00e7a<\/strong> na obriga\u00e7\u00e3o de adotar as medidas t\u00e9cnicas e organizacionais necess\u00e1rias de forma a proteger os dados pessoais contra a destrui\u00e7\u00e3o, acidental ou il\u00edcita, a perda acidental, a altera\u00e7\u00e3o, a difus\u00e3o ou o acesso n\u00e3o autorizado e contra qualquer outra forma de tratamento il\u00edcito.<\/p><p class=\"p5\">Em qualquer dos casos, a <strong>Mundo da Cacha\u00e7a<\/strong> permanece respons\u00e1vel pelos dados pessoais recolhidos.<\/p><p class=\"p6\"><b>Altera\u00e7\u00f5es \u00e0 pol\u00edtica de privacidade<\/b><\/p><p class=\"p5\">A<span class=\"Apple-converted-space\">\u00a0 <\/span><strong>Mundo da Cacha\u00e7a<\/strong> reserva-se o direito de a todo o momento e sem aviso pr\u00e9vio e com efeitos imediatos, mas sem preju\u00edzo dos direitos legais conferidos aos Titulares dos Dados, alterar, acrescentar ou revogar, parcial ou totalmente, a presente <span style=\"text-decoration: underline;\">Pol\u00edtica de Privacidade<\/span>.<\/p><p class=\"p5\">Quaisquer altera\u00e7\u00f5es ser\u00e3o imediatamente divulgadas nesta mesma p\u00e1gina web, pelo que recomendamos a visita peri\u00f3dica a esta p\u00e1gina para ficar a par da vers\u00e3o mais recente.<\/p><p class=\"p5\">Se tiver quaisquer d\u00favidas ou quest\u00f5es sobre a forma como a <strong>Mundo da Cacha\u00e7a<\/strong> procede ao tratamento dos seus dados pessoais, por favor envie-nos o seu pedido de esclarecimento atrav\u00e9s de email<span class=\"Apple-converted-space\">\u00a0 <\/span>ou para a morada da <strong>Mundo da Cacha\u00e7a<\/strong>.<\/p><p class=\"p5\">Nos termos legais em vigor, \u00e9 expressamente proibida qualquer c\u00f3pia, reprodu\u00e7\u00e3o, difus\u00e3o, modifica\u00e7\u00e3o, publica\u00e7\u00e3o ou qualquer uso comercial ou n\u00e3o comercial de qualquer conte\u00fado que se encontre neste site, sem a pr\u00e9via autoriza\u00e7\u00e3o escrita da <strong>Mundo da Cacha\u00e7a<\/strong>, sob pena de ser intentada a competente ac\u00e7\u00e3o judicial.<\/p>\t\t\t\t\t\t\t\t<\/div>\n\t\t\t\t<\/div>\n\t\t\t\t\t<\/div>\n\t\t<\/div>\n\t\t\t\t\t<\/div>\n\t\t<\/section>\n\t\t\t\t<\/div>\n\t\t","protected":false},"excerpt":{"rendered":"<p>Pol\u00edtica de Privacidade Nota de Privacidade e Prote\u00e7\u00e3o de Dados O site Mundo da Cacha\u00e7a n\u00e3o recolhe automaticamente qualquer tipo de informa\u00e7\u00e3o pessoal dos utilizadores que n\u00e3o se encontrem registados, permitindo assim que os visitantes naveguem anonimamente. Leia, por favor, esta Pol\u00edtica de Privacidade com aten\u00e7\u00e3o pois, se est\u00e1 a aceder ao nosso website, a [&hellip;]<\/p>\n","protected":false},"author":1,"featured_media":0,"parent":0,"menu_order":0,"comment_status":"closed","ping_status":"closed","template":"elementor_header_footer","meta":{"_acf_changed":false,"_monsterinsights_skip_tracking":false,"_monsterinsights_sitenote_active":false,"_monsterinsights_sitenote_note":"","_monsterinsights_sitenote_category":0,"_joinchat":[],"footnotes":""},"class_list":["post-4893","page","type-page","status-publish","hentry"],"aioseo_notices":[],"acf":[],"_links":{"self":[{"href":"https:\/\/mundodacachaca.pt\/pt\/wp-json\/wp\/v2\/pages\/4893","targetHints":{"allow":["GET"]}}],"collection":[{"href":"https:\/\/mundodacachaca.pt\/pt\/wp-json\/wp\/v2\/pages"}],"about":[{"href":"https:\/\/mundodacachaca.pt\/pt\/wp-json\/wp\/v2\/types\/page"}],"author":[{"embeddable":true,"href":"https:\/\/mundodacachaca.pt\/pt\/wp-json\/wp\/v2\/users\/1"}],"replies":[{"embeddable":true,"href":"https:\/\/mundodacachaca.pt\/pt\/wp-json\/wp\/v2\/comments?post=4893"}],"version-history":[{"count":1,"href":"https:\/\/mundodacachaca.pt\/pt\/wp-json\/wp\/v2\/pages\/4893\/revisions"}],"predecessor-version":[{"id":7894,"href":"https:\/\/mundodacachaca.pt\/pt\/wp-json\/wp\/v2\/pages\/4893\/revisions\/7894"}],"wp:attachment":[{"href":"https:\/\/mundodacachaca.pt\/pt\/wp-json\/wp\/v2\/media?parent=4893"}],"curies":[{"name":"wp","href":"https:\/\/api.w.org\/{rel}","templated":true}]}}