{"id":4966,"date":"2021-04-12T23:19:18","date_gmt":"2021-04-12T22:19:18","guid":{"rendered":"https:\/\/darkgray-okapi-906744.hostingersite.com\/?page_id=4966"},"modified":"2021-04-12T23:22:39","modified_gmt":"2021-04-12T22:22:39","slug":"faq","status":"publish","type":"page","link":"https:\/\/mundodacachaca.pt\/pt\/faq\/","title":{"rendered":"Faq&#8217;s"},"content":{"rendered":"\t\t<div data-elementor-type=\"wp-page\" data-elementor-id=\"4966\" class=\"elementor elementor-4966\" data-elementor-post-type=\"page\">\n\t\t\t\t\t\t<section class=\"elementor-section elementor-top-section elementor-element elementor-element-81b7e3f elementor-section-boxed elementor-section-height-default elementor-section-height-default\" data-id=\"81b7e3f\" data-element_type=\"section\" data-e-type=\"section\">\n\t\t\t\t\t\t<div class=\"elementor-container elementor-column-gap-default\">\n\t\t\t\t\t<div class=\"elementor-column elementor-col-100 elementor-top-column elementor-element elementor-element-81de20d\" data-id=\"81de20d\" data-element_type=\"column\" data-e-type=\"column\">\n\t\t\t<div class=\"elementor-column-wrap--81de20d elementor-widget-wrap elementor-element-populated\">\n\t\t\t\t\t\t<div class=\"elementor-element elementor-element-8eaf431 elementor-widget elementor-widget-heading\" data-id=\"8eaf431\" data-element_type=\"widget\" data-e-type=\"widget\" data-widget_type=\"heading.default\">\n\t\t\t\t<div class=\"elementor-widget-container\">\n\t\t\t\t\t<h2 class=\"elementor-heading-title elementor-size-default\">FAQ'S<\/h2>\t\t\t\t<\/div>\n\t\t\t\t<\/div>\n\t\t\t\t<div class=\"elementor-element elementor-element-685ba6c elementor-widget elementor-widget-text-editor\" data-id=\"685ba6c\" data-element_type=\"widget\" data-e-type=\"widget\" data-widget_type=\"text-editor.default\">\n\t\t\t\t<div class=\"elementor-widget-container\">\n\t\t\t\t\t\t\t\t\t<div class=\"section-header\"><h1 class=\"section-header--title\"><strong style=\"color: inherit; font-family: inherit; font-size: var(--h4-font-size); background-color: var(--body-bg-color);\">M\u00c9TODOS DE PAGAMENTO:<\/strong><\/h1><\/div><div class=\"rte\"><ul><li><strong>Multibanco<\/strong>:\u00a0Ap\u00f3s finalizar a encomenda receber\u00e1, via e-mail,\u00a0os dados de pagamento relativos \u00e0 sua encomenda. A confirma\u00e7\u00e3o do pagamento \u00e9 autom\u00e1tica pelo que n\u00e3o necessitar\u00e1 de nos enviar comprovativo.<\/li><li><strong>MB Way<\/strong>:\u00a0Esta forma de pagamento \u00e9\u00a0op\u00e7\u00e3o apenas para quem tem conta e n\u00famero de telem\u00f3vel associado na plataforma MB Way.<\/li><li><strong>Cart\u00e3o de Cr\u00e9dito<\/strong>:\u00a0Aceitamos pagamentos com cart\u00f5es Visa, American Express ou MasterCard. Para sua seguran\u00e7a, todas as transa\u00e7\u00f5es s\u00e3o encriptadas. O pagamento ser\u00e1 capturado logo que a nossa equipa confirme a encomenda.<\/li><li><strong>PayPal<\/strong>: Esta forma de pagamento \u00e9 op\u00e7\u00e3o apenas para quem tem conta PayPal.\u00a0<\/li><\/ul><h4><strong>DADOS PESSOAIS<\/strong><\/h4><p>Os dados pessoais que nos disponibiliza\u00a0&#8211;\u00a0nome, morada ou contacto telef\u00f3nico &#8211; s\u00e3o apenas usados para a raz\u00e3o espec\u00edfica pela qual os forneceu.\u00a0Se lhe solicitarmos informa\u00e7\u00f5es pessoais por qualquer outro motivo, como para a\u00e7\u00f5es\u00a0de marketing, receber\u00e1 um pedido de autoriza\u00e7\u00e3o para tal\u00a0e\u00a0ter\u00e1 a oportunidade de dizer n\u00e3o.<\/p><h4><strong>OP\u00c7\u00d5ES DE ENVIO<\/strong><\/h4><p>Os nossos envios s\u00e3o feitos atrav\u00e9s da UPS. As encomendas s\u00e3o entregues em m\u00e3o, entre as 9 e as 18 horas. Em per\u00edodos excepcionais, como o causado pela COVID-19, os prazos de entrega (normalmente de 1 a 2 dias \u00fateis ap\u00f3s a expedi\u00e7\u00e3o) podem ser prolongados.<\/p><h4><strong>PORTES DE ENVIO<\/strong><\/h4><p>Os portes de envio s\u00e3o calculados no final de cada encomenda mediante o peso da mesma, e o local de destino, sendo o valor m\u00ednimo 5.00\u20ac.<\/p><h3><strong>CONFIRMA\u00c7\u00c3O\u00a0DE ENCOMENDAS\u00a0E CONDI\u00c7\u00d5ES DE VENDA<\/strong><\/h3><p>A aceita\u00e7\u00e3o de todas as encomendas e dos seus termos est\u00e1 sujeita \u00e0 nossa re-confirma\u00e7\u00e3o por um dos nossos colaboradores. Ser\u00e3o consideradas nulas e inv\u00e1lidas todas as encomendas que derivem de erros no site, inclu\u00edndo erros de actualiza\u00e7\u00e3o de pre\u00e7os, erros de sistema ou quaisquer erros tipogr\u00e1ficos.<\/p><\/div>\t\t\t\t\t\t\t\t<\/div>\n\t\t\t\t<\/div>\n\t\t\t\t\t<\/div>\n\t\t<\/div>\n\t\t\t\t\t<\/div>\n\t\t<\/section>\n\t\t\t\t<\/div>\n\t\t","protected":false},"excerpt":{"rendered":"<p>FAQ&#8217;S M\u00c9TODOS DE PAGAMENTO: Multibanco:&nbsp;Ap\u00f3s finalizar a encomenda receber\u00e1, via e-mail,&nbsp;os dados de pagamento relativos \u00e0 sua encomenda. A confirma\u00e7\u00e3o do pagamento \u00e9 autom\u00e1tica pelo que n\u00e3o necessitar\u00e1 de nos enviar comprovativo. MB Way:&nbsp;Esta forma de pagamento \u00e9&nbsp;op\u00e7\u00e3o apenas para quem tem conta e n\u00famero de telem\u00f3vel associado na plataforma MB Way. Cart\u00e3o de Cr\u00e9dito:&nbsp;Aceitamos [&hellip;]<\/p>\n","protected":false},"author":1,"featured_media":0,"parent":0,"menu_order":0,"comment_status":"closed","ping_status":"closed","template":"","meta":{"_acf_changed":false,"_monsterinsights_skip_tracking":false,"_monsterinsights_sitenote_active":false,"_monsterinsights_sitenote_note":"","_monsterinsights_sitenote_category":0,"_joinchat":[],"footnotes":""},"class_list":["post-4966","page","type-page","status-publish","hentry"],"aioseo_notices":[],"acf":[],"_links":{"self":[{"href":"https:\/\/mundodacachaca.pt\/pt\/wp-json\/wp\/v2\/pages\/4966","targetHints":{"allow":["GET"]}}],"collection":[{"href":"https:\/\/mundodacachaca.pt\/pt\/wp-json\/wp\/v2\/pages"}],"about":[{"href":"https:\/\/mundodacachaca.pt\/pt\/wp-json\/wp\/v2\/types\/page"}],"author":[{"embeddable":true,"href":"https:\/\/mundodacachaca.pt\/pt\/wp-json\/wp\/v2\/users\/1"}],"replies":[{"embeddable":true,"href":"https:\/\/mundodacachaca.pt\/pt\/wp-json\/wp\/v2\/comments?post=4966"}],"version-history":[{"count":0,"href":"https:\/\/mundodacachaca.pt\/pt\/wp-json\/wp\/v2\/pages\/4966\/revisions"}],"wp:attachment":[{"href":"https:\/\/mundodacachaca.pt\/pt\/wp-json\/wp\/v2\/media?parent=4966"}],"curies":[{"name":"wp","href":"https:\/\/api.w.org\/{rel}","templated":true}]}}