{"id":626,"date":"2020-12-16T21:13:52","date_gmt":"2020-12-16T21:13:52","guid":{"rendered":"https:\/\/darkgray-okapi-906744.hostingersite.com\/?page_id=626"},"modified":"2021-04-12T22:37:30","modified_gmt":"2021-04-12T21:37:30","slug":"politica-de-cookies","status":"publish","type":"page","link":"https:\/\/mundodacachaca.pt\/pt\/politica-de-cookies\/","title":{"rendered":"Pol\u00edtica de Cookies"},"content":{"rendered":"\t\t<div data-elementor-type=\"wp-page\" data-elementor-id=\"626\" class=\"elementor elementor-626\" data-elementor-post-type=\"page\">\n\t\t\t\t\t\t<section class=\"elementor-section elementor-top-section elementor-element elementor-element-6baa093 elementor-section-boxed elementor-section-height-default elementor-section-height-default\" data-id=\"6baa093\" data-element_type=\"section\" data-e-type=\"section\">\n\t\t\t\t\t\t<div class=\"elementor-container elementor-column-gap-default\">\n\t\t\t\t\t<div class=\"elementor-column elementor-col-100 elementor-top-column elementor-element elementor-element-6ec5ce5\" data-id=\"6ec5ce5\" data-element_type=\"column\" data-e-type=\"column\">\n\t\t\t<div class=\"elementor-column-wrap--6ec5ce5 elementor-widget-wrap elementor-element-populated\">\n\t\t\t\t\t\t<div class=\"elementor-element elementor-element-a22edf1 elementor-widget elementor-widget-heading\" data-id=\"a22edf1\" data-element_type=\"widget\" data-e-type=\"widget\" data-widget_type=\"heading.default\">\n\t\t\t\t<div class=\"elementor-widget-container\">\n\t\t\t\t\t<h2 class=\"elementor-heading-title elementor-size-default\">Pol\u00edtica de Cookies<\/h2>\t\t\t\t<\/div>\n\t\t\t\t<\/div>\n\t\t\t\t<div class=\"elementor-element elementor-element-23f44ac elementor-widget elementor-widget-text-editor\" data-id=\"23f44ac\" data-element_type=\"widget\" data-e-type=\"widget\" data-widget_type=\"text-editor.default\">\n\t\t\t\t<div class=\"elementor-widget-container\">\n\t\t\t\t\t\t\t\t\t<p><strong>\u201c<\/strong><strong>Cookies<\/strong><strong>\u201d<\/strong><strong>\u00a0\u00e9\u00a0<\/strong><strong>um termo que se refere<\/strong><strong>\u00a0a um recurso padr\u00e3o encontrado em seu navegador de Internet (Ex.: Explorer, Crome,\u00a0<\/strong><strong>Firefox,\u00a0<\/strong><strong>Safari etc.), que individualiza a navega\u00e7\u00e3o de cada usu\u00e1rio.<\/strong><strong><br \/><\/strong><\/p><p>Por conta disso, um n\u00famero de identifica\u00e7\u00e3o an\u00f4nimo e aleat\u00f3rio fica registrado em seu computador. Os &#8216;cookies&#8217; identificam apenas o equipamento usado para acessar os nossos sites e aplicativos. Os &#8216;cookies&#8217; n\u00e3o podem ler os dados de seu disco r\u00edgido. N\u00f3s n\u00e3o ligamos as informa\u00e7\u00f5es dos &#8216;cookies&#8217; com as informa\u00e7\u00f5es pessoais de identifica\u00e7\u00e3o dos usu\u00e1rios.<br \/><strong><br \/>Utilizamos &#8216;cookies&#8217; para lembrar seus padr\u00f5es de navega\u00e7\u00e3o em nosso site.<\/strong><strong><br \/><\/strong><\/p><p>A nossa meta nestes casos \u00e9 fazer com que a sua experi\u00eancia com a &#8220;<strong>MUNDO DA CACHA\u00c7A<\/strong>&#8221;\u00a0 seja mais \u00fatil, mais \u00e1gil e personalizada.<\/p><p>Caso voc\u00ea queira desabilitar o uso de \u201cCookies\u201d no seu navegador, por favor siga os passos abaixo de acordo com o seu navegador. Informamos que isso pode afetar a agilidade e\/ou velocidade de suas navega\u00e7\u00f5es resultando possivelmente numa experi\u00eancia n\u00e3o otimizada.<\/p><p>Como desabilitar os cookies nos principais navegadores<\/p><p><strong>NO SEU COMPUTADOR:<\/strong><\/p><p><strong>Internet Explorer<\/strong><\/p><ul><li>Toque ou clique no \u00edcone do \u201cInternet Explorer\u201d na \u00e1rea de trabalho ou na barra de tarefas;<\/li><li>Toque ou clique no bot\u00e3o \u201cFerramentas\u201d e depois em \u201cOp\u00e7\u00f5es da Internet\u201d;<\/li><li>Toque ou clique na guia \u201cPrivacidade\u201d e, em seguida, em \u201cConfigura\u00e7\u00f5es\u201d. Selecione a op\u00e7\u00e3o bloquear todos os cookies e clique em \u201cOK\u201d.<\/li><\/ul><p><strong><br \/>Google Chrome<\/strong><\/p><ul><li>Clique no \u00edcone do menu do Google Chrome;<\/li><li>Selecione \u201cConfigura\u00e7\u00f5es\u201d;<\/li><li>Na parte inferior da p\u00e1gina, clique em \u201cMostrar configura\u00e7\u00f5es avan\u00e7adas\u201d;<\/li><li>Na se\u00e7\u00e3o &#8220;Privacidade&#8221;, clique em Configura\u00e7\u00f5es de conte\u00fado;<\/li><li>Para desativar os cookies, selecione \u201cBloquear as configura\u00e7\u00f5es de quaisquer dados dos sites\u201d.<\/li><\/ul><p><strong><br \/>Firefox<\/strong><\/p><ul><li>No topo da janela do Firefox, clique no bot\u00e3o Firefox, selecione Op\u00e7\u00f5es, e na janela seguinte, clique no item \u201cPrivacidade\u201d<\/li><li>Na op\u00e7\u00e3o \u201cO Firefox deve:\u201d selecione \u201cUsar minhas configura\u00e7\u00f5es\u201d;<\/li><li>Marque \u201cSites podem definir cookies\u201d para ativar Cookies ou desmarque para desativ\u00e1-los.<\/li><\/ul><p><strong><br \/>EM NAVEGADORES DO SEU DISPOSITIVO M\u00d3VEL:<\/strong><\/p><ul><li>Em dispositivos Apple como iPhone e iPad<\/li><li>Para modificar os ajustes de seguran\u00e7a, toque em Ajustes &gt; Safari;<\/li><li>Para definir se o Safari bloqueia cookies, toque em Bloquear Cookies e escolha &#8220;Nunca&#8221;, &#8220;De terceiros e anunciantes&#8221; ou &#8220;Sempre&#8221;.<\/li><\/ul><p><strong><br \/>Em dispositivo Android<\/strong><\/p><ul><li>Abra o navegador padr\u00e3o do seu dispositivo Android;<\/li><li>Uma vez que o navegador abrir, clique o bot\u00e3o de Menu do seu telefone;<\/li><li>Selecione \u201cMais op\u00e7\u00f5es\u201d;<\/li><li>Selecione a op\u00e7\u00e3o \u201cConfigura\u00e7\u00f5es\u201d, no menu \u201cMais op\u00e7\u00f5es\u201d;<\/li><li>Des\u00e7a pela lista apresentada at\u00e9 encontrar a op\u00e7\u00e3o \u201cAceitar cookies\u201d. Clique nesta op\u00e7\u00e3o para alterar para \u201cN\u00e3o aceitar cookies\u201d.<\/li><\/ul>\t\t\t\t\t\t\t\t<\/div>\n\t\t\t\t<\/div>\n\t\t\t\t\t<\/div>\n\t\t<\/div>\n\t\t\t\t\t<\/div>\n\t\t<\/section>\n\t\t\t\t<\/div>\n\t\t","protected":false},"excerpt":{"rendered":"<p>Pol\u00edtica de Cookies \u201cCookies\u201d&nbsp;\u00e9&nbsp;um termo que se refere&nbsp;a um recurso padr\u00e3o encontrado em seu navegador de Internet (Ex.: Explorer, Crome,&nbsp;Firefox,&nbsp;Safari etc.), que individualiza a navega\u00e7\u00e3o de cada usu\u00e1rio. Por conta disso, um n\u00famero de identifica\u00e7\u00e3o an\u00f4nimo e aleat\u00f3rio fica registrado em seu computador. Os &#8216;cookies&#8217; identificam apenas o equipamento usado para acessar os nossos sites [&hellip;]<\/p>\n","protected":false},"author":1,"featured_media":0,"parent":0,"menu_order":0,"comment_status":"closed","ping_status":"closed","template":"elementor_header_footer","meta":{"_acf_changed":false,"_monsterinsights_skip_tracking":false,"_monsterinsights_sitenote_active":false,"_monsterinsights_sitenote_note":"","_monsterinsights_sitenote_category":0,"_joinchat":[],"footnotes":""},"class_list":["post-626","page","type-page","status-publish","hentry"],"aioseo_notices":[],"acf":[],"_links":{"self":[{"href":"https:\/\/mundodacachaca.pt\/pt\/wp-json\/wp\/v2\/pages\/626","targetHints":{"allow":["GET"]}}],"collection":[{"href":"https:\/\/mundodacachaca.pt\/pt\/wp-json\/wp\/v2\/pages"}],"about":[{"href":"https:\/\/mundodacachaca.pt\/pt\/wp-json\/wp\/v2\/types\/page"}],"author":[{"embeddable":true,"href":"https:\/\/mundodacachaca.pt\/pt\/wp-json\/wp\/v2\/users\/1"}],"replies":[{"embeddable":true,"href":"https:\/\/mundodacachaca.pt\/pt\/wp-json\/wp\/v2\/comments?post=626"}],"version-history":[{"count":1,"href":"https:\/\/mundodacachaca.pt\/pt\/wp-json\/wp\/v2\/pages\/626\/revisions"}],"predecessor-version":[{"id":7893,"href":"https:\/\/mundodacachaca.pt\/pt\/wp-json\/wp\/v2\/pages\/626\/revisions\/7893"}],"wp:attachment":[{"href":"https:\/\/mundodacachaca.pt\/pt\/wp-json\/wp\/v2\/media?parent=626"}],"curies":[{"name":"wp","href":"https:\/\/api.w.org\/{rel}","templated":true}]}}