{"id":161,"date":"2020-12-14T22:10:16","date_gmt":"2020-12-14T22:10:16","guid":{"rendered":"https:\/\/darkgray-okapi-906744.hostingersite.com\/?post_type=product&#038;p=161"},"modified":"2026-02-24T10:22:21","modified_gmt":"2026-02-24T10:22:21","slug":"cachaca-de-alambique-canabella-ouro-700ml","status":"publish","type":"product","link":"https:\/\/mundodacachaca.pt\/pt\/produto\/cachaca-de-alambique-canabella-ouro-700ml\/","title":{"rendered":"Cacha\u00e7a de Alambique Canabella Ouro 700ml"},"content":{"rendered":"","protected":false},"excerpt":{"rendered":"<p><strong><em>Promo\u00e7\u00e3o V\u00e1lida entre os dias 03\/12\/24 \u00e0 27\/12\/24 ou at\u00e9 o estoque terminar.<\/em>\u00a0<\/strong><\/p>\n<p>Produzida em um dos alambiques mais modernos do Brasil, a <strong>Canabella Ouro<\/strong> \u00e9 um blend composto de cacha\u00e7as armazenadas por at\u00e9 tr\u00eas anos em ton\u00e9is de Jequitib\u00e1, Amburana e Castanheira, com gradua\u00e7\u00e3o alco\u00f3lica de 40% VOL. Sua excelente qualidade j\u00e1 foi comprovada mediante a obten\u00e7\u00e3o da Medalha de Ouro no Concurso Mundial de Bruxelas 2018.<\/p>\n","protected":false},"featured_media":35,"comment_status":"open","ping_status":"closed","template":"","meta":{"_acf_changed":false,"_monsterinsights_skip_tracking":false,"_monsterinsights_sitenote_active":false,"_monsterinsights_sitenote_note":"","_monsterinsights_sitenote_category":0,"_joinchat":[]},"product_cat":[237,217,218,307],"product_tag":[233,20,62,21],"class_list":{"0":"post-161","1":"product","2":"type-product","3":"status-publish","4":"has-post-thumbnail","6":"product_cat-700ml","7":"product_cat-cachaca","8":"product_cat-envelhecida","9":"product_cat-promocoes","10":"product_tag-700ml","11":"product_tag-cachaca","12":"product_tag-canabella","13":"product_tag-envelhecida","14":"pa_categoria-envelhecida","15":"pa_graduacao_alcoolica-45","16":"pa_madeira-blend_jequitiba_amburana_castanheira","17":"pa_origem-_paraibuna","18":"pa_tempo_envelhecimento-3anos","19":"pa_volume-700ml","21":"first","22":"instock","23":"sale","24":"taxable","25":"shipping-taxable","26":"purchasable","27":"product-type-simple","swatches":"rey-swatches","show_selected":""},"aioseo_notices":[],"acf":[],"_links":{"self":[{"href":"https:\/\/mundodacachaca.pt\/pt\/wp-json\/wp\/v2\/product\/161","targetHints":{"allow":["GET"]}}],"collection":[{"href":"https:\/\/mundodacachaca.pt\/pt\/wp-json\/wp\/v2\/product"}],"about":[{"href":"https:\/\/mundodacachaca.pt\/pt\/wp-json\/wp\/v2\/types\/product"}],"replies":[{"embeddable":true,"href":"https:\/\/mundodacachaca.pt\/pt\/wp-json\/wp\/v2\/comments?post=161"}],"version-history":[{"count":2,"href":"https:\/\/mundodacachaca.pt\/pt\/wp-json\/wp\/v2\/product\/161\/revisions"}],"predecessor-version":[{"id":7852,"href":"https:\/\/mundodacachaca.pt\/pt\/wp-json\/wp\/v2\/product\/161\/revisions\/7852"}],"wp:featuredmedia":[{"embeddable":true,"href":"https:\/\/mundodacachaca.pt\/pt\/wp-json\/wp\/v2\/media\/35"}],"wp:attachment":[{"href":"https:\/\/mundodacachaca.pt\/pt\/wp-json\/wp\/v2\/media?parent=161"}],"wp:term":[{"taxonomy":"product_cat","embeddable":true,"href":"https:\/\/mundodacachaca.pt\/pt\/wp-json\/wp\/v2\/product_cat?post=161"},{"taxonomy":"product_tag","embeddable":true,"href":"https:\/\/mundodacachaca.pt\/pt\/wp-json\/wp\/v2\/product_tag?post=161"}],"curies":[{"name":"wp","href":"https:\/\/api.w.org\/{rel}","templated":true}]}}