{"id":162,"date":"2020-12-14T22:12:47","date_gmt":"2020-12-14T22:12:47","guid":{"rendered":"https:\/\/darkgray-okapi-906744.hostingersite.com\/?post_type=product&#038;p=162"},"modified":"2026-02-24T10:21:53","modified_gmt":"2026-02-24T10:21:53","slug":"cachaca-de-alambique-canabella-prata-700ml","status":"publish","type":"product","link":"https:\/\/mundodacachaca.pt\/pt\/produto\/cachaca-de-alambique-canabella-prata-700ml\/","title":{"rendered":"Cacha\u00e7a de Alambique Canabella Prata 700ml"},"content":{"rendered":"","protected":false},"excerpt":{"rendered":"<p>\u00c9 a tradicional cacha\u00e7a brasileira, muito utilizada para a verdadeira caipirinha nacional. Podendo tamb\u00e9m ser consumida pura.<\/p>\n","protected":false},"featured_media":36,"comment_status":"open","ping_status":"closed","template":"","meta":{"_acf_changed":false,"_monsterinsights_skip_tracking":false,"_monsterinsights_sitenote_active":false,"_monsterinsights_sitenote_note":"","_monsterinsights_sitenote_category":0,"_joinchat":[]},"product_cat":[237,220,217,307],"product_tag":[233,23,20,62],"class_list":{"0":"post-162","1":"product","2":"type-product","3":"status-publish","4":"has-post-thumbnail","6":"product_cat-700ml","7":"product_cat-brancas","8":"product_cat-cachaca","9":"product_cat-promocoes","10":"product_tag-700ml","11":"product_tag-branca_prata","12":"product_tag-cachaca","13":"product_tag-canabella","14":"pa_categoria-branca_prata","15":"pa_graduacao_alcoolica-45","16":"pa_origem-_paraibuna","17":"pa_volume-700ml","19":"first","20":"instock","21":"sale","22":"taxable","23":"shipping-taxable","24":"purchasable","25":"product-type-simple","swatches":"rey-swatches","show_selected":""},"aioseo_notices":[],"acf":[],"_links":{"self":[{"href":"https:\/\/mundodacachaca.pt\/pt\/wp-json\/wp\/v2\/product\/162","targetHints":{"allow":["GET"]}}],"collection":[{"href":"https:\/\/mundodacachaca.pt\/pt\/wp-json\/wp\/v2\/product"}],"about":[{"href":"https:\/\/mundodacachaca.pt\/pt\/wp-json\/wp\/v2\/types\/product"}],"replies":[{"embeddable":true,"href":"https:\/\/mundodacachaca.pt\/pt\/wp-json\/wp\/v2\/comments?post=162"}],"version-history":[{"count":1,"href":"https:\/\/mundodacachaca.pt\/pt\/wp-json\/wp\/v2\/product\/162\/revisions"}],"predecessor-version":[{"id":7701,"href":"https:\/\/mundodacachaca.pt\/pt\/wp-json\/wp\/v2\/product\/162\/revisions\/7701"}],"wp:featuredmedia":[{"embeddable":true,"href":"https:\/\/mundodacachaca.pt\/pt\/wp-json\/wp\/v2\/media\/36"}],"wp:attachment":[{"href":"https:\/\/mundodacachaca.pt\/pt\/wp-json\/wp\/v2\/media?parent=162"}],"wp:term":[{"taxonomy":"product_cat","embeddable":true,"href":"https:\/\/mundodacachaca.pt\/pt\/wp-json\/wp\/v2\/product_cat?post=162"},{"taxonomy":"product_tag","embeddable":true,"href":"https:\/\/mundodacachaca.pt\/pt\/wp-json\/wp\/v2\/product_tag?post=162"}],"curies":[{"name":"wp","href":"https:\/\/api.w.org\/{rel}","templated":true}]}}