{"id":5852,"date":"2021-08-17T19:02:05","date_gmt":"2021-08-17T18:02:05","guid":{"rendered":"https:\/\/darkgray-okapi-906744.hostingersite.com\/?post_type=product&#038;p=5852"},"modified":"2024-12-28T23:01:34","modified_gmt":"2024-12-28T23:01:34","slug":"cachaca-de-minas-amburana-carvalho-700ml","status":"publish","type":"product","link":"https:\/\/mundodacachaca.pt\/pt\/produto\/cachaca-de-minas-amburana-carvalho-700ml\/","title":{"rendered":"Cacha\u00e7a de Alambique Amburana Carvalho 700ml"},"content":{"rendered":"","protected":false},"excerpt":{"rendered":"<p><strong><em>Promo\u00e7\u00e3o V\u00e1lida entre os dias 03\/12\/24 \u00e0 27\/12\/24 ou at\u00e9 o estoque terminar.<\/em>\u00a0<\/strong><\/p>\n<p>Produzida na cidade de Inconfidentes no estado de Minas Gerais no Caminho da F\u00e9, em alambiques de cobre e envelhecida em barris de Carvalho Europeu por 2 anos.<\/p>\n","protected":false},"featured_media":6154,"comment_status":"closed","ping_status":"closed","template":"","meta":{"_acf_changed":false,"_monsterinsights_skip_tracking":false,"_monsterinsights_sitenote_active":false,"_monsterinsights_sitenote_note":"","_monsterinsights_sitenote_category":0,"_joinchat":[]},"product_cat":[237,217,218,307,234],"product_tag":[70,21,242],"class_list":{"0":"post-5852","1":"product","2":"type-product","3":"status-publish","4":"has-post-thumbnail","6":"product_cat-700ml","7":"product_cat-cachaca","8":"product_cat-envelhecida","9":"product_cat-promocoes","10":"product_cat-volume","11":"product_tag-carvalho","12":"product_tag-envelhecida","13":"product_tag-minas-gerais","14":"pa_categoria-envelhecida","15":"pa_graduacao_alcoolica-240","16":"pa_madeira-carvalho","17":"pa_origem-inconfidentes-minas-gerais","18":"pa_tempo_envelhecimento-2anos","19":"pa_volume-700ml","21":"first","22":"instock","23":"taxable","24":"shipping-taxable","25":"purchasable","26":"product-type-simple","swatches":"rey-swatches","show_selected":""},"aioseo_notices":[],"acf":[],"_links":{"self":[{"href":"https:\/\/mundodacachaca.pt\/pt\/wp-json\/wp\/v2\/product\/5852","targetHints":{"allow":["GET"]}}],"collection":[{"href":"https:\/\/mundodacachaca.pt\/pt\/wp-json\/wp\/v2\/product"}],"about":[{"href":"https:\/\/mundodacachaca.pt\/pt\/wp-json\/wp\/v2\/types\/product"}],"replies":[{"embeddable":true,"href":"https:\/\/mundodacachaca.pt\/pt\/wp-json\/wp\/v2\/comments?post=5852"}],"version-history":[{"count":2,"href":"https:\/\/mundodacachaca.pt\/pt\/wp-json\/wp\/v2\/product\/5852\/revisions"}],"predecessor-version":[{"id":7853,"href":"https:\/\/mundodacachaca.pt\/pt\/wp-json\/wp\/v2\/product\/5852\/revisions\/7853"}],"wp:featuredmedia":[{"embeddable":true,"href":"https:\/\/mundodacachaca.pt\/pt\/wp-json\/wp\/v2\/media\/6154"}],"wp:attachment":[{"href":"https:\/\/mundodacachaca.pt\/pt\/wp-json\/wp\/v2\/media?parent=5852"}],"wp:term":[{"taxonomy":"product_cat","embeddable":true,"href":"https:\/\/mundodacachaca.pt\/pt\/wp-json\/wp\/v2\/product_cat?post=5852"},{"taxonomy":"product_tag","embeddable":true,"href":"https:\/\/mundodacachaca.pt\/pt\/wp-json\/wp\/v2\/product_tag?post=5852"}],"curies":[{"name":"wp","href":"https:\/\/api.w.org\/{rel}","templated":true}]}}