{"id":6696,"date":"2022-10-17T10:14:44","date_gmt":"2022-10-17T09:14:44","guid":{"rendered":"https:\/\/darkgray-okapi-906744.hostingersite.com\/?post_type=product&#038;p=6696"},"modified":"2026-02-24T10:17:25","modified_gmt":"2026-02-24T10:17:25","slug":"cachaca-de-alambique-caboclinha-prata-700ml","status":"publish","type":"product","link":"https:\/\/mundodacachaca.pt\/pt\/produto\/cachaca-de-alambique-caboclinha-prata-700ml\/","title":{"rendered":"Cacha\u00e7a de Alambique Caboclinha Prata 700ml"},"content":{"rendered":"<p>Cacha\u00e7a branca<\/p>\n","protected":false},"excerpt":{"rendered":"<p>Cacha\u00e7a branca, frutada, aroma equilibrado de cana. Na boca traz acidez equilibrada e leve do\u00e7or remanescente da cana de a\u00e7\u00facar. Eleita uma das 250 cacha\u00e7as mais queridas do Brasil em 3 rankings da Cupula da Cacha\u00e7a.<\/p>\n","protected":false},"featured_media":6816,"comment_status":"open","ping_status":"closed","template":"","meta":{"_acf_changed":false,"_monsterinsights_skip_tracking":false,"_monsterinsights_sitenote_active":false,"_monsterinsights_sitenote_note":"","_monsterinsights_sitenote_category":0,"_joinchat":[]},"product_cat":[237,220,217,307],"product_tag":[233,265,268,264,266,267],"class_list":{"0":"post-6696","1":"product","2":"type-product","3":"status-publish","4":"has-post-thumbnail","6":"product_cat-700ml","7":"product_cat-brancas","8":"product_cat-cachaca","9":"product_cat-promocoes","10":"product_tag-700ml","11":"product_tag-caboclinha","12":"product_tag-mundo-da-cachaca","13":"product_tag-prata","14":"product_tag-rio-de-janeiro","15":"product_tag-rj","16":"pa_graduacao_alcoolica-240","17":"pa_origem-toledo-minas-gerais","18":"pa_volume-700ml","20":"first","21":"instock","22":"sale","23":"taxable","24":"shipping-taxable","25":"purchasable","26":"product-type-simple","swatches":"rey-swatches","show_selected":""},"aioseo_notices":[],"acf":[],"_links":{"self":[{"href":"https:\/\/mundodacachaca.pt\/pt\/wp-json\/wp\/v2\/product\/6696","targetHints":{"allow":["GET"]}}],"collection":[{"href":"https:\/\/mundodacachaca.pt\/pt\/wp-json\/wp\/v2\/product"}],"about":[{"href":"https:\/\/mundodacachaca.pt\/pt\/wp-json\/wp\/v2\/types\/product"}],"replies":[{"embeddable":true,"href":"https:\/\/mundodacachaca.pt\/pt\/wp-json\/wp\/v2\/comments?post=6696"}],"version-history":[{"count":1,"href":"https:\/\/mundodacachaca.pt\/pt\/wp-json\/wp\/v2\/product\/6696\/revisions"}],"predecessor-version":[{"id":7699,"href":"https:\/\/mundodacachaca.pt\/pt\/wp-json\/wp\/v2\/product\/6696\/revisions\/7699"}],"wp:featuredmedia":[{"embeddable":true,"href":"https:\/\/mundodacachaca.pt\/pt\/wp-json\/wp\/v2\/media\/6816"}],"wp:attachment":[{"href":"https:\/\/mundodacachaca.pt\/pt\/wp-json\/wp\/v2\/media?parent=6696"}],"wp:term":[{"taxonomy":"product_cat","embeddable":true,"href":"https:\/\/mundodacachaca.pt\/pt\/wp-json\/wp\/v2\/product_cat?post=6696"},{"taxonomy":"product_tag","embeddable":true,"href":"https:\/\/mundodacachaca.pt\/pt\/wp-json\/wp\/v2\/product_tag?post=6696"}],"curies":[{"name":"wp","href":"https:\/\/api.w.org\/{rel}","templated":true}]}}